{"id":1476,"date":"2025-12-15T07:42:00","date_gmt":"2025-12-15T07:42:00","guid":{"rendered":"https:\/\/magnetic-slots.org\/login-and-registration\/"},"modified":"2025-12-15T13:25:43","modified_gmt":"2025-12-15T13:25:43","slug":"logowanie-i-rejestracja","status":"publish","type":"page","link":"https:\/\/magnetic-slots.org\/pl\/logowanie-i-rejestracja\/","title":{"rendered":"Logowanie i rejestracja"},"content":{"rendered":"<h1>Logowanie do Magneticslots: szybka rejestracja i zarz\u0105dzanie kontem<\/h1>\n<p>Magneticslots login to wygodny i kreatywny spos\u00f3b na wej\u015bcie do naszego kasyna online. Staramy si\u0119 utrzyma\u0107 wysok\u0105 jako\u015b\u0107 rozrywki, uczciwo\u015b\u0107 i bezpiecze\u0144stwo. Poniewa\u017c chcemy pokaza\u0107 Pa\u0144stwu ca\u0142\u0105 nasz\u0105 fantastyczn\u0105, szerok\u0105 gam\u0119 gier, wygodne systemy p\u0142atno\u015bci i bardzo responsywn\u0105 obs\u0142ug\u0119 klienta, w Magneticslots Casino zrobimy wszystko, aby zagwarantowa\u0107 przyjemne wra\u017cenia z gry wszystkim naszym nowym i do\u015bwiadczonym graczom z Polski.<\/p>\n<p><div class=\"banner-wrap\" aria-label=\"Banner\"><img src=\"https:\/\/magnetic-slots.org\/wp-content\/uploads\/2025\/12\/header-bg-1.webp\" class=\"w-100 d-none d-lg-block img-pc main-banner-img\" alt=\"MagneticSlots desktop banner\" fetchpriority=\"high\" decoding=\"async\"><img src=\"https:\/\/magnetic-slots.org\/wp-content\/uploads\/2025\/12\/MagneticSlots-mobile-banner.webp\" class=\"w-100 d-none d-md-block d-lg-none main-banner-img\" alt=\"MagneticSlots mobile banner\" fetchpriority=\"high\" decoding=\"async\"><img src=\"https:\/\/magnetic-slots.org\/wp-content\/uploads\/2025\/12\/MagneticSlots-mobile-banner.webp\" class=\"w-100 d-md-none\" alt=\"MagneticSlots mobile banner\" fetchpriority=\"high\" decoding=\"async\"><div class=\"banner-description\">\n<div class=\"banner-title\">Bonusy powitalne<\/div>\n<p class=\"banner-header-title\">1500 \u20ac<\/p>\n<div class=\"banner-header-AdditionalText\">+ 250 Darmowe spiny<\/div>\n<button data-item=\"homepage_banner_link\" class=\"goto m-button m-gradient-border m-button--primary m-button--large banner-button btn-orange\">\n            <div class=\"m-button-content\">\n                <span>Zarejestruj si\u0119 teraz<\/span>\n                <span><\/span>\n            <\/div>\n        <\/button>\n<\/div>\n<div class=\"WelcomePack\">\n<p><img loading=\"lazy\" decoding=\"async\" class=\"alignnone wp-image-1338 size-full\" src=\"https:\/\/magnetic-slots.org\/wp-content\/uploads\/2025\/12\/welcome-crown.svg\" alt=\"crown\" width=\"25\" height=\"26\" \/><\/p>\n<div class=\"WelcomePack-Info\">Cotygodniowy zwrot got\u00f3wki do 25%<\/div>\n<p><img loading=\"lazy\" decoding=\"async\" class=\"alignnone size-full wp-image-1338\" src=\"https:\/\/magnetic-slots.org\/wp-content\/uploads\/2025\/12\/welcome-crown.svg\" alt=\"crown\" width=\"25\" height=\"26\" \/><\/p>\n<\/div>\n<\/div><div class=\"scrollable-content-wrap my-5\"><div class=\"scrollable-content-inner\"><h2>Logowanie do Magneticslots: rejestracja nowego gracza<\/h2>\n<p>Logowanie do Magneticslots zosta\u0142o stworzone z my\u015bl\u0105 o Twojej wygodzie. Jest to bezpieczny i skuteczny punkt wej\u015bcia do pe\u0142noprawnego kasyna online. Nasza platforma oferuje wysokie bezpiecze\u0144stwo, \u0142atw\u0105 rejestracj\u0119 dla wszystkich os\u00f3b powy\u017cej 18 roku \u017cycia oraz wieloj\u0119zyczn\u0105 obs\u0142ug\u0119 graczy, kt\u00f3rzy potrzebuj\u0105 dobrego i bezpiecznego po\u0142\u0105czenia do gry. Nawigacja po kasynie online jest bardzo prosta. W kasynie Magneticslots dbamy o to, aby\u015b mia\u0142 kontrol\u0119 nad tym, w co grasz, i aby\u015b m\u00f3g\u0142 bezpiecznie si\u0119 bawi\u0107 i wygrywa\u0107 pieni\u0105dze.<\/p>\n<h2>Utw\u00f3rz swoje konto Magnetic Slots<\/h2>\n<p>Rejestracja w naszym niesamowitym kasyno Magneticslots otwiera wiele mo\u017cliwo\u015bci gry. Twoje konto odblokuje ponad 6000 gier kasynowych, w tym automaty, gry sto\u0142owe i gry z krupierami na \u017cywo. Ponadto dzi\u0119ki rejestracji gracze maj\u0105 mo\u017cliwo\u015b\u0107 wygrywania bonus\u00f3w, udzia\u0142u w turniejach, dokonywania wp\u0142at i wyp\u0142at oraz aktywowania swoich profili graczy. Sprawili\u015bmy, \u017ce rejestracja jest tak wygodna i bezpieczna, jak to tylko mo\u017cliwe, aby umo\u017cliwi\u0107 szybki dost\u0119p do gier.<\/p>\n<p>Proces rejestracji w kasynie Magnetic Slots jest bardzo prosty. Aby do\u0142\u0105czy\u0107 do naszej platformy, wykonaj nast\u0119puj\u0105ce kroki:<\/p>\n<ol>\n<li>Przejd\u017a do Magneticslots strony g\u0142\u00f3wnej.<\/li>\n<li>Znajd\u017a przycisk \u201eZarejestruj si\u0119\u201d.<\/li>\n<li>Naci\u015bnij przycisk, aby wy\u015bwietli\u0107 formularz rejestracyjny.<\/li>\n<li>Wprowad\u017a sw\u00f3j prawid\u0142owy adres e-mail i wymy\u015bl silne has\u0142o. Aby zwi\u0119kszy\u0107 bezpiecze\u0144stwo, zaleca si\u0119 stosowanie kombinacji ma\u0142ych i wielkich liter, cyfr oraz symboli. Nie zaniedbuj tego.<\/li>\n<li>Zapoznaj si\u0119 z warunkami i wyra\u017a zgod\u0119 na nie, upewniaj\u0105c si\u0119, \u017ce jeste\u015b pe\u0142noletni. Po\u015bwi\u0119\u0107 troch\u0119 czasu na przeczytanie wszystkich informacji.<\/li>\n<li>Kliknij odpowiedni przycisk, aby przes\u0142a\u0107 formularz rejestracyjny.<\/li>\n<li>Potwierd\u017a sw\u00f3j adres e-mail, klikaj\u0105c link potwierdzaj\u0105cy wys\u0142any na Twoj\u0105 skrzynk\u0119 odbiorcz\u0105 i aktywuj swoje konto.<\/li>\n<\/ol>\n<p>Dodatkowe dane osobowe, takie jak imi\u0119 i nazwisko, data urodzenia oraz adres zamieszkania, mo\u017cna poda\u0107 p\u00f3\u017aniej w ustawieniach konta. Umo\u017cliwia to szybk\u0105 pierwsz\u0105 rejestracj\u0119 na platformie i natychmiastowy dost\u0119p do jej funkcji.<\/p>\n<h2>Logowanie do Magnetic Slots<\/h2>\n<p>Po zarejestrowaniu si\u0119 mo\u017cna \u0142atwo i bezpiecznie zalogowa\u0107 si\u0119 na swoje konto Magnetic Slots. Wykonaj nast\u0119puj\u0105ce czynno\u015bci:<\/p>\n<ol>\n<li>Przejd\u017a do g\u00f3rnego rogu Magnetic Slots.<\/li>\n<li>W prawym g\u00f3rnym rogu znajduje si\u0119 przycisk z napisem \u201eZaloguj si\u0119\u201d (tu\u017c obok przycisku rejestracji).<\/li>\n<li>Wpisz sw\u00f3j adres e-mail i has\u0142o, kt\u00f3re poda\u0142e\u015b podczas rejestracji.<\/li>\n<li>Zako\u0144cz proces weryfikacji, wpisuj\u0105c kod otrzymany na telefon kom\u00f3rkowy lub w aplikacji uwierzytelniaj\u0105cej.<\/li>\n<li>Kliknij ikon\u0119 konta, aby zako\u0144czy\u0107 logowanie do serwisu Magneticslots. Ponownie znalaz\u0142e\u015b si\u0119 w systemie!<\/li>\n<\/ol>\n<p>Na swoim koncie mo\u017cesz wykonywa\u0107 wiele czynno\u015bci, takich jak zarz\u0105dzanie informacjami profilowymi, wp\u0142atami, wygranymi, wyp\u0142atami oraz przegl\u0105danie historii transakcji. Strona internetowa jest dobrze zorganizowana i \u0142atwa w nawigacji, dzi\u0119ki czemu mo\u017cesz po\u015bwi\u0119ci\u0107 sw\u00f3j czas na granie w ulubione gry.<\/p>\n<h3>Nie pami\u0119tasz has\u0142a?<\/h3>\n<p>Czasami si\u0119 to zdarza. Je\u015bli zapomnia\u0142e\u015b has\u0142a, przy przycisku Magneticslots login mo\u017cesz klikn\u0105\u0107 \u201eNie pami\u0119tasz has\u0142a?\u201d, a nasz zesp\u00f3\u0142 pomocy technicznej zostanie poinformowany o Twoim problemie. W skrzynce odbiorczej znajdziesz wiadomo\u015b\u0107 e-mail od nas z instrukcj\u0105 wykonania prostych krok\u00f3w, kt\u00f3re pozwol\u0105 Ci bez problemu powr\u00f3ci\u0107 na nasz\u0105 platform\u0119.<\/p>\n<h3>Magnetic Slots Casino: zabezpieczanie i weryfikacja kont<\/h3>\n<p>Kasyno Magneticslots jest renomowan\u0105 platform\u0105, a Twoje bezpiecze\u0144stwo jest dla nas priorytetem. Robimy wszystko, aby chroni\u0107 Ci\u0119 w naszej cyberprzestrzeni. Zabezpieczamy Twoje dane w momencie ich przesy\u0142ania za pomoc\u0105 mechanizmu szyfrowania SSL. Ponadto gracze mog\u0105 w\u0142\u0105czy\u0107 uwierzytelnianie dwusk\u0142adnikowe (2FA), aby uzyska\u0107 wi\u0119ksze bezpiecze\u0144stwo. Procedura uwierzytelniania wymaga dostarczenia autentycznych dokument\u00f3w (dowod\u00f3w to\u017csamo\u015bci), a nasz zesp\u00f3\u0142 pomocy technicznej rozpatrzy je w ci\u0105gu 48 godzin. Jest to konieczne w celu sprawdzenia to\u017csamo\u015bci u\u017cytkownika, zapobiegania oszustwom i u\u0142atwienia transakcji wyp\u0142at.<\/p>\n<table>\n<tbody>\n<tr>\n<td>Rodzaj ochrony<\/td>\n<td>Szczeg\u00f3\u0142y<\/td>\n<\/tr>\n<tr>\n<td>Bezpiecze\u0144stwo platformy<\/td>\n<td>Szyfrowanie SSL, uwierzytelnianie dwusk\u0142adnikowe (2FA), procedury weryfikacyjne, zgodno\u015b\u0107 z RODO, certyfikowany generator liczb losowych (RNG) oraz licencja wydana przez Cura\u00e7ao.<\/td>\n<\/tr>\n<tr>\n<td>Obs\u0142uga klienta<\/td>\n<td>Wieloj\u0119zyczna obs\u0142uga klienta, czat na \u017cywo oraz pomoc przez e-mail 24 godziny na dob\u0119, 7 dni w tygodniu<\/td>\n<\/tr>\n<tr>\n<td>Wymagania dotycz\u0105ce rejestracji<\/td>\n<td>Prawid\u0142owy adres e-mail, \u015bcis\u0142a weryfikacja wieku i dane osobowe podczas rejestracji<\/td>\n<\/tr>\n<tr>\n<td>Proces weryfikacji<\/td>\n<td>Przesy\u0142anie dokument\u00f3w do przegl\u0105du<\/td>\n<\/tr>\n<\/tbody>\n<\/table>\n<h2>Cz\u0119sto zadawane pytania<\/h2>\n<h3>Jak zako\u0144czy\u0107 proces weryfikacji konta?<\/h3>\n<p>Weryfikacja Magneticslots casino akceptuje za\u0142\u0105czone kopie wa\u017cnych dokument\u00f3w potwierdzaj\u0105cych to\u017csamo\u015b\u0107, np. dow\u00f3d osobisty lub potwierdzenie adresu zamieszkania. Nasz zesp\u00f3\u0142 pomocy technicznej przetwarza zg\u0142oszenia w ci\u0105gu 48 godzin, a nast\u0119pnie u\u017cytkownik zostanie powiadomiony lub poinformowany o konieczno\u015bci podj\u0119cia dalszych dzia\u0142a\u0144. Transakcje wyp\u0142aty \u015brodk\u00f3w i zabezpieczenie konta s\u0105 mo\u017cliwe wy\u0142\u0105cznie po weryfikacji.<\/p>\n<h3>Jak zaktualizowa\u0107 has\u0142o lub adres e-mail?<\/h3>\n<p>Zarz\u0105dzanie ustawieniami konta pozwala na zmian\u0119 has\u0142a lub adresu e-mail. Przejd\u017a do sekcji profilu, wybierz opcj\u0119 aktualizacji i potwierd\u017a zmiany. Na swoim koncie mo\u017cesz zarz\u0105dza\u0107 wszystkim. Aby zapewni\u0107 bezpiecze\u0144stwo, mo\u017ce by\u0107 konieczne ponowne sprawdzenie adresu e-mail lub uwierzytelnienie dwusk\u0142adnikowe w celu zmiany adresu e-mail lub has\u0142a.<\/p>\n<h3>Co nale\u017cy zrobi\u0107, je\u015bli moje konto zosta\u0142o zablokowane?<\/h3>\n<p>Najpierw spr\u00f3buj wykona\u0107 logowanie do Magneticslots. Je\u015bli to nie zadzia\u0142a, w przypadku zablokowania konta nie mo\u017cesz nic zrobi\u0107 samodzielnie; mo\u017cesz jedynie skontaktowa\u0107 si\u0119 z naszym zespo\u0142em pomocy technicznej za po\u015brednictwem czatu na \u017cywo lub poczty elektronicznej, aby\u015bmy mogli Ci pom\u00f3c. W celu odblokowania konta i odzyskania dost\u0119pu mo\u017cna zastosowa\u0107 uwierzytelnianie to\u017csamo\u015bci.<\/p>\n<h3>Jak zamkn\u0105\u0107 lub tymczasowo zawiesi\u0107 swoje konto?<\/h3>\n<p>Je\u015bli nagle zechcesz zamkn\u0105\u0107 lub zamrozi\u0107 swoje konto w kasynie Magneticslots, wy\u015blij pro\u015bb\u0119 poprzez ustawienia, aby skontaktowa\u0107 si\u0119 z obs\u0142ug\u0105 klienta. Nasz zesp\u00f3\u0142 przeprowadzi Ci\u0119 przez ten proces, aby Twoje dane zosta\u0142y przetworzone w odpowiedni spos\u00f3b.<\/p>\n<\/div><\/div><\/p>\n","protected":false},"excerpt":{"rendered":"<p>Logowanie do Magneticslots: szybka rejestracja i zarz\u0105dzanie kontem Magneticslots login to wygodny i kreatywny spos\u00f3b na wej\u015bcie do naszego kasyna online. Staramy si\u0119 utrzyma\u0107 wysok\u0105 jako\u015b\u0107 rozrywki, uczciwo\u015b\u0107 i bezpiecze\u0144stwo. Poniewa\u017c chcemy pokaza\u0107 Pa\u0144stwu ca\u0142\u0105 nasz\u0105 fantastyczn\u0105, szerok\u0105 gam\u0119 gier, wygodne systemy p\u0142atno\u015bci i bardzo responsywn\u0105 obs\u0142ug\u0119 klienta, w Magneticslots Casino zrobimy wszystko, aby zagwarantowa\u0107 [&hellip;]<\/p>\n","protected":false},"author":1,"featured_media":0,"parent":0,"menu_order":0,"comment_status":"closed","ping_status":"closed","template":"template-builder.php","meta":{"_acf_changed":false,"inline_featured_image":false,"footnotes":""},"class_list":["post-1476","page","type-page","status-publish","hentry"],"acf":[],"yoast_head":"<!-- This site is optimized with the Yoast SEO plugin v27.3 - https:\/\/yoast.com\/product\/yoast-seo-wordpress\/ -->\n<title>Magneticslots Login \u2013 Rejestracja i dost\u0119p do konta<\/title>\n<meta name=\"description\" content=\"\u0141atwo tw\u00f3rz, zarz\u0105dzaj i weryfikuj swoje konto w kasynie Magneticslots dzi\u0119ki szybkiej rejestracji, p\u0142ynnemu odzyskiwaniu konta i bezpiecznemu zamykaniu konta, zapewniaj\u0105c ochron\u0119 24\/7 poprzez Magneticslots Login.\" \/>\n<meta name=\"robots\" content=\"index, follow, max-snippet:-1, max-image-preview:large, max-video-preview:-1\" \/>\n<link rel=\"canonical\" href=\"https:\/\/magnetic-slots.org\/pl\/logowanie-i-rejestracja\/\" \/>\n<meta property=\"og:locale\" content=\"pl_PL\" \/>\n<meta property=\"og:type\" content=\"article\" \/>\n<meta property=\"og:title\" content=\"Magneticslots Login \u2013 Rejestracja i dost\u0119p do konta\" \/>\n<meta property=\"og:description\" content=\"\u0141atwo tw\u00f3rz, zarz\u0105dzaj i weryfikuj swoje konto w kasynie Magneticslots dzi\u0119ki szybkiej rejestracji, p\u0142ynnemu odzyskiwaniu konta i bezpiecznemu zamykaniu konta, zapewniaj\u0105c ochron\u0119 24\/7 poprzez Magneticslots Login.\" \/>\n<meta property=\"og:url\" content=\"https:\/\/magnetic-slots.org\/pl\/logowanie-i-rejestracja\/\" \/>\n<meta property=\"og:site_name\" content=\"magnetic-slots\" \/>\n<meta property=\"article:modified_time\" content=\"2025-12-15T13:25:43+00:00\" \/>\n<meta name=\"twitter:card\" content=\"summary_large_image\" \/>\n<meta name=\"twitter:label1\" content=\"Est. reading time\" \/>\n\t<meta name=\"twitter:data1\" content=\"1 minute\" \/>\n<script type=\"application\/ld+json\" class=\"yoast-schema-graph\">{\"@context\":\"https:\\\/\\\/schema.org\",\"@graph\":[{\"@type\":\"WebPage\",\"@id\":\"https:\\\/\\\/magnetic-slots.org\\\/pl\\\/logowanie-i-rejestracja\\\/\",\"url\":\"https:\\\/\\\/magnetic-slots.org\\\/pl\\\/logowanie-i-rejestracja\\\/\",\"name\":\"Magneticslots Login \u2013 Rejestracja i dost\u0119p do konta\",\"isPartOf\":{\"@id\":\"https:\\\/\\\/magnetic-slots.org\\\/pl\\\/#website\"},\"datePublished\":\"2025-12-15T07:42:00+00:00\",\"dateModified\":\"2025-12-15T13:25:43+00:00\",\"description\":\"\u0141atwo tw\u00f3rz, zarz\u0105dzaj i weryfikuj swoje konto w kasynie Magneticslots dzi\u0119ki szybkiej rejestracji, p\u0142ynnemu odzyskiwaniu konta i bezpiecznemu zamykaniu konta, zapewniaj\u0105c ochron\u0119 24\\\/7 poprzez Magneticslots Login.\",\"breadcrumb\":{\"@id\":\"https:\\\/\\\/magnetic-slots.org\\\/pl\\\/logowanie-i-rejestracja\\\/#breadcrumb\"},\"inLanguage\":\"pl-PL\",\"potentialAction\":[{\"@type\":\"ReadAction\",\"target\":[\"https:\\\/\\\/magnetic-slots.org\\\/pl\\\/logowanie-i-rejestracja\\\/\"]}]},{\"@type\":\"BreadcrumbList\",\"@id\":\"https:\\\/\\\/magnetic-slots.org\\\/pl\\\/logowanie-i-rejestracja\\\/#breadcrumb\",\"itemListElement\":[{\"@type\":\"ListItem\",\"position\":1,\"name\":\"Magneticslots\",\"item\":\"https:\\\/\\\/magnetic-slots.org\\\/pl\\\/\"},{\"@type\":\"ListItem\",\"position\":2,\"name\":\"Logowanie i rejestracja\"}]},{\"@type\":\"WebSite\",\"@id\":\"https:\\\/\\\/magnetic-slots.org\\\/pl\\\/#website\",\"url\":\"https:\\\/\\\/magnetic-slots.org\\\/pl\\\/\",\"name\":\"Magneticslots\",\"description\":\"\",\"publisher\":{\"@id\":\"https:\\\/\\\/magnetic-slots.org\\\/pl\\\/#organization\"},\"potentialAction\":[{\"@type\":\"SearchAction\",\"target\":{\"@type\":\"EntryPoint\",\"urlTemplate\":\"https:\\\/\\\/magnetic-slots.org\\\/pl\\\/?s={search_term_string}\"},\"query-input\":{\"@type\":\"PropertyValueSpecification\",\"valueRequired\":true,\"valueName\":\"search_term_string\"}}],\"inLanguage\":\"pl-PL\"},{\"@type\":\"Organization\",\"@id\":\"https:\\\/\\\/magnetic-slots.org\\\/pl\\\/#organization\",\"name\":\"Magneticslots\",\"url\":\"https:\\\/\\\/magnetic-slots.org\\\/pl\\\/\",\"logo\":{\"@type\":\"ImageObject\",\"inLanguage\":\"pl-PL\",\"@id\":\"https:\\\/\\\/magnetic-slots.org\\\/pl\\\/#\\\/schema\\\/logo\\\/image\\\/\",\"url\":\"https:\\\/\\\/magnetic-slots.org\\\/wp-content\\\/uploads\\\/2025\\\/12\\\/logo.svg\",\"contentUrl\":\"https:\\\/\\\/magnetic-slots.org\\\/wp-content\\\/uploads\\\/2025\\\/12\\\/logo.svg\",\"width\":160,\"height\":27,\"caption\":\"Magneticslots\"},\"image\":{\"@id\":\"https:\\\/\\\/magnetic-slots.org\\\/pl\\\/#\\\/schema\\\/logo\\\/image\\\/\"}}]}<\/script>\n<!-- \/ Yoast SEO plugin. -->","yoast_head_json":{"title":"Magneticslots Login \u2013 Rejestracja i dost\u0119p do konta","description":"\u0141atwo tw\u00f3rz, zarz\u0105dzaj i weryfikuj swoje konto w kasynie Magneticslots dzi\u0119ki szybkiej rejestracji, p\u0142ynnemu odzyskiwaniu konta i bezpiecznemu zamykaniu konta, zapewniaj\u0105c ochron\u0119 24\/7 poprzez Magneticslots Login.","robots":{"index":"index","follow":"follow","max-snippet":"max-snippet:-1","max-image-preview":"max-image-preview:large","max-video-preview":"max-video-preview:-1"},"canonical":"https:\/\/magnetic-slots.org\/pl\/logowanie-i-rejestracja\/","og_locale":"pl_PL","og_type":"article","og_title":"Magneticslots Login \u2013 Rejestracja i dost\u0119p do konta","og_description":"\u0141atwo tw\u00f3rz, zarz\u0105dzaj i weryfikuj swoje konto w kasynie Magneticslots dzi\u0119ki szybkiej rejestracji, p\u0142ynnemu odzyskiwaniu konta i bezpiecznemu zamykaniu konta, zapewniaj\u0105c ochron\u0119 24\/7 poprzez Magneticslots Login.","og_url":"https:\/\/magnetic-slots.org\/pl\/logowanie-i-rejestracja\/","og_site_name":"magnetic-slots","article_modified_time":"2025-12-15T13:25:43+00:00","twitter_card":"summary_large_image","twitter_misc":{"Est. reading time":"1 minute"},"schema":{"@context":"https:\/\/schema.org","@graph":[{"@type":"WebPage","@id":"https:\/\/magnetic-slots.org\/pl\/logowanie-i-rejestracja\/","url":"https:\/\/magnetic-slots.org\/pl\/logowanie-i-rejestracja\/","name":"Magneticslots Login \u2013 Rejestracja i dost\u0119p do konta","isPartOf":{"@id":"https:\/\/magnetic-slots.org\/pl\/#website"},"datePublished":"2025-12-15T07:42:00+00:00","dateModified":"2025-12-15T13:25:43+00:00","description":"\u0141atwo tw\u00f3rz, zarz\u0105dzaj i weryfikuj swoje konto w kasynie Magneticslots dzi\u0119ki szybkiej rejestracji, p\u0142ynnemu odzyskiwaniu konta i bezpiecznemu zamykaniu konta, zapewniaj\u0105c ochron\u0119 24\/7 poprzez Magneticslots Login.","breadcrumb":{"@id":"https:\/\/magnetic-slots.org\/pl\/logowanie-i-rejestracja\/#breadcrumb"},"inLanguage":"pl-PL","potentialAction":[{"@type":"ReadAction","target":["https:\/\/magnetic-slots.org\/pl\/logowanie-i-rejestracja\/"]}]},{"@type":"BreadcrumbList","@id":"https:\/\/magnetic-slots.org\/pl\/logowanie-i-rejestracja\/#breadcrumb","itemListElement":[{"@type":"ListItem","position":1,"name":"Magneticslots","item":"https:\/\/magnetic-slots.org\/pl\/"},{"@type":"ListItem","position":2,"name":"Logowanie i rejestracja"}]},{"@type":"WebSite","@id":"https:\/\/magnetic-slots.org\/pl\/#website","url":"https:\/\/magnetic-slots.org\/pl\/","name":"Magneticslots","description":"","publisher":{"@id":"https:\/\/magnetic-slots.org\/pl\/#organization"},"potentialAction":[{"@type":"SearchAction","target":{"@type":"EntryPoint","urlTemplate":"https:\/\/magnetic-slots.org\/pl\/?s={search_term_string}"},"query-input":{"@type":"PropertyValueSpecification","valueRequired":true,"valueName":"search_term_string"}}],"inLanguage":"pl-PL"},{"@type":"Organization","@id":"https:\/\/magnetic-slots.org\/pl\/#organization","name":"Magneticslots","url":"https:\/\/magnetic-slots.org\/pl\/","logo":{"@type":"ImageObject","inLanguage":"pl-PL","@id":"https:\/\/magnetic-slots.org\/pl\/#\/schema\/logo\/image\/","url":"https:\/\/magnetic-slots.org\/wp-content\/uploads\/2025\/12\/logo.svg","contentUrl":"https:\/\/magnetic-slots.org\/wp-content\/uploads\/2025\/12\/logo.svg","width":160,"height":27,"caption":"Magneticslots"},"image":{"@id":"https:\/\/magnetic-slots.org\/pl\/#\/schema\/logo\/image\/"}}]}},"_links":{"self":[{"href":"https:\/\/magnetic-slots.org\/pl\/wp-json\/wp\/v2\/pages\/1476","targetHints":{"allow":["GET"]}}],"collection":[{"href":"https:\/\/magnetic-slots.org\/pl\/wp-json\/wp\/v2\/pages"}],"about":[{"href":"https:\/\/magnetic-slots.org\/pl\/wp-json\/wp\/v2\/types\/page"}],"author":[{"embeddable":true,"href":"https:\/\/magnetic-slots.org\/pl\/wp-json\/wp\/v2\/users\/1"}],"replies":[{"embeddable":true,"href":"https:\/\/magnetic-slots.org\/pl\/wp-json\/wp\/v2\/comments?post=1476"}],"version-history":[{"count":1,"href":"https:\/\/magnetic-slots.org\/pl\/wp-json\/wp\/v2\/pages\/1476\/revisions"}],"predecessor-version":[{"id":1786,"href":"https:\/\/magnetic-slots.org\/pl\/wp-json\/wp\/v2\/pages\/1476\/revisions\/1786"}],"wp:attachment":[{"href":"https:\/\/magnetic-slots.org\/pl\/wp-json\/wp\/v2\/media?parent=1476"}],"curies":[{"name":"wp","href":"https:\/\/api.w.org\/{rel}","templated":true}]}}