{"id":1437,"date":"2025-12-15T07:39:08","date_gmt":"2025-12-15T07:39:08","guid":{"rendered":"https:\/\/magnetic-slots.org\/app\/"},"modified":"2025-12-15T13:26:08","modified_gmt":"2025-12-15T13:26:08","slug":"aplikacja","status":"publish","type":"page","link":"https:\/\/magnetic-slots.org\/pl\/aplikacja\/","title":{"rendered":"Aplikacja"},"content":{"rendered":"<h1>Aplikacja Magneticslots: Mobilne gry kasynowe<\/h1>\n<p>Magneticslots app ca\u0142kowicie zmienia oblicze gier cyfrowych. Oferowane przez nas automaty online i gry sto\u0142owe przyci\u0105gaj\u0105 polskich graczy z ca\u0142ego \u015bwiata. Zapewniamy najprostsze i najbezpieczniejsze wra\u017cenia z gier mobilnych. Magneticslots Casino zosta\u0142o opracowane przy u\u017cyciu najnowszych technologii. Wszyscy klienci mog\u0105 zawsze gra\u0107 w swoje ulubione gry, gdziekolwiek si\u0119 znajduj\u0105, i nadal cieszy\u0107 si\u0119 najlepszymi wra\u017ceniami, niezale\u017cnie od u\u017cywanego urz\u0105dzenia.<\/p>\n<div class=\"banner-wrap\" aria-label=\"Banner\"><img src=\"https:\/\/magnetic-slots.org\/wp-content\/uploads\/2025\/12\/header-bg-1.webp\" class=\"w-100 d-none d-lg-block img-pc main-banner-img\" alt=\"MagneticSlots desktop banner\" fetchpriority=\"high\" decoding=\"async\"><img src=\"https:\/\/magnetic-slots.org\/wp-content\/uploads\/2025\/12\/MagneticSlots-mobile-banner.webp\" class=\"w-100 d-none d-md-block d-lg-none main-banner-img\" alt=\"MagneticSlots mobile banner\" fetchpriority=\"high\" decoding=\"async\"><img src=\"https:\/\/magnetic-slots.org\/wp-content\/uploads\/2025\/12\/MagneticSlots-mobile-banner.webp\" class=\"w-100 d-md-none\" alt=\"MagneticSlots mobile banner\" fetchpriority=\"high\" decoding=\"async\"><div class=\"banner-description\">\n<div class=\"banner-title\">Bonusy powitalne<\/div>\n<p class=\"banner-header-title\">1500 \u20ac<\/p>\n<div class=\"banner-header-AdditionalText\">+ 250 Darmowe spiny<\/div>\n<button data-item=\"homepage_banner_link\" class=\"goto m-button m-gradient-border m-button--primary m-button--large banner-button btn-orange\">\n            <div class=\"m-button-content\">\n                <span>Zarejestruj si\u0119 teraz<\/span>\n                <span><\/span>\n            <\/div>\n        <\/button>\n<\/div>\n<div class=\"WelcomePack\">\n<p><img loading=\"lazy\" decoding=\"async\" class=\"alignnone wp-image-1338 size-full\" src=\"https:\/\/magnetic-slots.org\/wp-content\/uploads\/2025\/12\/welcome-crown.svg\" alt=\"crown\" width=\"25\" height=\"26\" \/><\/p>\n<div class=\"WelcomePack-Info\">Cotygodniowy zwrot got\u00f3wki do 25%<\/div>\n<p><img loading=\"lazy\" decoding=\"async\" class=\"alignnone size-full wp-image-1338\" src=\"https:\/\/magnetic-slots.org\/wp-content\/uploads\/2025\/12\/welcome-crown.svg\" alt=\"crown\" width=\"25\" height=\"26\" \/><\/p>\n<\/div>\n<\/div>\n<h2>Magneticslots Platforma mobilna<\/h2>\n<p>Aplikacja Magneticslots mo\u017ce by\u0107 okre\u015blona jako jedno z najlepszych rozwi\u0105za\u0144 w zakresie gier mobilnych dzi\u0119ki swojej szybko\u015bci, bezpiecze\u0144stwu i prostemu projektowi. W por\u00f3wnaniu z do\u015bwiadczeniem gry w tradycyjnych przegl\u0105darkach, nasza aplikacja zapewnia lepszy czas \u0142adowania, lepsz\u0105 grafik\u0119 i lepsz\u0105 rozgrywk\u0119 dzi\u0119ki podstawowemu interfejsowi mobilnemu. \u0141atwo\u015b\u0107 obs\u0142ugi i mo\u017cliwo\u015b\u0107 natychmiastowego dost\u0119pu do wszystkich funkcji, takich jak wp\u0142aty, wyp\u0142aty, bonusy i obs\u0142uga klienta, sprawiaj\u0105, \u017ce aplikacja jest ulubion\u0105 w\u015br\u00f3d graczy, kt\u00f3rzy chc\u0105 cieszy\u0107 si\u0119 nieprzerwan\u0105 rozgrywk\u0105.<\/p>\n<p>Wysokowydajna architektura aplikacji Magneticslots gwarantuje komfort dzi\u0119ki najni\u017cszym mo\u017cliwym op\u00f3\u017anieniom i wysokiemu poziomowi bezpiecze\u0144stwa, co zapewnia poczucie komfortu podczas dokonywania transakcji i grania w gry. Magneticslots Casino b\u0119dzie r\u00f3wnie\u017c nad\u0105\u017ca\u0107 za duchem czasu, wprowadzaj\u0105c nowe funkcje i \u015brodki bezpiecze\u0144stwa, aby zapewni\u0107 wysokiej klasy wra\u017cenia z gry.<\/p>\n<p><div class=\"scrollable-content-wrap my-5\"><div class=\"scrollable-content-inner\"><h2>Magneticslots Casino Aplikacja mobilna dla systemu Android<\/h2>\n<p>Wersja naszej inteligentnej aplikacji Magneticslots na Androida zosta\u0142a zaprojektowana w tak nowoczesny spos\u00f3b, \u017ce mo\u017cemy zapewni\u0107 Ci wysokiej jako\u015bci wra\u017cenia z gry bez konieczno\u015bci pobierania du\u017cych plik\u00f3w. Wykorzystuje ona progresywn\u0105 aplikacj\u0119 internetow\u0105 (PWA). Nasi gracze mog\u0105 zainstalowa\u0107 kasyno na swoim komputerze w mniej ni\u017c trzy minuty, korzystaj\u0105c z naszej oficjalnej strony internetowej.<\/p>\n<h3>APK<\/h3>\n<p>Chocia\u017c wersja APK by\u0142a kiedy\u015b najpopularniejszym sposobem instalacji, przej\u015bcie na PWA sprawi\u0142o, \u017ce pliki APK straci\u0142y na znaczeniu. Zazwyczaj pliki APK trzeba pobra\u0107 i aktualizowa\u0107 r\u0119cznie, co mo\u017ce stanowi\u0107 zagro\u017cenie dla bezpiecze\u0144stwa i by\u0107 trudne w utrzymaniu. Obecnie wersja na Androida jest dost\u0119pna dla graczy, zapewniaj\u0105c maksymaln\u0105 wydajno\u015b\u0107 w naszej aplikacji Magneticslots (PWA), dzi\u0119ki czemu zawsze dzia\u0142aj\u0105 oni na najnowszej wersji naszego kasyna mobilnego, kt\u00f3re jest najbezpieczniejsze i nie wymaga r\u0119cznej aktualizacji.<\/p>\n<h3>PWA<\/h3>\n<p>Przedstawimy to bardziej szczeg\u00f3\u0142owo. Wersja Magneticslots PWA na Androida to gra mobilna, kt\u00f3ra jest naprawd\u0119 przeno\u015bna. Nasi gracze musz\u0105 tylko przewin\u0105\u0107 nasz\u0105 stron\u0119 g\u0142\u00f3wn\u0105, klikn\u0105\u0107 przycisk \u201eAplikacja kasyna\u201d i post\u0119powa\u0107 zgodnie z prostymi instrukcjami, aby zainstalowa\u0107 aplikacj\u0119. Aplikacj\u0119 mo\u017cna zainstalowa\u0107 na ekranie g\u0142\u00f3wnym, a jej ikona pojawi si\u0119 automatycznie w menu, zapewniaj\u0105c \u0142atwy dost\u0119p do pe\u0142nej biblioteki gier i opcji zarz\u0105dzania kontem. Nasza fantazyjna aplikacja Magneticslots jest kompatybilna z ka\u017cdym typem urz\u0105dzenia, takim jak smartfony i tablety, i ma interfejs przyjazny dla dotyku, kt\u00f3ry mo\u017cna dostosowa\u0107 do ka\u017cdego rozmiaru ekranu. Taka konfiguracja zapewnia responsywne dzia\u0142anie, kt\u00f3re jest \u0142atwe w u\u017cyciu i mo\u017ce konkurowa\u0107 z natywnymi aplikacjami.<\/p>\n<p><img loading=\"lazy\" decoding=\"async\" src=\"https:\/\/magnetic-slots.org\/wp-content\/uploads\/2025\/12\/MagneticSlots-Android.webp\" alt=\"MagneticSlots Android App\" width=\"1248\" height=\"536\" \/><\/p>\n<\/div><\/div><div style=\"clear: both\"><\/div><div class=\"d-flex justify-content-center\"><button data-item=\"decouvrez_link\" data-group=\"website_links\" class=\"goto fw-bold rounded-pill btn btn-orange\" aria-label=\"Pobierz aplikacj\u0119 MagneticSlots\" >Pobierz aplikacj\u0119 MagneticSlots<\/button><\/div><div class=\"scrollable-content-wrap my-5\"><div class=\"scrollable-content-inner\"><h2>Magneticslots Aplikacja mobilna kasyna dla systemu iOS<\/h2>\n<p>To samo do\u015bwiadczenie gry jest dost\u0119pne dla naszych drogich u\u017cytkownik\u00f3w iOS. Nasza internetowa aplikacja PWA jest w pe\u0142ni zoptymalizowana pod k\u0105tem przegl\u0105darki Safari. Wystarczy wej\u015b\u0107 na stron\u0119 g\u0142\u00f3wn\u0105 naszego kasyna, nacisn\u0105\u0107 przycisk \u201eZainstaluj\u201d i umie\u015bci\u0107 aplikacj\u0119 na ekranie g\u0142\u00f3wnym. Takie podej\u015bcie zapewni bezpieczne i sprawne \u015brodowisko, zgodne z polityk\u0105 firmy Apple.<\/p>\n<p>Wersja na iOS jest r\u00f3wnie\u017c \u0142atwa w obs\u0142udze i posiada wi\u0119ksze przyciski oraz funkcj\u0119 przesuwania palcem, co u\u0142atwia nawigacj\u0119. Dzi\u0119ki powiadomieniom push gracze s\u0105 na bie\u017c\u0105co informowani o bonusach, nowych grach i ekskluzywnych ofertach, dzi\u0119ki czemu maj\u0105 dost\u0119p do najnowszych ofert kasyna Magneticslots.<\/p>\n<p>Zalety Magnetic Slots PWA to:<\/p>\n<ul>\n<li>Absolutne bezpiecze\u0144stwo, poniewa\u017c nie ma konieczno\u015bci pobierania dodatkowych plik\u00f3w.<\/li>\n<li>Nie musisz szuka\u0107 \u017cadnego pliku APK w sklepach.<\/li>\n<li>Brak ogranicze\u0144 ze strony sklep\u00f3w Google Play lub App Store<\/li>\n<li>Brak wp\u0142ywu na bateri\u0119 urz\u0105dzenia<\/li>\n<\/ul>\n<p><img loading=\"lazy\" decoding=\"async\" src=\"https:\/\/magnetic-slots.org\/wp-content\/uploads\/2025\/12\/MagneticSlots-iOS.webp\" alt=\"MagneticSlots iOS App\" width=\"1248\" height=\"536\" \/><\/p>\n<\/div><\/div><div style=\"clear: both\"><\/div><div class=\"d-flex justify-content-center\"><button data-item=\"decouvrez_link\" data-group=\"website_links\" class=\"goto fw-bold rounded-pill btn btn-orange\" aria-label=\"Pobierz MagenticSlots\" >Pobierz MagenticSlots<\/button><\/div><div class=\"scrollable-content-wrap my-5\"><div class=\"scrollable-content-inner\"><h2>Pobieranie aplikacji dla system\u00f3w Windows i macOS<\/h2>\n<p>Nasi drodzy gracze Magnetic Slots , kt\u00f3rzy chc\u0105 korzysta\u0107 z gry na komputerze stacjonarnym, mog\u0105 z niej korzysta\u0107, poniewa\u017c zapewniamy specjalne oprogramowanie kompatybilne z systemami Windows i macOS. Jest to nasza wersja na komputery stacjonarne, kt\u00f3ra ma dobry, wysokiej jako\u015bci interfejs z lepsz\u0105 grafik\u0105 i efektami d\u017awi\u0119kowymi. Zoptymalizowali\u015bmy j\u0105 tak, aby by\u0142a szybka, niezawodna i zapewnia\u0142a wszystkie funkcje, takie jak obs\u0142uga klienta i procedury weryfikacyjne.<\/p>\n<p>Oprogramowanie Magneticslots casino jest dost\u0119pne dla graczy korzystaj\u0105cych z obs\u0142ugiwanych przegl\u0105darek, takich jak Google Chrome, Mozilla Firefox, Safari lub Microsoft Edge. Jest to rozwi\u0105zanie elastyczne, poniewa\u017c umo\u017cliwia podobne wra\u017cenia z gry na r\u00f3\u017cnych platformach, zar\u00f3wno na komputerach stacjonarnych, jak i laptopach.<\/p>\n<table>\n<tbody>\n<tr>\n<td>Zalety<\/td>\n<td>Wady<\/td>\n<\/tr>\n<tr>\n<td>Mo\u017cna j\u0105 uruchomi\u0107 bezpo\u015brednio z przegl\u0105darki bez konieczno\u015bci instalacji, co zapewnia szybki dost\u0119p do biblioteki gier.<\/td>\n<td>Wymaga po\u0142\u0105czenia z Internetem do gry; nie dzia\u0142a w trybie ca\u0142kowicie offline.<\/td>\n<\/tr>\n<tr>\n<td>Instalacja zajmuje mniej ni\u017c trzy minuty \u2013 wystarczy klikn\u0105\u0107 przycisk na stronie internetowej. Nie ma potrzeby pobierania du\u017cych plik\u00f3w ani odwiedzania sklep\u00f3w z aplikacjami.<\/td>\n<td>Wydajno\u015b\u0107 i stabilno\u015b\u0107 zale\u017c\u0105 od mo\u017cliwo\u015bci przegl\u0105darki; niekt\u00f3re przegl\u0105darki mog\u0105 nie obs\u0142ugiwa\u0107 w pe\u0142ni wszystkich funkcji PWA.<\/td>\n<\/tr>\n<tr>\n<td>Zawsze korzysta z najnowszej wersji bez konieczno\u015bci r\u0119cznej aktualizacji, zapewniaj\u0105c bezpiecze\u0144stwo i dost\u0119p do nowych funkcji.<\/td>\n<td>Chocia\u017c powiadomienia push s\u0105 obs\u0142ugiwane, niekt\u00f3re przegl\u0105darki lub urz\u0105dzenia mog\u0105 mie\u0107 ograniczenia dotycz\u0105ce dostarczania lub dostosowywania.<\/td>\n<\/tr>\n<tr>\n<td>Dzia\u0142a p\u0142ynnie na r\u00f3\u017cnych urz\u0105dzeniach i systemach operacyjnych, w tym Android i iOS poprzez przegl\u0105dark\u0119 Safari.<\/td>\n<td>Wydajno\u015b\u0107 mo\u017ce si\u0119 r\u00f3\u017cni\u0107 w zale\u017cno\u015bci od wydajno\u015bci przegl\u0105darki i specyfikacji urz\u0105dzenia i mo\u017ce by\u0107 mniej p\u0142ynna ni\u017c w przypadku aplikacji natywnych.<\/td>\n<\/tr>\n<tr>\n<td>Nie zajmuje du\u017co miejsca na urz\u0105dzeniach w por\u00f3wnaniu z aplikacjami natywnymi, oszcz\u0119dzaj\u0105c zasoby pami\u0119ci.<\/td>\n<td><\/td>\n<\/tr>\n<tr>\n<td>Korzy\u015bci wynikaj\u0105ce z protoko\u0142\u00f3w bezpiecze\u0144stwa przegl\u0105darki i aktualizacji, kt\u00f3re ograniczaj\u0105 podatno\u015b\u0107 na zagro\u017cenia.<\/td>\n<td><\/td>\n<\/tr>\n<\/tbody>\n<\/table>\n<p><img loading=\"lazy\" decoding=\"async\" src=\"https:\/\/magnetic-slots.org\/wp-content\/uploads\/2025\/12\/MagneticSlots-Desktop.webp\" alt=\"MagneticSlots Desktop\" width=\"1248\" height=\"536\" \/><\/p>\n<\/div><\/div><div style=\"clear: both\"><\/div><div class=\"d-flex justify-content-center\"><button data-item=\"decouvrez_link\" data-group=\"website_links\" class=\"goto fw-bold rounded-pill btn btn-orange\" aria-label=\"Pobierz aplikacj\u0119 MagneticSlots\" >Pobierz aplikacj\u0119 MagneticSlots<\/button><\/div><div class=\"scrollable-content-wrap my-5\"><div class=\"scrollable-content-inner\"><h2>Cz\u0119sto zadawane pytania<\/h2>\n<h3>Czy aplikacja Magnetic Slots Casino oferuje obs\u0142ug\u0119 klienta?<\/h3>\n<p>Kasyno Magneticslots oferuje najbardziej szczeg\u00f3\u0142ow\u0105 obs\u0142ug\u0119 klienta poprzez czat na \u017cywo, kt\u00f3ry jest dost\u0119pny nie tylko w aplikacji, ale r\u00f3wnie\u017c na oficjalnej stronie internetowej. Nasz zesp\u00f3\u0142 wsparcia technicznego jest dost\u0119pny 24 godziny na dob\u0119 i zajmie si\u0119 wszelkimi problemami technicznymi, pytaniami dotycz\u0105cymi weryfikacji oraz innymi zapytaniami, aby zapewni\u0107 p\u0142ynn\u0105 rozgrywk\u0119!<\/p>\n<h3>Czy do korzystania z Magnetic Slots app konieczne jest utworzenie konta?<\/h3>\n<p>Je\u015bli chcesz w pe\u0142ni korzysta\u0107 z serwisu Magnetic Slots i przegl\u0105da\u0107 swoje transakcje i histori\u0119 gry, nawi\u0105zywa\u0107 kontakty i dobrze si\u0119 bawi\u0107, musisz za\u0142o\u017cy\u0107 konto. Oferujemy jednak r\u00f3wnie\u017c wersj\u0119 demo. Aby uzyska\u0107 dost\u0119p do wszystkich funkcji, takich jak wp\u0142aty, wyp\u0142aty i gra, wszyscy u\u017cytkownicy musz\u0105 przej\u015b\u0107 proces rejestracji i weryfikacji. Rejestracja jest szybka i bezpieczna, a jej celem jest zabezpieczenie informacji o graczach i zapewnienie wygodnego dost\u0119pu do wszystkich us\u0142ug kasyna.<\/p>\n<h3>Czy wszystkie gry s\u0105 dost\u0119pne w aplikacji Magneticslots?<\/h3>\n<p>W aplikacji mo\u017cna gra\u0107 w szerok\u0105 gam\u0119 automat\u00f3w online i gier kasynowych dost\u0119pnych w kasyno Magneticslots. Niekt\u00f3re gry lub funkcje mog\u0105 by\u0107 dost\u0119pne tylko w wersji na komputery stacjonarne lub w interfejsie internetowym, ale aplikacja mobilna Magnetic Slots zapewnia pe\u0142n\u0105 bibliotek\u0119 gier dla wi\u0119kszo\u015bci graczy.<\/p>\n<h3>Jak mog\u0119 zaktualizowa\u0107 aplikacj\u0119 Magneticslots Casino?<\/h3>\n<p>Nie musisz martwi\u0107 si\u0119 o aktualizacje. Aplikacja Magneticslots aktualizuje si\u0119 automatycznie za pomoc\u0105 frameworka PWA, co eliminuje konieczno\u015b\u0107 r\u0119cznego aktualizowania. Dost\u0119p do aplikacji przez przegl\u0105dark\u0119 lub zainstalowan\u0105 ikon\u0119 zawsze zapewni graczom najnowsz\u0105 wersj\u0119 i nowe funkcje, a tak\u017ce ulepszenia bezpiecze\u0144stwa. W przypadku oprogramowania komputerowego aktualizacje s\u0105 automatyczne i s\u0105 wykonywane przez kasyno<\/p>\n<\/div><\/div><\/p>\n","protected":false},"excerpt":{"rendered":"<p>Aplikacja Magneticslots: Mobilne gry kasynowe Magneticslots app ca\u0142kowicie zmienia oblicze gier cyfrowych. Oferowane przez nas automaty online i gry sto\u0142owe przyci\u0105gaj\u0105 polskich graczy z ca\u0142ego \u015bwiata. Zapewniamy najprostsze i najbezpieczniejsze wra\u017cenia z gier mobilnych. Magneticslots Casino zosta\u0142o opracowane przy u\u017cyciu najnowszych technologii. Wszyscy klienci mog\u0105 zawsze gra\u0107 w swoje ulubione gry, gdziekolwiek si\u0119 znajduj\u0105, i [&hellip;]<\/p>\n","protected":false},"author":1,"featured_media":0,"parent":0,"menu_order":0,"comment_status":"closed","ping_status":"closed","template":"template-builder.php","meta":{"_acf_changed":false,"inline_featured_image":false,"footnotes":""},"class_list":["post-1437","page","type-page","status-publish","hentry"],"acf":[],"yoast_head":"<!-- This site is optimized with the Yoast SEO plugin v27.3 - https:\/\/yoast.com\/product\/yoast-seo-wordpress\/ -->\n<title>Magneticslots Mobile Casino | Aplikacja na Androida i iOS<\/title>\n<meta name=\"description\" content=\"Aplikacja Magneticslots zapewnia p\u0142ynn\u0105 rozgrywk\u0119 na platformach Android, iOS, Windows i macOS, wraz z synchronizacj\u0105 kont, regularnymi aktualizacjami i wbudowan\u0105 pomoc\u0105 techniczn\u0105 dla \u0142atwo\u015bci u\u017cytkowania.\" \/>\n<meta name=\"robots\" content=\"index, follow, max-snippet:-1, max-image-preview:large, max-video-preview:-1\" \/>\n<link rel=\"canonical\" href=\"https:\/\/magnetic-slots.org\/pl\/aplikacja\/\" \/>\n<meta property=\"og:locale\" content=\"pl_PL\" \/>\n<meta property=\"og:type\" content=\"article\" \/>\n<meta property=\"og:title\" content=\"Magneticslots Mobile Casino | Aplikacja na Androida i iOS\" \/>\n<meta property=\"og:description\" content=\"Aplikacja Magneticslots zapewnia p\u0142ynn\u0105 rozgrywk\u0119 na platformach Android, iOS, Windows i macOS, wraz z synchronizacj\u0105 kont, regularnymi aktualizacjami i wbudowan\u0105 pomoc\u0105 techniczn\u0105 dla \u0142atwo\u015bci u\u017cytkowania.\" \/>\n<meta property=\"og:url\" content=\"https:\/\/magnetic-slots.org\/pl\/aplikacja\/\" \/>\n<meta property=\"og:site_name\" content=\"magnetic-slots\" \/>\n<meta property=\"article:modified_time\" content=\"2025-12-15T13:26:08+00:00\" \/>\n<meta name=\"twitter:card\" content=\"summary_large_image\" \/>\n<meta name=\"twitter:label1\" content=\"Est. reading time\" \/>\n\t<meta name=\"twitter:data1\" content=\"1 minute\" \/>\n<script type=\"application\/ld+json\" class=\"yoast-schema-graph\">{\"@context\":\"https:\\\/\\\/schema.org\",\"@graph\":[{\"@type\":\"WebPage\",\"@id\":\"https:\\\/\\\/magnetic-slots.org\\\/pl\\\/aplikacja\\\/\",\"url\":\"https:\\\/\\\/magnetic-slots.org\\\/pl\\\/aplikacja\\\/\",\"name\":\"Magneticslots Mobile Casino | Aplikacja na Androida i iOS\",\"isPartOf\":{\"@id\":\"https:\\\/\\\/magnetic-slots.org\\\/pl\\\/#website\"},\"datePublished\":\"2025-12-15T07:39:08+00:00\",\"dateModified\":\"2025-12-15T13:26:08+00:00\",\"description\":\"Aplikacja Magneticslots zapewnia p\u0142ynn\u0105 rozgrywk\u0119 na platformach Android, iOS, Windows i macOS, wraz z synchronizacj\u0105 kont, regularnymi aktualizacjami i wbudowan\u0105 pomoc\u0105 techniczn\u0105 dla \u0142atwo\u015bci u\u017cytkowania.\",\"breadcrumb\":{\"@id\":\"https:\\\/\\\/magnetic-slots.org\\\/pl\\\/aplikacja\\\/#breadcrumb\"},\"inLanguage\":\"pl-PL\",\"potentialAction\":[{\"@type\":\"ReadAction\",\"target\":[\"https:\\\/\\\/magnetic-slots.org\\\/pl\\\/aplikacja\\\/\"]}]},{\"@type\":\"BreadcrumbList\",\"@id\":\"https:\\\/\\\/magnetic-slots.org\\\/pl\\\/aplikacja\\\/#breadcrumb\",\"itemListElement\":[{\"@type\":\"ListItem\",\"position\":1,\"name\":\"Magneticslots\",\"item\":\"https:\\\/\\\/magnetic-slots.org\\\/pl\\\/\"},{\"@type\":\"ListItem\",\"position\":2,\"name\":\"Aplikacja\"}]},{\"@type\":\"WebSite\",\"@id\":\"https:\\\/\\\/magnetic-slots.org\\\/pl\\\/#website\",\"url\":\"https:\\\/\\\/magnetic-slots.org\\\/pl\\\/\",\"name\":\"Magneticslots\",\"description\":\"\",\"publisher\":{\"@id\":\"https:\\\/\\\/magnetic-slots.org\\\/pl\\\/#organization\"},\"potentialAction\":[{\"@type\":\"SearchAction\",\"target\":{\"@type\":\"EntryPoint\",\"urlTemplate\":\"https:\\\/\\\/magnetic-slots.org\\\/pl\\\/?s={search_term_string}\"},\"query-input\":{\"@type\":\"PropertyValueSpecification\",\"valueRequired\":true,\"valueName\":\"search_term_string\"}}],\"inLanguage\":\"pl-PL\"},{\"@type\":\"Organization\",\"@id\":\"https:\\\/\\\/magnetic-slots.org\\\/pl\\\/#organization\",\"name\":\"Magneticslots\",\"url\":\"https:\\\/\\\/magnetic-slots.org\\\/pl\\\/\",\"logo\":{\"@type\":\"ImageObject\",\"inLanguage\":\"pl-PL\",\"@id\":\"https:\\\/\\\/magnetic-slots.org\\\/pl\\\/#\\\/schema\\\/logo\\\/image\\\/\",\"url\":\"https:\\\/\\\/magnetic-slots.org\\\/wp-content\\\/uploads\\\/2025\\\/12\\\/logo.svg\",\"contentUrl\":\"https:\\\/\\\/magnetic-slots.org\\\/wp-content\\\/uploads\\\/2025\\\/12\\\/logo.svg\",\"width\":160,\"height\":27,\"caption\":\"Magneticslots\"},\"image\":{\"@id\":\"https:\\\/\\\/magnetic-slots.org\\\/pl\\\/#\\\/schema\\\/logo\\\/image\\\/\"}}]}<\/script>\n<!-- \/ Yoast SEO plugin. -->","yoast_head_json":{"title":"Magneticslots Mobile Casino | Aplikacja na Androida i iOS","description":"Aplikacja Magneticslots zapewnia p\u0142ynn\u0105 rozgrywk\u0119 na platformach Android, iOS, Windows i macOS, wraz z synchronizacj\u0105 kont, regularnymi aktualizacjami i wbudowan\u0105 pomoc\u0105 techniczn\u0105 dla \u0142atwo\u015bci u\u017cytkowania.","robots":{"index":"index","follow":"follow","max-snippet":"max-snippet:-1","max-image-preview":"max-image-preview:large","max-video-preview":"max-video-preview:-1"},"canonical":"https:\/\/magnetic-slots.org\/pl\/aplikacja\/","og_locale":"pl_PL","og_type":"article","og_title":"Magneticslots Mobile Casino | Aplikacja na Androida i iOS","og_description":"Aplikacja Magneticslots zapewnia p\u0142ynn\u0105 rozgrywk\u0119 na platformach Android, iOS, Windows i macOS, wraz z synchronizacj\u0105 kont, regularnymi aktualizacjami i wbudowan\u0105 pomoc\u0105 techniczn\u0105 dla \u0142atwo\u015bci u\u017cytkowania.","og_url":"https:\/\/magnetic-slots.org\/pl\/aplikacja\/","og_site_name":"magnetic-slots","article_modified_time":"2025-12-15T13:26:08+00:00","twitter_card":"summary_large_image","twitter_misc":{"Est. reading time":"1 minute"},"schema":{"@context":"https:\/\/schema.org","@graph":[{"@type":"WebPage","@id":"https:\/\/magnetic-slots.org\/pl\/aplikacja\/","url":"https:\/\/magnetic-slots.org\/pl\/aplikacja\/","name":"Magneticslots Mobile Casino | Aplikacja na Androida i iOS","isPartOf":{"@id":"https:\/\/magnetic-slots.org\/pl\/#website"},"datePublished":"2025-12-15T07:39:08+00:00","dateModified":"2025-12-15T13:26:08+00:00","description":"Aplikacja Magneticslots zapewnia p\u0142ynn\u0105 rozgrywk\u0119 na platformach Android, iOS, Windows i macOS, wraz z synchronizacj\u0105 kont, regularnymi aktualizacjami i wbudowan\u0105 pomoc\u0105 techniczn\u0105 dla \u0142atwo\u015bci u\u017cytkowania.","breadcrumb":{"@id":"https:\/\/magnetic-slots.org\/pl\/aplikacja\/#breadcrumb"},"inLanguage":"pl-PL","potentialAction":[{"@type":"ReadAction","target":["https:\/\/magnetic-slots.org\/pl\/aplikacja\/"]}]},{"@type":"BreadcrumbList","@id":"https:\/\/magnetic-slots.org\/pl\/aplikacja\/#breadcrumb","itemListElement":[{"@type":"ListItem","position":1,"name":"Magneticslots","item":"https:\/\/magnetic-slots.org\/pl\/"},{"@type":"ListItem","position":2,"name":"Aplikacja"}]},{"@type":"WebSite","@id":"https:\/\/magnetic-slots.org\/pl\/#website","url":"https:\/\/magnetic-slots.org\/pl\/","name":"Magneticslots","description":"","publisher":{"@id":"https:\/\/magnetic-slots.org\/pl\/#organization"},"potentialAction":[{"@type":"SearchAction","target":{"@type":"EntryPoint","urlTemplate":"https:\/\/magnetic-slots.org\/pl\/?s={search_term_string}"},"query-input":{"@type":"PropertyValueSpecification","valueRequired":true,"valueName":"search_term_string"}}],"inLanguage":"pl-PL"},{"@type":"Organization","@id":"https:\/\/magnetic-slots.org\/pl\/#organization","name":"Magneticslots","url":"https:\/\/magnetic-slots.org\/pl\/","logo":{"@type":"ImageObject","inLanguage":"pl-PL","@id":"https:\/\/magnetic-slots.org\/pl\/#\/schema\/logo\/image\/","url":"https:\/\/magnetic-slots.org\/wp-content\/uploads\/2025\/12\/logo.svg","contentUrl":"https:\/\/magnetic-slots.org\/wp-content\/uploads\/2025\/12\/logo.svg","width":160,"height":27,"caption":"Magneticslots"},"image":{"@id":"https:\/\/magnetic-slots.org\/pl\/#\/schema\/logo\/image\/"}}]}},"_links":{"self":[{"href":"https:\/\/magnetic-slots.org\/pl\/wp-json\/wp\/v2\/pages\/1437","targetHints":{"allow":["GET"]}}],"collection":[{"href":"https:\/\/magnetic-slots.org\/pl\/wp-json\/wp\/v2\/pages"}],"about":[{"href":"https:\/\/magnetic-slots.org\/pl\/wp-json\/wp\/v2\/types\/page"}],"author":[{"embeddable":true,"href":"https:\/\/magnetic-slots.org\/pl\/wp-json\/wp\/v2\/users\/1"}],"replies":[{"embeddable":true,"href":"https:\/\/magnetic-slots.org\/pl\/wp-json\/wp\/v2\/comments?post=1437"}],"version-history":[{"count":3,"href":"https:\/\/magnetic-slots.org\/pl\/wp-json\/wp\/v2\/pages\/1437\/revisions"}],"predecessor-version":[{"id":1787,"href":"https:\/\/magnetic-slots.org\/pl\/wp-json\/wp\/v2\/pages\/1437\/revisions\/1787"}],"wp:attachment":[{"href":"https:\/\/magnetic-slots.org\/pl\/wp-json\/wp\/v2\/media?parent=1437"}],"curies":[{"name":"wp","href":"https:\/\/api.w.org\/{rel}","templated":true}]}}