{"id":1435,"date":"2025-12-15T07:39:08","date_gmt":"2025-12-15T07:39:08","guid":{"rendered":"https:\/\/magnetic-slots.org\/app\/"},"modified":"2025-12-15T12:52:56","modified_gmt":"2025-12-15T12:52:56","slug":"applicazione","status":"publish","type":"page","link":"https:\/\/magnetic-slots.org\/it\/applicazione\/","title":{"rendered":"Applicazione"},"content":{"rendered":"<h1>App Magneticslots: Giochi da casin\u00f2 per dispositivi mobili<\/h1>\n<p>Magneticslots App rivoluziona completamente il gioco digitale. Le slot online e i giochi da tavolo che offriamo attraggono giocatori italiani da tutto il mondo. Puoi accedere all&#8217;esperienza di gioco mobile pi\u00f9 semplice e sicura. Magneticslots Casino \u00e8 stato sviluppato utilizzando le tecnologie pi\u00f9 avanzate. Tutti i clienti possono giocare ai loro giochi preferiti ovunque si trovino e godere sempre della migliore esperienza, indipendentemente dal dispositivo utilizzato.<\/p>\n<div class=\"banner-wrap\" aria-label=\"Banner\"><img src=\"https:\/\/magnetic-slots.org\/wp-content\/uploads\/2025\/12\/header-bg-1.webp\" class=\"w-100 d-none d-lg-block img-pc main-banner-img\" alt=\"MagneticSlots desktop banner\" fetchpriority=\"high\" decoding=\"async\"><img src=\"https:\/\/magnetic-slots.org\/wp-content\/uploads\/2025\/12\/MagneticSlots-mobile-banner.webp\" class=\"w-100 d-none d-md-block d-lg-none main-banner-img\" alt=\"MagneticSlots mobile banner\" fetchpriority=\"high\" decoding=\"async\"><img src=\"https:\/\/magnetic-slots.org\/wp-content\/uploads\/2025\/12\/MagneticSlots-mobile-banner.webp\" class=\"w-100 d-md-none\" alt=\"MagneticSlots mobile banner\" fetchpriority=\"high\" decoding=\"async\"><div class=\"banner-description\">\n<div class=\"banner-title\">Bonus di benvenuto<\/div>\n<p class=\"banner-header-title\">1500 \u20ac<\/p>\n<div class=\"banner-header-AdditionalText\">+ 250 Giri gratuiti<\/div>\n<button data-item=\"homepage_banner_link\" class=\"goto m-button m-gradient-border m-button--primary m-button--large banner-button btn-orange\">\n            <div class=\"m-button-content\">\n                <span>Iscriviti ora<\/span>\n                <span><\/span>\n            <\/div>\n        <\/button>\n<\/div>\n<div class=\"WelcomePack\">\n<p><img loading=\"lazy\" decoding=\"async\" class=\"alignnone wp-image-1338 size-full\" src=\"https:\/\/magnetic-slots.org\/wp-content\/uploads\/2025\/12\/welcome-crown.svg\" alt=\"crown\" width=\"25\" height=\"26\" \/><\/p>\n<div class=\"WelcomePack-Info\">Cashback settimanale fino al 25%<\/div>\n<p><img loading=\"lazy\" decoding=\"async\" class=\"alignnone size-full wp-image-1338\" src=\"https:\/\/magnetic-slots.org\/wp-content\/uploads\/2025\/12\/welcome-crown.svg\" alt=\"crown\" width=\"25\" height=\"26\" \/><\/p>\n<\/div>\n<\/div>\n<h2>Magneticslots Piattaforma mobile<\/h2>\n<p>L&#8217;app Magneticslots pu\u00f2 essere definita come una delle soluzioni di gioco mobile pi\u00f9 eccezionali grazie alla sua velocit\u00e0, sicurezza e semplicit\u00e0 di utilizzo. Rispetto all&#8217;esperienza di gioco sui browser convenzionali, la nostra app offre tempi di caricamento migliori, una grafica pi\u00f9 accattivante e una giocabilit\u00e0 superiore grazie alla sua interfaccia mobile dedicata. La facilit\u00e0 d&#8217;uso e la possibilit\u00e0 di accedere istantaneamente a tutte le funzionalit\u00e0, come depositi, prelievi, bonus e assistenza clienti, rendono l&#8217;app una delle preferite dai giocatori che desiderano giocare senza interruzioni.<\/p>\n<p>L&#8217;architettura ad alte prestazioni dell&#8217;app Magneticslots garantisce comfort con la minima latenza possibile e un&#8217;elevata sicurezza, che offre una sensazione di tranquillit\u00e0 durante le transazioni e il gioco. Magneticslots Casino si assicurer\u00e0 inoltre di stare al passo con i tempi, incorporando nuove funzionalit\u00e0 e misure di sicurezza per offrire un&#8217;esperienza di gioco di alto livello gaming experience<\/p>\n<p><div class=\"scrollable-content-wrap my-5\"><div class=\"scrollable-content-inner\"><h2>Magneticslots Casino App mobile per Android<\/h2>\n<p>La versione Android della nostra app intelligente Magneticslots \u00e8 progettata in modo cos\u00ec moderno da offrirti un&#8217;esperienza di gioco di alta qualit\u00e0 senza download estesi. Utilizza un&#8217;applicazione web progressiva (PWA). I nostri giocatori possono installare il casin\u00f2 sul proprio desktop in meno di tre minuti utilizzando il nostro sito ufficiale.<\/p>\n<h3>APK<\/h3>\n<p>Sebbene la versione APK fosse il metodo di installazione pi\u00f9 comune, il passaggio alla PWA ha reso obsoleta l&#8217;importanza dei file APK. Di solito, i file APK devono essere scaricati e aggiornati manualmente, il che pu\u00f2 rappresentare un problema di sicurezza e essere difficile da gestire. Ora, la versione Android \u00e8 disponibile per i giocatori per la massima efficienza sulla nostra app Magneticslots (PWA), che consente loro di lavorare sempre sull&#8217;ultima versione del nostro casin\u00f2 mobile, che \u00e8 la pi\u00f9 sicura senza aggiornamenti manuali.<\/p>\n<h3>PWA<\/h3>\n<p>Vi spieghiamo pi\u00f9 nel dettaglio come funziona. La versione Android di Magneticslots PWA \u00e8 un gioco per dispositivi mobili davvero portatile. I nostri giocatori devono solo scorrere la nostra pagina principale, toccare il pulsante &#8220;App Casin\u00f2&#8221; e seguire le semplici istruzioni per l&#8217;installazione. Questa app pu\u00f2 essere installata sulla schermata iniziale e la sua icona sar\u00e0 automaticamente visibile nel menu, con facile accesso alla libreria completa di giochi e alle opzioni di gestione dell&#8217;account. La nostra elegante app Magneticslots \u00e8 compatibile con qualsiasi tipo di dispositivo, come smartphone e tablet, e ha un&#8217;interfaccia touch-friendly, che pu\u00f2 essere adattata a qualsiasi dimensione dello schermo. Questa configurazione garantir\u00e0 un&#8217;esperienza reattiva, facile da usare e in grado di competere con le applicazioni native.<\/p>\n<p><img loading=\"lazy\" decoding=\"async\" src=\"https:\/\/magnetic-slots.org\/wp-content\/uploads\/2025\/12\/MagneticSlots-Android.webp\" alt=\"MagneticSlots Android App\" width=\"1248\" height=\"536\" \/><\/p>\n<\/div><\/div><div style=\"clear: both\"><\/div><div class=\"d-flex justify-content-center\"><button data-item=\"decouvrez_link\" data-group=\"website_links\" class=\"goto fw-bold rounded-pill btn btn-orange\" aria-label=\"Scarica l&#039;app MagneticSlots\" >Scarica l&#039;app MagneticSlots<\/button><\/div><div class=\"scrollable-content-wrap my-5\"><div class=\"scrollable-content-inner\"><h2>Magneticslots App mobile del casin\u00f2 per iOS<\/h2>\n<p>La stessa esperienza di gioco \u00e8 disponibile anche per i nostri cari utenti iOS. La nostra PWA basata sul web \u00e8 completamente ottimizzata per Safari. Basta andare sulla pagina principale del nostro casin\u00f2, premere il pulsante &#8220;Installa&#8221; e posizionare l&#8217;app sulla schermata iniziale. Questo approccio garantir\u00e0 un ambiente sicuro e snello, in linea con le politiche di Apple.<\/p>\n<p>Anche la versione iOS \u00e8 facile da usare e presenta pulsanti pi\u00f9 grandi e azioni di scorrimento che facilitano la navigazione. L&#8217;uso delle notifiche push tiene aggiornati i giocatori sui bonus, sulle nuove uscite dei giochi e sulle offerte esclusive, tenendoli cos\u00ec informati sulle ultime offerte di Magneticslots casino.<\/p>\n<p>I vantaggi delle Magnetic Slots PWA sono:<\/p>\n<ul>\n<li>Sicurezza assoluta, poich\u00e9 non \u00e8 necessario scaricare file aggiuntivi<\/li>\n<li>Non \u00e8 necessario cercare alcun APK negli store<\/li>\n<li>Nessuna restrizione da parte di Google Play o App Store<\/li>\n<li>Nessuna influenza sulla batteria del dispositivo<\/li>\n<\/ul>\n<p><img loading=\"lazy\" decoding=\"async\" src=\"https:\/\/magnetic-slots.org\/wp-content\/uploads\/2025\/12\/MagneticSlots-iOS.webp\" alt=\"MagneticSlots iOS App\" width=\"1248\" height=\"536\" \/><\/p>\n<\/div><\/div><div style=\"clear: both\"><\/div><div class=\"d-flex justify-content-center\"><button data-item=\"decouvrez_link\" data-group=\"website_links\" class=\"goto fw-bold rounded-pill btn btn-orange\" aria-label=\"Scarica MagenticSlots\" >Scarica MagenticSlots<\/button><\/div><div class=\"scrollable-content-wrap my-5\"><div class=\"scrollable-content-inner\"><h2>Download delle app per Windows e macOS<\/h2>\n<p>I nostri cari giocatori di Magnetic Slots che desiderano un&#8217;esperienza desktop possono utilizzarlo, poich\u00e9 forniamo un software speciale compatibile con Windows e macOS. Questa \u00e8 la nostra versione desktop, che ha un&#8217;interfaccia di alta qualit\u00e0 con una grafica e effetti sonori migliori. L&#8217;abbiamo ottimizzata per essere veloce, affidabile e per fornire tutte le funzionalit\u00e0, come l&#8217;assistenza clienti e le procedure di verifica.<\/p>\n<p>Il software Magneticslots casino \u00e8 accessibile ai giocatori che utilizzano browser supportati, tra cui Google Chrome, Mozilla Firefox, Safari o Microsoft Edge. Ci\u00f2 garantisce una certa flessibilit\u00e0, in quanto consente di vivere un&#8217;esperienza di gioco simile su una variet\u00e0 di piattaforme, sia su desktop che su laptop.<\/p>\n<table>\n<tbody>\n<tr>\n<td>Pro<\/td>\n<td>Contro<\/td>\n<\/tr>\n<tr>\n<td>Pu\u00f2 essere avviato direttamente dal browser senza installazione, fornendo un accesso rapido alla libreria di giochi.<\/td>\n<td>Richiede una connessione Internet per giocare; non pu\u00f2 funzionare completamente offline.<\/td>\n<\/tr>\n<tr>\n<td>Installalo in meno di tre minuti toccando un pulsante sul sito web; non \u00e8 necessario scaricare file di grandi dimensioni o visitare gli app store.<\/td>\n<td>Le prestazioni e la stabilit\u00e0 dipendono dalle capacit\u00e0 del browser; alcuni browser potrebbero non supportare completamente tutte le funzionalit\u00e0 PWA.<\/td>\n<\/tr>\n<tr>\n<td>Esegue sempre l&#8217;ultima versione senza aggiornamenti manuali, garantendo sicurezza e accesso alle nuove funzionalit\u00e0.<\/td>\n<td>Sebbene le notifiche push siano supportate, alcuni browser o dispositivi potrebbero avere restrizioni sulla consegna o sulla personalizzazione.<\/td>\n<\/tr>\n<tr>\n<td>Funziona perfettamente su diversi dispositivi e sistemi operativi, inclusi Android e iOS tramite Safari.<\/td>\n<td>Le prestazioni possono variare a seconda delle prestazioni del browser e delle specifiche del dispositivo e potrebbero essere meno fluide rispetto alle app native.<\/td>\n<\/tr>\n<tr>\n<td>Non occupa molto spazio sui dispositivi rispetto alle app native, consentendo di risparmiare risorse di archiviazione.<\/td>\n<td><\/td>\n<\/tr>\n<tr>\n<td>Vantaggi derivanti dai protocolli di sicurezza del browser e dagli aggiornamenti che riducono le vulnerabilit\u00e0.<\/td>\n<td><\/td>\n<\/tr>\n<\/tbody>\n<\/table>\n<p><img loading=\"lazy\" decoding=\"async\" src=\"https:\/\/magnetic-slots.org\/wp-content\/uploads\/2025\/12\/MagneticSlots-Desktop.webp\" alt=\"MagneticSlots Desktop\" width=\"1248\" height=\"536\" \/><\/p>\n<\/div><\/div><div style=\"clear: both\"><\/div><div class=\"d-flex justify-content-center\"><button data-item=\"decouvrez_link\" data-group=\"website_links\" class=\"goto fw-bold rounded-pill btn btn-orange\" aria-label=\"Scarica l&#039;app MagneticSlots\" >Scarica l&#039;app MagneticSlots<\/button><\/div><div class=\"scrollable-content-wrap my-5\"><div class=\"scrollable-content-inner\"><h2>Domande frequenti<\/h2>\n<h3>L&#8217;app Magnetic Slots Casino offre assistenza clienti?<\/h3>\n<p>Il casin\u00f2 Magneticslots offre un&#8217;assistenza clienti estremamente dettagliata tramite live chat, disponibile non solo nell&#8217;app ma anche sul sito ufficiale. Il nostro team di assistenza \u00e8 disponibile 24 ore su 24 e si occuper\u00e0 di qualsiasi problema tecnico, domanda di verifica e altre richieste per garantire un&#8217;esperienza di gioco senza intoppi!<\/p>\n<h3>\u00c8 necessario creare un account per utilizzare l&#8217;app Magnetic Slots?<\/h3>\n<p>Se desideri giocare senza limitazioni su Magnetic Slots e visualizzare le tue transazioni e la cronologia di gioco, interagire e divertirti, \u00e8 necessario creare un account. Ma offriamo anche la versione demo. Per avere accesso a tutte le funzionalit\u00e0, come depositi, prelievi e gioco, tutti gli utenti devono completare la registrazione e il processo di verifica. La registrazione \u00e8 veloce e sicura e ha lo scopo di proteggere le informazioni sui giocatori e offrire un comodo accesso a tutti i servizi del casin\u00f2.<\/p>\n<h3>Tutti i giochi sono disponibili nell&#8217;app Magneticslots?<\/h3>\n<p>L&#8217;ampia variet\u00e0 di slot online e giochi da casin\u00f2 disponibili su Magneticslots casino pu\u00f2 essere giocata sull&#8217;app. Alcuni giochi o funzioni potrebbero essere disponibili solo nella versione desktop o nell&#8217;interfaccia web, ma l&#8217;applicazione mobile di Magnetic Slots offre una libreria di giochi completa per la maggior parte dei giocatori.<\/p>\n<h3>Come posso aggiornare l&#8217;app Magneticslots Casino?<\/h3>\n<p>Non dovrai preoccuparti degli aggiornamenti. L&#8217;app Magneticslots si aggiorna automaticamente utilizzando il framework PWA, che elimina il processo di aggiornamento manuale. Accedendo all&#8217;app tramite il browser o l&#8217;icona installata, i giocatori avranno sempre a disposizione l&#8217;ultima versione e le nuove funzionalit\u00e0, oltre a miglioramenti in termini di sicurezza. Nel caso del software desktop, gli aggiornamenti sono automatici e vengono effettuati da Magneticslots casino.<\/p>\n<\/div><\/div><\/p>\n","protected":false},"excerpt":{"rendered":"<p>App Magneticslots: Giochi da casin\u00f2 per dispositivi mobili Magneticslots App rivoluziona completamente il gioco digitale. Le slot online e i giochi da tavolo che offriamo attraggono giocatori italiani da tutto il mondo. Puoi accedere all&#8217;esperienza di gioco mobile pi\u00f9 semplice e sicura. Magneticslots Casino \u00e8 stato sviluppato utilizzando le tecnologie pi\u00f9 avanzate. Tutti i clienti [&hellip;]<\/p>\n","protected":false},"author":1,"featured_media":0,"parent":0,"menu_order":0,"comment_status":"closed","ping_status":"closed","template":"template-builder.php","meta":{"_acf_changed":false,"inline_featured_image":false,"footnotes":""},"class_list":["post-1435","page","type-page","status-publish","hentry"],"acf":[],"yoast_head":"<!-- This site is optimized with the Yoast SEO plugin v27.3 - https:\/\/yoast.com\/product\/yoast-seo-wordpress\/ -->\n<title>Casin\u00f2 mobile Magneticslots | App per Android e iOS<\/title>\n<meta name=\"description\" content=\"L&#039;app Magneticslots garantisce un&#039;esperienza di gioco impeccabile su piattaforme Android, iOS, Windows e macOS, completa di sincronizzazione dell&#039;account, aggiornamenti regolari e assistenza clienti integrata per una maggiore facilit\u00e0 d&#039;uso.\" \/>\n<meta name=\"robots\" content=\"index, follow, max-snippet:-1, max-image-preview:large, max-video-preview:-1\" \/>\n<link rel=\"canonical\" href=\"https:\/\/magnetic-slots.org\/it\/applicazione\/\" \/>\n<meta property=\"og:locale\" content=\"it_IT\" \/>\n<meta property=\"og:type\" content=\"article\" \/>\n<meta property=\"og:title\" content=\"Casin\u00f2 mobile Magneticslots | App per Android e iOS\" \/>\n<meta property=\"og:description\" content=\"L&#039;app Magneticslots garantisce un&#039;esperienza di gioco impeccabile su piattaforme Android, iOS, Windows e macOS, completa di sincronizzazione dell&#039;account, aggiornamenti regolari e assistenza clienti integrata per una maggiore facilit\u00e0 d&#039;uso.\" \/>\n<meta property=\"og:url\" content=\"https:\/\/magnetic-slots.org\/it\/applicazione\/\" \/>\n<meta property=\"og:site_name\" content=\"magnetic-slots\" \/>\n<meta property=\"article:modified_time\" content=\"2025-12-15T12:52:56+00:00\" \/>\n<meta name=\"twitter:card\" content=\"summary_large_image\" \/>\n<meta name=\"twitter:label1\" content=\"Est. reading time\" \/>\n\t<meta name=\"twitter:data1\" content=\"1 minute\" \/>\n<script type=\"application\/ld+json\" class=\"yoast-schema-graph\">{\"@context\":\"https:\\\/\\\/schema.org\",\"@graph\":[{\"@type\":\"WebPage\",\"@id\":\"https:\\\/\\\/magnetic-slots.org\\\/it\\\/applicazione\\\/\",\"url\":\"https:\\\/\\\/magnetic-slots.org\\\/it\\\/applicazione\\\/\",\"name\":\"Casin\u00f2 mobile Magneticslots | App per Android e iOS\",\"isPartOf\":{\"@id\":\"https:\\\/\\\/magnetic-slots.org\\\/it\\\/#website\"},\"datePublished\":\"2025-12-15T07:39:08+00:00\",\"dateModified\":\"2025-12-15T12:52:56+00:00\",\"description\":\"L'app Magneticslots garantisce un'esperienza di gioco impeccabile su piattaforme Android, iOS, Windows e macOS, completa di sincronizzazione dell'account, aggiornamenti regolari e assistenza clienti integrata per una maggiore facilit\u00e0 d'uso.\",\"breadcrumb\":{\"@id\":\"https:\\\/\\\/magnetic-slots.org\\\/it\\\/applicazione\\\/#breadcrumb\"},\"inLanguage\":\"it-IT\",\"potentialAction\":[{\"@type\":\"ReadAction\",\"target\":[\"https:\\\/\\\/magnetic-slots.org\\\/it\\\/applicazione\\\/\"]}]},{\"@type\":\"BreadcrumbList\",\"@id\":\"https:\\\/\\\/magnetic-slots.org\\\/it\\\/applicazione\\\/#breadcrumb\",\"itemListElement\":[{\"@type\":\"ListItem\",\"position\":1,\"name\":\"Magneticslots\",\"item\":\"https:\\\/\\\/magnetic-slots.org\\\/it\\\/\"},{\"@type\":\"ListItem\",\"position\":2,\"name\":\"Applicazione\"}]},{\"@type\":\"WebSite\",\"@id\":\"https:\\\/\\\/magnetic-slots.org\\\/it\\\/#website\",\"url\":\"https:\\\/\\\/magnetic-slots.org\\\/it\\\/\",\"name\":\"Magneticslots\",\"description\":\"\",\"publisher\":{\"@id\":\"https:\\\/\\\/magnetic-slots.org\\\/it\\\/#organization\"},\"potentialAction\":[{\"@type\":\"SearchAction\",\"target\":{\"@type\":\"EntryPoint\",\"urlTemplate\":\"https:\\\/\\\/magnetic-slots.org\\\/it\\\/?s={search_term_string}\"},\"query-input\":{\"@type\":\"PropertyValueSpecification\",\"valueRequired\":true,\"valueName\":\"search_term_string\"}}],\"inLanguage\":\"it-IT\"},{\"@type\":\"Organization\",\"@id\":\"https:\\\/\\\/magnetic-slots.org\\\/it\\\/#organization\",\"name\":\"Magneticslots\",\"url\":\"https:\\\/\\\/magnetic-slots.org\\\/it\\\/\",\"logo\":{\"@type\":\"ImageObject\",\"inLanguage\":\"it-IT\",\"@id\":\"https:\\\/\\\/magnetic-slots.org\\\/it\\\/#\\\/schema\\\/logo\\\/image\\\/\",\"url\":\"https:\\\/\\\/magnetic-slots.org\\\/wp-content\\\/uploads\\\/2025\\\/12\\\/logo.svg\",\"contentUrl\":\"https:\\\/\\\/magnetic-slots.org\\\/wp-content\\\/uploads\\\/2025\\\/12\\\/logo.svg\",\"width\":160,\"height\":27,\"caption\":\"Magneticslots\"},\"image\":{\"@id\":\"https:\\\/\\\/magnetic-slots.org\\\/it\\\/#\\\/schema\\\/logo\\\/image\\\/\"}}]}<\/script>\n<!-- \/ Yoast SEO plugin. -->","yoast_head_json":{"title":"Casin\u00f2 mobile Magneticslots | App per Android e iOS","description":"L'app Magneticslots garantisce un'esperienza di gioco impeccabile su piattaforme Android, iOS, Windows e macOS, completa di sincronizzazione dell'account, aggiornamenti regolari e assistenza clienti integrata per una maggiore facilit\u00e0 d'uso.","robots":{"index":"index","follow":"follow","max-snippet":"max-snippet:-1","max-image-preview":"max-image-preview:large","max-video-preview":"max-video-preview:-1"},"canonical":"https:\/\/magnetic-slots.org\/it\/applicazione\/","og_locale":"it_IT","og_type":"article","og_title":"Casin\u00f2 mobile Magneticslots | App per Android e iOS","og_description":"L'app Magneticslots garantisce un'esperienza di gioco impeccabile su piattaforme Android, iOS, Windows e macOS, completa di sincronizzazione dell'account, aggiornamenti regolari e assistenza clienti integrata per una maggiore facilit\u00e0 d'uso.","og_url":"https:\/\/magnetic-slots.org\/it\/applicazione\/","og_site_name":"magnetic-slots","article_modified_time":"2025-12-15T12:52:56+00:00","twitter_card":"summary_large_image","twitter_misc":{"Est. reading time":"1 minute"},"schema":{"@context":"https:\/\/schema.org","@graph":[{"@type":"WebPage","@id":"https:\/\/magnetic-slots.org\/it\/applicazione\/","url":"https:\/\/magnetic-slots.org\/it\/applicazione\/","name":"Casin\u00f2 mobile Magneticslots | App per Android e iOS","isPartOf":{"@id":"https:\/\/magnetic-slots.org\/it\/#website"},"datePublished":"2025-12-15T07:39:08+00:00","dateModified":"2025-12-15T12:52:56+00:00","description":"L'app Magneticslots garantisce un'esperienza di gioco impeccabile su piattaforme Android, iOS, Windows e macOS, completa di sincronizzazione dell'account, aggiornamenti regolari e assistenza clienti integrata per una maggiore facilit\u00e0 d'uso.","breadcrumb":{"@id":"https:\/\/magnetic-slots.org\/it\/applicazione\/#breadcrumb"},"inLanguage":"it-IT","potentialAction":[{"@type":"ReadAction","target":["https:\/\/magnetic-slots.org\/it\/applicazione\/"]}]},{"@type":"BreadcrumbList","@id":"https:\/\/magnetic-slots.org\/it\/applicazione\/#breadcrumb","itemListElement":[{"@type":"ListItem","position":1,"name":"Magneticslots","item":"https:\/\/magnetic-slots.org\/it\/"},{"@type":"ListItem","position":2,"name":"Applicazione"}]},{"@type":"WebSite","@id":"https:\/\/magnetic-slots.org\/it\/#website","url":"https:\/\/magnetic-slots.org\/it\/","name":"Magneticslots","description":"","publisher":{"@id":"https:\/\/magnetic-slots.org\/it\/#organization"},"potentialAction":[{"@type":"SearchAction","target":{"@type":"EntryPoint","urlTemplate":"https:\/\/magnetic-slots.org\/it\/?s={search_term_string}"},"query-input":{"@type":"PropertyValueSpecification","valueRequired":true,"valueName":"search_term_string"}}],"inLanguage":"it-IT"},{"@type":"Organization","@id":"https:\/\/magnetic-slots.org\/it\/#organization","name":"Magneticslots","url":"https:\/\/magnetic-slots.org\/it\/","logo":{"@type":"ImageObject","inLanguage":"it-IT","@id":"https:\/\/magnetic-slots.org\/it\/#\/schema\/logo\/image\/","url":"https:\/\/magnetic-slots.org\/wp-content\/uploads\/2025\/12\/logo.svg","contentUrl":"https:\/\/magnetic-slots.org\/wp-content\/uploads\/2025\/12\/logo.svg","width":160,"height":27,"caption":"Magneticslots"},"image":{"@id":"https:\/\/magnetic-slots.org\/it\/#\/schema\/logo\/image\/"}}]}},"_links":{"self":[{"href":"https:\/\/magnetic-slots.org\/it\/wp-json\/wp\/v2\/pages\/1435","targetHints":{"allow":["GET"]}}],"collection":[{"href":"https:\/\/magnetic-slots.org\/it\/wp-json\/wp\/v2\/pages"}],"about":[{"href":"https:\/\/magnetic-slots.org\/it\/wp-json\/wp\/v2\/types\/page"}],"author":[{"embeddable":true,"href":"https:\/\/magnetic-slots.org\/it\/wp-json\/wp\/v2\/users\/1"}],"replies":[{"embeddable":true,"href":"https:\/\/magnetic-slots.org\/it\/wp-json\/wp\/v2\/comments?post=1435"}],"version-history":[{"count":2,"href":"https:\/\/magnetic-slots.org\/it\/wp-json\/wp\/v2\/pages\/1435\/revisions"}],"predecessor-version":[{"id":1730,"href":"https:\/\/magnetic-slots.org\/it\/wp-json\/wp\/v2\/pages\/1435\/revisions\/1730"}],"wp:attachment":[{"href":"https:\/\/magnetic-slots.org\/it\/wp-json\/wp\/v2\/media?parent=1435"}],"curies":[{"name":"wp","href":"https:\/\/api.w.org\/{rel}","templated":true}]}}