{"id":1472,"date":"2025-12-15T07:42:00","date_gmt":"2025-12-15T07:42:00","guid":{"rendered":"https:\/\/magnetic-slots.org\/login-and-registration\/"},"modified":"2025-12-24T13:59:42","modified_gmt":"2025-12-24T13:59:42","slug":"connexion-et-inscription","status":"publish","type":"page","link":"https:\/\/magnetic-slots.org\/fr\/connexion-et-inscription\/","title":{"rendered":"Connexion et inscription"},"content":{"rendered":"<h1>Connexion \u00e0 Magneticslots : inscription rapide et gestion de compte<\/h1>\n<p>Magneticslots login est un moyen pratique et cr\u00e9atif d&rsquo;acc\u00e9der \u00e0 notre casino en ligne. Nous nous effor\u00e7ons de maintenir un niveau \u00e9lev\u00e9 de qualit\u00e9 en mati\u00e8re de divertissement, d&rsquo;\u00e9quit\u00e9 et de s\u00e9curit\u00e9. Soucieux de vous pr\u00e9senter notre fantastique gamme de jeux, nos syst\u00e8mes de paiement pratiques et notre service client\u00e8le tr\u00e8s r\u00e9actif, nous, chez Magneticslots Casino, mettons tout en \u0153uvre pour garantir une exp\u00e9rience de jeu agr\u00e9able \u00e0 tous nos nouveaux joueurs et \u00e0 nos joueurs qualifi\u00e9s.<\/p>\n<p><div class=\"banner-wrap\" aria-label=\"Banner\"><img src=\"https:\/\/magnetic-slots.org\/wp-content\/uploads\/2025\/12\/header-bg-1.webp\" class=\"w-100 d-none d-lg-block img-pc main-banner-img\" alt=\"MagneticSlots desktop banner\" fetchpriority=\"high\" decoding=\"async\"><img src=\"https:\/\/magnetic-slots.org\/wp-content\/uploads\/2025\/12\/MagneticSlots-mobile-banner.webp\" class=\"w-100 d-none d-md-block d-lg-none main-banner-img\" alt=\"MagneticSlots mobile banner\" fetchpriority=\"high\" decoding=\"async\"><img src=\"https:\/\/magnetic-slots.org\/wp-content\/uploads\/2025\/12\/MagneticSlots-mobile-banner.webp\" class=\"w-100 d-md-none\" alt=\"MagneticSlots mobile banner\" fetchpriority=\"high\" decoding=\"async\"><div class=\"banner-description\">\n<div class=\"banner-title\">Bonus de bienvenue<\/div>\n<p class=\"banner-header-title\">1000 \u20ac<\/p>\n<div class=\"banner-header-AdditionalText\">+ 100 Tours gratuits<\/div>\n<button data-item=\"homepage_banner_link\" class=\"goto m-button m-gradient-border m-button--primary m-button--large banner-button btn-orange\">\n            <div class=\"m-button-content\">\n                <span>Inscrivez-vous d\u00e8s maintenant<\/span>\n                <span><\/span>\n            <\/div>\n        <\/button>\n<\/div>\n<div class=\"WelcomePack\">\n<p><img loading=\"lazy\" decoding=\"async\" class=\"alignnone wp-image-1338 size-full\" src=\"https:\/\/magnetic-slots.org\/wp-content\/uploads\/2025\/12\/welcome-crown.svg\" alt=\"crown\" width=\"25\" height=\"26\" \/><\/p>\n<div class=\"WelcomePack-Info\">Cashback hebdomadaire jusqu&rsquo;\u00e0 25 %<\/div>\n<p><img loading=\"lazy\" decoding=\"async\" class=\"alignnone size-full wp-image-1338\" src=\"https:\/\/magnetic-slots.org\/wp-content\/uploads\/2025\/12\/welcome-crown.svg\" alt=\"crown\" width=\"25\" height=\"26\" \/><\/p>\n<\/div>\n<\/div><div class=\"scrollable-content-wrap my-5\"><div class=\"scrollable-content-inner\"><h2>Connexion \u00e0 Magneticslots : inscription d&rsquo;un nouveau joueur<\/h2>\n<p>La connexion \u00e0 Magneticslots est con\u00e7ue pour votre confort. Il s&rsquo;agit d&rsquo;un point d&rsquo;entr\u00e9e s\u00fbr et efficace vers un casino en ligne complet. Notre plateforme offre une s\u00e9curit\u00e9 renforc\u00e9e, une inscription facile pour toutes les personnes \u00e2g\u00e9es de plus de 18 ans et une assistance multilingue aux joueurs qui recherchent une connexion de jeu fiable et s\u00e9curis\u00e9e. Vous trouverez qu&rsquo;il est facile de naviguer sur le casino en ligne. Chez Magneticslots casino, nous veillons \u00e0 ce que vous gardiez le contr\u00f4le sur ce que vous jouez et que vous puissiez vous amuser et gagner de l&rsquo;argent en toute s\u00e9curit\u00e9.<\/p>\n<h2>Cr\u00e9ez votre compte Magnetic Slots<\/h2>\n<p>En vous inscrivant sur notre incroyable casino Magneticslots, vous ouvrez de nombreuses portes vers des opportunit\u00e9s de jeu. Votre compte vous donnera acc\u00e8s \u00e0 plus de 6 000 jeux de casino, dont des machines \u00e0 sous, des jeux de table et des croupiers en direct. De plus, en s&rsquo;inscrivant, les joueurs ont la possibilit\u00e9 de gagner des bonus, de participer \u00e0 des tournois, d&rsquo;effectuer des d\u00e9p\u00f4ts et des retraits, et d&rsquo;activer leur profil de jeu. Nous avons rendu notre inscription aussi pratique et s\u00fbre que possible afin de vous permettre d&rsquo;acc\u00e9der rapidement au jeu.<\/p>\n<p>Le processus d&rsquo;inscription sur Magnetic Slots Casino est tr\u00e8s simple. Pour rejoindre notre plateforme, suivez les \u00e9tapes suivantes :<\/p>\n<ol>\n<li>Acc\u00e9dez \u00e0 la page principale de Magneticslots.<\/li>\n<li>Trouvez le bouton \u00ab S&rsquo;inscrire \u00bb.<\/li>\n<li>Appuyez sur le bouton pour afficher le formulaire d&rsquo;inscription.<\/li>\n<li>Entrez votre adresse e-mail valide et choisissez un mot de passe fort. Il est recommand\u00e9 d&rsquo;utiliser une combinaison de lettres minuscules et majuscules, de chiffres et de symboles pour renforcer la s\u00e9curit\u00e9. Ne n\u00e9gligez pas cette \u00e9tape.<\/li>\n<li>Lisez et acceptez les conditions g\u00e9n\u00e9rales, et assurez-vous d&rsquo;avoir l&rsquo;\u00e2ge requis. Prenez le temps de tout lire attentivement.<\/li>\n<li>Cliquez sur le bouton appropri\u00e9 pour envoyer le formulaire d&rsquo;inscription.<\/li>\n<li>Confirmez votre adresse e-mail en cliquant sur le lien de confirmation envoy\u00e9 dans votre bo\u00eete de r\u00e9ception et activez votre compte.<\/li>\n<\/ol>\n<p>Les informations personnelles suppl\u00e9mentaires, telles que votre nom complet, votre date de naissance et votre adresse r\u00e9sidentielle, peuvent \u00eatre renseign\u00e9es ult\u00e9rieurement dans les param\u00e8tres du compte. Cela permet une inscription rapide lors de la premi\u00e8re utilisation de la plateforme et donne imm\u00e9diatement acc\u00e8s \u00e0 toutes les fonctionnalit\u00e9s.<\/p>\n<h2>Connexion \u00e0 Magnetic Slots<\/h2>\n<p>Une fois inscrit, vous pouvez vous connecter facilement et en toute s\u00e9curit\u00e9 \u00e0 votre compte Magnetic Slots. Suivez ces \u00e9tapes :<\/p>\n<ol>\n<li>Allez dans le coin sup\u00e9rieur de Magnetic Slots.<\/li>\n<li>Dans le coin sup\u00e9rieur droit, il y a un bouton avec le texte \u00ab Se connecter \u00bb (juste \u00e0 c\u00f4t\u00e9 du bouton d&rsquo;inscription).<\/li>\n<li>Entrez votre adresse e-mail et votre mot de passe avec lesquels vous \u00eates inscrit.<\/li>\n<li>Terminez le processus de v\u00e9rification en saisissant le code re\u00e7u sur votre t\u00e9l\u00e9phone portable ou votre application d&rsquo;authentification.<\/li>\n<li>Cliquez sur l&rsquo;ic\u00f4ne du compte pour terminer votre connexion \u00e0 Magneticslots. Vous \u00eates de nouveau dans le syst\u00e8me !<\/li>\n<\/ol>\n<p>Vous pouvez effectuer de nombreuses op\u00e9rations depuis votre compte, telles que la gestion de vos informations de profil, vos d\u00e9p\u00f4ts, vos gains, vos retraits et la consultation de l&rsquo;historique de vos transactions. Le site web est bien structur\u00e9 et facile \u00e0 naviguer, ce qui vous permet de consacrer tout votre temps \u00e0 vos jeux pr\u00e9f\u00e9r\u00e9s.<\/p>\n<h3>Mot de passe oubli\u00e9 ?<\/h3>\n<p>Cela arrive parfois. Si vous oubliez votre mot de passe, vous pouvez cliquer sur \u00ab Mot de passe oubli\u00e9 ? \u00bb dans le bouton Connexion Magneticslots. Notre \u00e9quipe d&rsquo;assistance sera alors inform\u00e9e du probl\u00e8me que vous rencontrez. Vous recevrez un e-mail de notre part vous indiquant les \u00e9tapes simples \u00e0 suivre pour r\u00e9cup\u00e9rer votre mot de passe et revenir sans difficult\u00e9 sur notre plateforme.<\/p>\n<h3>Magnetic Slots Casino : s\u00e9curisation et v\u00e9rification des comptes<\/h3>\n<p>Magneticslots casino est une plateforme r\u00e9put\u00e9e, et votre s\u00e9curit\u00e9 est notre priorit\u00e9. Nous mettons tout en \u0153uvre pour vous prot\u00e9ger dans notre cyberespace. Nous s\u00e9curisons vos donn\u00e9es lors de leur transmission gr\u00e2ce \u00e0 un m\u00e9canisme de cryptage SSL. De plus, les joueurs peuvent activer l&rsquo;authentification \u00e0 deux facteurs (2FA) pour b\u00e9n\u00e9ficier d&rsquo;une s\u00e9curit\u00e9 renforc\u00e9e. La proc\u00e9dure d&rsquo;authentification n\u00e9cessite la fourniture de documents authentiques (pi\u00e8ces d&rsquo;identit\u00e9), et notre \u00e9quipe d&rsquo;assistance l&rsquo;examinera dans les 48 heures. Cela est n\u00e9cessaire afin de v\u00e9rifier votre identit\u00e9, de lutter contre la fraude et de faciliter les transactions de retrait.<\/p>\n<table>\n<tbody>\n<tr>\n<td>Type de protection<\/td>\n<td>D\u00e9tails<\/td>\n<\/tr>\n<tr>\n<td>S\u00e9curit\u00e9 de la plateforme<\/td>\n<td>Cryptage SSL, authentification \u00e0 deux facteurs (2FA), proc\u00e9dures de v\u00e9rification, conformit\u00e9 au RGPD, g\u00e9n\u00e9rateur de nombres al\u00e9atoires certifi\u00e9 et licence de Cura\u00e7ao.<\/td>\n<\/tr>\n<tr>\n<td>Service client\u00e8le<\/td>\n<td>Assistance multilingue, chat en direct et assistance par e-mail 24 h\/24, 7 j\/7<\/td>\n<\/tr>\n<tr>\n<td>Conditions d&rsquo;inscription<\/td>\n<td>Adresse e-mail valide, v\u00e9rification stricte de l&rsquo;\u00e2ge et informations personnelles lors de l&rsquo;inscription<\/td>\n<\/tr>\n<tr>\n<td>Processus de v\u00e9rification<\/td>\n<td>T\u00e9l\u00e9chargement de documents \u00e0 examiner<\/td>\n<\/tr>\n<\/tbody>\n<\/table>\n<h2>FAQ<\/h2>\n<h3>Comment puis-je terminer le processus de v\u00e9rification du compte ?<\/h3>\n<p>La v\u00e9rification Magneticslots casino accepte les copies de documents l\u00e9gitimes qui valident l&rsquo;identit\u00e9, par exemple une pi\u00e8ce d&rsquo;identit\u00e9 d\u00e9livr\u00e9e par le gouvernement ou une preuve d&rsquo;adresse. Notre \u00e9quipe d&rsquo;assistance traite les demandes dans un d\u00e9lai de 48 heures, apr\u00e8s quoi vous serez inform\u00e9 ou invit\u00e9 \u00e0 prendre d&rsquo;autres mesures. Les transactions de retrait et la s\u00e9curit\u00e9 du compte ne sont activ\u00e9es qu&rsquo;apr\u00e8s v\u00e9rification.<\/p>\n<h3>Comment mettre \u00e0 jour le mot de passe ou l&rsquo;adresse e-mail ?<\/h3>\n<p>La gestion des param\u00e8tres de votre compte vous permet de modifier votre mot de passe ou votre adresse e-mail. Acc\u00e9dez \u00e0 la section Profil, s\u00e9lectionnez la mise \u00e0 jour souhait\u00e9e et confirmez vos modifications. Vous pouvez tout g\u00e9rer depuis votre compte. Pour des raisons de s\u00e9curit\u00e9, vous devrez peut-\u00eatre v\u00e9rifier votre adresse e-mail ou proc\u00e9der \u00e0 une authentification \u00e0 deux facteurs pour modifier votre adresse e-mail ou votre mot de passe.<\/p>\n<h3>Que dois-je faire si mon compte est bloqu\u00e9 ?<\/h3>\n<p>Commencez par essayer d&rsquo;effectuer la connexion \u00e0 Magneticslots. Si cela ne fonctionne pas, en cas de verrouillage du compte, vous ne pouvez rien faire par vous-m\u00eame ; vous devez contacter notre \u00e9quipe d&rsquo;assistance via le chat en direct ou par e-mail afin que nous puissions vous aider. Une authentification d&rsquo;identit\u00e9 peut \u00eatre effectu\u00e9e pour d\u00e9verrouiller le compte et retrouver l&rsquo;acc\u00e8s.<\/p>\n<h3>Comment puis-je fermer ou suspendre temporairement mon compte ?<\/h3>\n<p>Si vous souhaitez soudainement fermer ou geler votre compte Magneticslots casino, veuillez envoyer une demande via vos param\u00e8tres pour contacter le service d&rsquo;assistance. Notre \u00e9quipe vous guidera tout au long du processus afin que vos donn\u00e9es soient trait\u00e9es de mani\u00e8re appropri\u00e9e.<\/p>\n<\/div><\/div><\/p>\n","protected":false},"excerpt":{"rendered":"<p>Connexion \u00e0 Magneticslots : inscription rapide et gestion de compte Magneticslots login est un moyen pratique et cr\u00e9atif d&rsquo;acc\u00e9der \u00e0 notre casino en ligne. Nous nous effor\u00e7ons de maintenir un niveau \u00e9lev\u00e9 de qualit\u00e9 en mati\u00e8re de divertissement, d&rsquo;\u00e9quit\u00e9 et de s\u00e9curit\u00e9. Soucieux de vous pr\u00e9senter notre fantastique gamme de jeux, nos syst\u00e8mes de paiement [&hellip;]<\/p>\n","protected":false},"author":1,"featured_media":0,"parent":0,"menu_order":0,"comment_status":"closed","ping_status":"closed","template":"template-builder.php","meta":{"_acf_changed":false,"inline_featured_image":false,"footnotes":""},"class_list":["post-1472","page","type-page","status-publish","hentry"],"acf":[],"yoast_head":"<!-- This site is optimized with the Yoast SEO plugin v27.3 - https:\/\/yoast.com\/product\/yoast-seo-wordpress\/ -->\n<title>Magneticslots Connexion - Inscription et acc\u00e8s au compte<\/title>\n<meta name=\"description\" content=\"Cr\u00e9ez, g\u00e9rez et v\u00e9rifiez facilement votre compte Magneticslots Casino gr\u00e2ce \u00e0 une inscription rapide, une r\u00e9cup\u00e9ration de compte transparente et une fermeture de compte s\u00e9curis\u00e9e, garantissant une protection 24 heures sur 24, 7 jours sur 7 via Magneticslots Login.\" \/>\n<meta name=\"robots\" content=\"index, follow, max-snippet:-1, max-image-preview:large, max-video-preview:-1\" \/>\n<link rel=\"canonical\" href=\"https:\/\/magnetic-slots.org\/fr\/connexion-et-inscription\/\" \/>\n<meta property=\"og:locale\" content=\"fr_FR\" \/>\n<meta property=\"og:type\" content=\"article\" \/>\n<meta property=\"og:title\" content=\"Magneticslots Connexion - Inscription et acc\u00e8s au compte\" \/>\n<meta property=\"og:description\" content=\"Cr\u00e9ez, g\u00e9rez et v\u00e9rifiez facilement votre compte Magneticslots Casino gr\u00e2ce \u00e0 une inscription rapide, une r\u00e9cup\u00e9ration de compte transparente et une fermeture de compte s\u00e9curis\u00e9e, garantissant une protection 24 heures sur 24, 7 jours sur 7 via Magneticslots Login.\" \/>\n<meta property=\"og:url\" content=\"https:\/\/magnetic-slots.org\/fr\/connexion-et-inscription\/\" \/>\n<meta property=\"og:site_name\" content=\"magnetic-slots\" \/>\n<meta property=\"article:modified_time\" content=\"2025-12-24T13:59:42+00:00\" \/>\n<meta name=\"twitter:card\" content=\"summary_large_image\" \/>\n<meta name=\"twitter:label1\" content=\"Dur\u00e9e de lecture estim\u00e9e\" \/>\n\t<meta name=\"twitter:data1\" content=\"1 minute\" \/>\n<script type=\"application\/ld+json\" class=\"yoast-schema-graph\">{\"@context\":\"https:\\\/\\\/schema.org\",\"@graph\":[{\"@type\":\"WebPage\",\"@id\":\"https:\\\/\\\/magnetic-slots.org\\\/fr\\\/connexion-et-inscription\\\/\",\"url\":\"https:\\\/\\\/magnetic-slots.org\\\/fr\\\/connexion-et-inscription\\\/\",\"name\":\"Magneticslots Connexion - Inscription et acc\u00e8s au compte\",\"isPartOf\":{\"@id\":\"https:\\\/\\\/magnetic-slots.org\\\/fr\\\/#website\"},\"datePublished\":\"2025-12-15T07:42:00+00:00\",\"dateModified\":\"2025-12-24T13:59:42+00:00\",\"description\":\"Cr\u00e9ez, g\u00e9rez et v\u00e9rifiez facilement votre compte Magneticslots Casino gr\u00e2ce \u00e0 une inscription rapide, une r\u00e9cup\u00e9ration de compte transparente et une fermeture de compte s\u00e9curis\u00e9e, garantissant une protection 24 heures sur 24, 7 jours sur 7 via Magneticslots Login.\",\"breadcrumb\":{\"@id\":\"https:\\\/\\\/magnetic-slots.org\\\/fr\\\/connexion-et-inscription\\\/#breadcrumb\"},\"inLanguage\":\"fr-FR\",\"potentialAction\":[{\"@type\":\"ReadAction\",\"target\":[\"https:\\\/\\\/magnetic-slots.org\\\/fr\\\/connexion-et-inscription\\\/\"]}]},{\"@type\":\"BreadcrumbList\",\"@id\":\"https:\\\/\\\/magnetic-slots.org\\\/fr\\\/connexion-et-inscription\\\/#breadcrumb\",\"itemListElement\":[{\"@type\":\"ListItem\",\"position\":1,\"name\":\"Magneticslots\",\"item\":\"https:\\\/\\\/magnetic-slots.org\\\/fr\\\/\"},{\"@type\":\"ListItem\",\"position\":2,\"name\":\"Connexion et inscription\"}]},{\"@type\":\"WebSite\",\"@id\":\"https:\\\/\\\/magnetic-slots.org\\\/fr\\\/#website\",\"url\":\"https:\\\/\\\/magnetic-slots.org\\\/fr\\\/\",\"name\":\"Magneticslots\",\"description\":\"\",\"publisher\":{\"@id\":\"https:\\\/\\\/magnetic-slots.org\\\/fr\\\/#organization\"},\"potentialAction\":[{\"@type\":\"SearchAction\",\"target\":{\"@type\":\"EntryPoint\",\"urlTemplate\":\"https:\\\/\\\/magnetic-slots.org\\\/fr\\\/?s={search_term_string}\"},\"query-input\":{\"@type\":\"PropertyValueSpecification\",\"valueRequired\":true,\"valueName\":\"search_term_string\"}}],\"inLanguage\":\"fr-FR\"},{\"@type\":\"Organization\",\"@id\":\"https:\\\/\\\/magnetic-slots.org\\\/fr\\\/#organization\",\"name\":\"Magneticslots\",\"url\":\"https:\\\/\\\/magnetic-slots.org\\\/fr\\\/\",\"logo\":{\"@type\":\"ImageObject\",\"inLanguage\":\"fr-FR\",\"@id\":\"https:\\\/\\\/magnetic-slots.org\\\/fr\\\/#\\\/schema\\\/logo\\\/image\\\/\",\"url\":\"https:\\\/\\\/magnetic-slots.org\\\/wp-content\\\/uploads\\\/2025\\\/12\\\/logo.svg\",\"contentUrl\":\"https:\\\/\\\/magnetic-slots.org\\\/wp-content\\\/uploads\\\/2025\\\/12\\\/logo.svg\",\"width\":160,\"height\":27,\"caption\":\"Magneticslots\"},\"image\":{\"@id\":\"https:\\\/\\\/magnetic-slots.org\\\/fr\\\/#\\\/schema\\\/logo\\\/image\\\/\"}}]}<\/script>\n<!-- \/ Yoast SEO plugin. -->","yoast_head_json":{"title":"Magneticslots Connexion - Inscription et acc\u00e8s au compte","description":"Cr\u00e9ez, g\u00e9rez et v\u00e9rifiez facilement votre compte Magneticslots Casino gr\u00e2ce \u00e0 une inscription rapide, une r\u00e9cup\u00e9ration de compte transparente et une fermeture de compte s\u00e9curis\u00e9e, garantissant une protection 24 heures sur 24, 7 jours sur 7 via Magneticslots Login.","robots":{"index":"index","follow":"follow","max-snippet":"max-snippet:-1","max-image-preview":"max-image-preview:large","max-video-preview":"max-video-preview:-1"},"canonical":"https:\/\/magnetic-slots.org\/fr\/connexion-et-inscription\/","og_locale":"fr_FR","og_type":"article","og_title":"Magneticslots Connexion - Inscription et acc\u00e8s au compte","og_description":"Cr\u00e9ez, g\u00e9rez et v\u00e9rifiez facilement votre compte Magneticslots Casino gr\u00e2ce \u00e0 une inscription rapide, une r\u00e9cup\u00e9ration de compte transparente et une fermeture de compte s\u00e9curis\u00e9e, garantissant une protection 24 heures sur 24, 7 jours sur 7 via Magneticslots Login.","og_url":"https:\/\/magnetic-slots.org\/fr\/connexion-et-inscription\/","og_site_name":"magnetic-slots","article_modified_time":"2025-12-24T13:59:42+00:00","twitter_card":"summary_large_image","twitter_misc":{"Dur\u00e9e de lecture estim\u00e9e":"1 minute"},"schema":{"@context":"https:\/\/schema.org","@graph":[{"@type":"WebPage","@id":"https:\/\/magnetic-slots.org\/fr\/connexion-et-inscription\/","url":"https:\/\/magnetic-slots.org\/fr\/connexion-et-inscription\/","name":"Magneticslots Connexion - Inscription et acc\u00e8s au compte","isPartOf":{"@id":"https:\/\/magnetic-slots.org\/fr\/#website"},"datePublished":"2025-12-15T07:42:00+00:00","dateModified":"2025-12-24T13:59:42+00:00","description":"Cr\u00e9ez, g\u00e9rez et v\u00e9rifiez facilement votre compte Magneticslots Casino gr\u00e2ce \u00e0 une inscription rapide, une r\u00e9cup\u00e9ration de compte transparente et une fermeture de compte s\u00e9curis\u00e9e, garantissant une protection 24 heures sur 24, 7 jours sur 7 via Magneticslots Login.","breadcrumb":{"@id":"https:\/\/magnetic-slots.org\/fr\/connexion-et-inscription\/#breadcrumb"},"inLanguage":"fr-FR","potentialAction":[{"@type":"ReadAction","target":["https:\/\/magnetic-slots.org\/fr\/connexion-et-inscription\/"]}]},{"@type":"BreadcrumbList","@id":"https:\/\/magnetic-slots.org\/fr\/connexion-et-inscription\/#breadcrumb","itemListElement":[{"@type":"ListItem","position":1,"name":"Magneticslots","item":"https:\/\/magnetic-slots.org\/fr\/"},{"@type":"ListItem","position":2,"name":"Connexion et inscription"}]},{"@type":"WebSite","@id":"https:\/\/magnetic-slots.org\/fr\/#website","url":"https:\/\/magnetic-slots.org\/fr\/","name":"Magneticslots","description":"","publisher":{"@id":"https:\/\/magnetic-slots.org\/fr\/#organization"},"potentialAction":[{"@type":"SearchAction","target":{"@type":"EntryPoint","urlTemplate":"https:\/\/magnetic-slots.org\/fr\/?s={search_term_string}"},"query-input":{"@type":"PropertyValueSpecification","valueRequired":true,"valueName":"search_term_string"}}],"inLanguage":"fr-FR"},{"@type":"Organization","@id":"https:\/\/magnetic-slots.org\/fr\/#organization","name":"Magneticslots","url":"https:\/\/magnetic-slots.org\/fr\/","logo":{"@type":"ImageObject","inLanguage":"fr-FR","@id":"https:\/\/magnetic-slots.org\/fr\/#\/schema\/logo\/image\/","url":"https:\/\/magnetic-slots.org\/wp-content\/uploads\/2025\/12\/logo.svg","contentUrl":"https:\/\/magnetic-slots.org\/wp-content\/uploads\/2025\/12\/logo.svg","width":160,"height":27,"caption":"Magneticslots"},"image":{"@id":"https:\/\/magnetic-slots.org\/fr\/#\/schema\/logo\/image\/"}}]}},"_links":{"self":[{"href":"https:\/\/magnetic-slots.org\/fr\/wp-json\/wp\/v2\/pages\/1472","targetHints":{"allow":["GET"]}}],"collection":[{"href":"https:\/\/magnetic-slots.org\/fr\/wp-json\/wp\/v2\/pages"}],"about":[{"href":"https:\/\/magnetic-slots.org\/fr\/wp-json\/wp\/v2\/types\/page"}],"author":[{"embeddable":true,"href":"https:\/\/magnetic-slots.org\/fr\/wp-json\/wp\/v2\/users\/1"}],"replies":[{"embeddable":true,"href":"https:\/\/magnetic-slots.org\/fr\/wp-json\/wp\/v2\/comments?post=1472"}],"version-history":[{"count":3,"href":"https:\/\/magnetic-slots.org\/fr\/wp-json\/wp\/v2\/pages\/1472\/revisions"}],"predecessor-version":[{"id":1820,"href":"https:\/\/magnetic-slots.org\/fr\/wp-json\/wp\/v2\/pages\/1472\/revisions\/1820"}],"wp:attachment":[{"href":"https:\/\/magnetic-slots.org\/fr\/wp-json\/wp\/v2\/media?parent=1472"}],"curies":[{"name":"wp","href":"https:\/\/api.w.org\/{rel}","templated":true}]}}