{"id":1430,"date":"2025-12-15T07:39:08","date_gmt":"2025-12-15T07:39:08","guid":{"rendered":"https:\/\/magnetic-slots.org\/app\/"},"modified":"2025-12-24T13:56:22","modified_gmt":"2025-12-24T13:56:22","slug":"app","status":"publish","type":"page","link":"https:\/\/magnetic-slots.org\/fr\/app\/","title":{"rendered":"App"},"content":{"rendered":"<h1>Application Magneticslots : jeux de casino mobiles<\/h1>\n<p>Magneticslots app transforme compl\u00e8tement le jeu num\u00e9rique. Les machines \u00e0 sous et les jeux de table en ligne que nous proposons attirent des joueurs du monde entier. Vous pouvez acc\u00e9der \u00e0 l&rsquo;exp\u00e9rience de jeu mobile la plus simple et la plus s\u00e9curis\u00e9e. Le Magneticslots Casino est d\u00e9velopp\u00e9 \u00e0 l&rsquo;aide des derni\u00e8res technologies. Tous les clients peuvent toujours jouer \u00e0 leurs jeux pr\u00e9f\u00e9r\u00e9s o\u00f9 qu&rsquo;ils se trouvent et profiter de la meilleure exp\u00e9rience possible, quel que soit l&rsquo;appareil utilis\u00e9.<\/p>\n<div class=\"banner-wrap\" aria-label=\"Banner\"><img src=\"https:\/\/magnetic-slots.org\/wp-content\/uploads\/2025\/12\/header-bg-1.webp\" class=\"w-100 d-none d-lg-block img-pc main-banner-img\" alt=\"MagneticSlots desktop banner\" fetchpriority=\"high\" decoding=\"async\"><img src=\"https:\/\/magnetic-slots.org\/wp-content\/uploads\/2025\/12\/MagneticSlots-mobile-banner.webp\" class=\"w-100 d-none d-md-block d-lg-none main-banner-img\" alt=\"MagneticSlots mobile banner\" fetchpriority=\"high\" decoding=\"async\"><img src=\"https:\/\/magnetic-slots.org\/wp-content\/uploads\/2025\/12\/MagneticSlots-mobile-banner.webp\" class=\"w-100 d-md-none\" alt=\"MagneticSlots mobile banner\" fetchpriority=\"high\" decoding=\"async\"><div class=\"banner-description\">\n<div class=\"banner-title\">Bonus de bienvenue<\/div>\n<p class=\"banner-header-title\">1000 \u20ac<\/p>\n<div class=\"banner-header-AdditionalText\">+ 100 Tours gratuits<\/div>\n<button data-item=\"homepage_banner_link\" class=\"goto m-button m-gradient-border m-button--primary m-button--large banner-button btn-orange\">\n            <div class=\"m-button-content\">\n                <span>Inscrivez-vous d\u00e8s maintenant<\/span>\n                <span><\/span>\n            <\/div>\n        <\/button>\n<\/div>\n<div class=\"WelcomePack\">\n<p><img loading=\"lazy\" decoding=\"async\" class=\"alignnone wp-image-1338 size-full\" src=\"https:\/\/magnetic-slots.org\/wp-content\/uploads\/2025\/12\/welcome-crown.svg\" alt=\"crown\" width=\"25\" height=\"26\" \/><\/p>\n<div class=\"WelcomePack-Info\">Cashback hebdomadaire jusqu&rsquo;\u00e0 25 %<\/div>\n<p><img loading=\"lazy\" decoding=\"async\" class=\"alignnone size-full wp-image-1338\" src=\"https:\/\/magnetic-slots.org\/wp-content\/uploads\/2025\/12\/welcome-crown.svg\" alt=\"crown\" width=\"25\" height=\"26\" \/><\/p>\n<\/div>\n<\/div>\n<h2>Magneticslots Plateforme mobile<\/h2>\n<p>L&rsquo;application Magneticslots peut \u00eatre d\u00e9finie comme l&rsquo;une des solutions de jeu mobile les plus remarquables gr\u00e2ce \u00e0 sa rapidit\u00e9, sa s\u00e9curit\u00e9 et sa conception simple. Par rapport \u00e0 l&rsquo;exp\u00e9rience de jeu sur les navigateurs classiques, notre application offre de meilleurs temps de chargement, de meilleurs graphismes et une meilleure jouabilit\u00e9 gr\u00e2ce \u00e0 son interface mobile centrale. Sa facilit\u00e9 d&rsquo;utilisation et la possibilit\u00e9 d&rsquo;acc\u00e9der instantan\u00e9ment \u00e0 toutes les fonctionnalit\u00e9s, telles que les d\u00e9p\u00f4ts, les retraits, les bonus et le service client, font de cette application l&rsquo;une des pr\u00e9f\u00e9r\u00e9es des joueurs qui souhaitent profiter d&rsquo;une exp\u00e9rience de jeu ininterrompue.<\/p>\n<p>L&rsquo;architecture haute performance de l&rsquo;application Magneticslots garantit un confort optimal avec une latence minimale et une s\u00e9curit\u00e9 \u00e9lev\u00e9e, ce qui procure un sentiment de confort lors des transactions et du jeu. Magneticslots Casino veillera \u00e9galement \u00e0 rester en phase avec son temps, en int\u00e9grant de nouvelles fonctionnalit\u00e9s et mesures de s\u00e9curit\u00e9 afin d&rsquo;offrir une exp\u00e9rience de jeu haut de gamme.<\/p>\n<p><div class=\"scrollable-content-wrap my-5\"><div class=\"scrollable-content-inner\"><h2>Magneticslots Casino Application mobile pour Android<\/h2>\n<p>La version Android de notre application intelligente Magneticslots est con\u00e7ue de mani\u00e8re si moderne que nous pouvons vous offrir une exp\u00e9rience de jeu de haute qualit\u00e9 sans t\u00e9l\u00e9chargements fastidieux. Elle utilise une application web progressive (PWA). Nos joueurs peuvent installer le casino sur leur bureau en moins de trois minutes en utilisant notre site officiel.<\/p>\n<h3>APK<\/h3>\n<p>Bien que la version APK ait \u00e9t\u00e9 autrefois le moyen d&rsquo;installation le plus courant, le passage \u00e0 la PWA a rendu les fichiers APK obsol\u00e8tes. En g\u00e9n\u00e9ral, les fichiers APK doivent \u00eatre t\u00e9l\u00e9charg\u00e9s et mis \u00e0 jour manuellement, ce qui peut poser un probl\u00e8me de s\u00e9curit\u00e9 et \u00eatre difficile \u00e0 g\u00e9rer. D\u00e9sormais, la version Android est disponible pour les joueurs afin d&rsquo;optimiser l&rsquo;efficacit\u00e9 de notre application Magneticslots (PWA), ce qui leur permet de toujours utiliser la derni\u00e8re version de notre casino mobile, qui est la plus s\u00e9curis\u00e9e et ne n\u00e9cessite aucune mise \u00e0 jour manuelle.<\/p>\n<h3>PWA<\/h3>\n<p>Laissez-nous vous expliquer plus en d\u00e9tail. La version Android de Magneticslots PWA est un jeu mobile v\u00e9ritablement portable. Nos joueurs n&rsquo;ont qu&rsquo;\u00e0 faire d\u00e9filer notre page principale, appuyer sur le bouton \u00ab Casino App \u00bb et suivre les instructions simples pour l&rsquo;installer. Cette application peut \u00eatre install\u00e9e sur l&rsquo;\u00e9cran d&rsquo;accueil et son ic\u00f4ne appara\u00eetra automatiquement dans le menu, permettant d&rsquo;acc\u00e9der facilement \u00e0 la biblioth\u00e8que compl\u00e8te de jeux et aux options de gestion de compte. Notre application sophistiqu\u00e9e Magneticslots est compatible avec tous les types d&rsquo;appareils, tels que les smartphones et les tablettes, et dispose d&rsquo;une interface tactile qui s&rsquo;adapte \u00e0 toutes les tailles d&rsquo;\u00e9cran. Cette configuration garantit une exp\u00e9rience r\u00e9active, facile \u00e0 utiliser et capable de rivaliser avec les applications natives.<\/p>\n<p><img loading=\"lazy\" decoding=\"async\" src=\"https:\/\/magnetic-slots.org\/wp-content\/uploads\/2025\/12\/MagneticSlots-Android.webp\" alt=\"MagneticSlots Android App\" width=\"1248\" height=\"536\" \/><\/p>\n<\/div><\/div><div style=\"clear: both\"><\/div><div class=\"d-flex justify-content-center\"><button data-item=\"decouvrez_link\" data-group=\"website_links\" class=\"goto fw-bold rounded-pill btn btn-orange\" aria-label=\"T\u00e9l\u00e9chargez l&#039;application MagneticSlots\" >T\u00e9l\u00e9chargez l&#039;application MagneticSlots<\/button><\/div><div class=\"scrollable-content-wrap my-5\"><div class=\"scrollable-content-inner\"><h2>Magneticslots Application mobile Casino pour iOS<\/h2>\n<p>La m\u00eame exp\u00e9rience de jeu est disponible pour nos chers utilisateurs iOS. Notre PWA bas\u00e9e sur le Web est enti\u00e8rement optimis\u00e9e pour Safari. Il suffit de se rendre sur la page d&rsquo;accueil de notre casino, d&rsquo;appuyer sur le bouton \u00ab Installer \u00bb et de placer l&rsquo;application sur l&rsquo;\u00e9cran d&rsquo;accueil. Cette approche offre un environnement s\u00fbr et \u00e9pur\u00e9, conforme aux politiques d&rsquo;Apple.<\/p>\n<p>La version iOS est \u00e9galement facile \u00e0 utiliser et dispose de boutons plus grands et d&rsquo;actions de balayage qui facilitent la navigation. L&rsquo;utilisation de notifications push permet aux joueurs de rester inform\u00e9s des bonus, des nouvelles sorties de jeux et des offres exclusives, et donc des derni\u00e8res offres du casino Magneticslots.<\/p>\n<p>Les avantages des Magnetic Slots PWA sont les suivants :<\/p>\n<ul>\n<li>S\u00e9curit\u00e9 absolue, car aucun fichier suppl\u00e9mentaire n&rsquo;est t\u00e9l\u00e9charg\u00e9.<\/li>\n<li>Pas besoin de chercher un APK dans les boutiques<\/li>\n<li>Aucune restriction de la part de Google Play ou des boutiques d&rsquo;applications<\/li>\n<li>Aucune influence sur la batterie de l&rsquo;appareil<\/li>\n<\/ul>\n<p><img loading=\"lazy\" decoding=\"async\" src=\"https:\/\/magnetic-slots.org\/wp-content\/uploads\/2025\/12\/MagneticSlots-iOS.webp\" alt=\"MagneticSlots iOS App\" width=\"1248\" height=\"536\" \/><\/p>\n<\/div><\/div><div style=\"clear: both\"><\/div><div class=\"d-flex justify-content-center\"><button data-item=\"decouvrez_link\" data-group=\"website_links\" class=\"goto fw-bold rounded-pill btn btn-orange\" aria-label=\"T\u00e9l\u00e9charger MagenticSlots\" >T\u00e9l\u00e9charger MagenticSlots<\/button><\/div><div class=\"scrollable-content-wrap my-5\"><div class=\"scrollable-content-inner\"><h2>T\u00e9l\u00e9chargements d&rsquo;applications Windows et macOS<\/h2>\n<p>Nos chers joueurs de Magnetic Slots qui souhaitent profiter d&rsquo;une exp\u00e9rience sur ordinateur de bureau peuvent l&rsquo;utiliser, car nous fournissons un logiciel sp\u00e9cial compatible avec Windows et macOS. Il s&rsquo;agit de notre version pour ordinateur de bureau, qui dispose d&rsquo;une interface de bonne qualit\u00e9 avec de meilleurs graphismes et effets sonores. Nous l&rsquo;avons optimis\u00e9e pour qu&rsquo;elle soit rapide, fiable et qu&rsquo;elle offre toutes les fonctionnalit\u00e9s, telles que l&rsquo;assistance \u00e0 la client\u00e8le et les proc\u00e9dures de v\u00e9rification.<\/p>\n<p>Le logiciel Magneticslots casino est accessible aux joueurs utilisant les navigateurs pris en charge, notamment Google Chrome, Mozilla Firefox, Safari ou Microsoft Edge. Cela offre une grande flexibilit\u00e9, dans la mesure o\u00f9 il est possible de profiter d&rsquo;une exp\u00e9rience de jeu similaire sur diff\u00e9rentes plateformes, qu&rsquo;il s&rsquo;agisse d&rsquo;un ordinateur de bureau ou d&rsquo;un ordinateur portable.<\/p>\n<table>\n<tbody>\n<tr>\n<td>Avantages<\/td>\n<td>Inconv\u00e9nients<\/td>\n<\/tr>\n<tr>\n<td>Il peut \u00eatre lanc\u00e9 directement depuis le navigateur sans installation, offrant ainsi un acc\u00e8s rapide \u00e0 la biblioth\u00e8que de jeux.<\/td>\n<td>N\u00e9cessite une connexion Internet pour jouer ; ne fonctionne pas enti\u00e8rement hors ligne.<\/td>\n<\/tr>\n<tr>\n<td>Installez-le en moins de trois minutes en appuyant sur un bouton du site Web ; pas besoin de t\u00e9l\u00e9charger des fichiers volumineux ni de vous rendre dans les boutiques d&rsquo;applications.<\/td>\n<td>Les performances et la stabilit\u00e9 d\u00e9pendent des capacit\u00e9s du navigateur ; certains navigateurs peuvent ne pas prendre en charge toutes les fonctionnalit\u00e9s PWA.<\/td>\n<\/tr>\n<tr>\n<td>Ex\u00e9cute toujours la derni\u00e8re version sans mises \u00e0 jour manuelles, garantissant ainsi la s\u00e9curit\u00e9 et l&rsquo;acc\u00e8s aux nouvelles fonctionnalit\u00e9s.<\/td>\n<td>Bien que les notifications push soient prises en charge, certains navigateurs ou appareils peuvent imposer des restrictions en mati\u00e8re de livraison ou de personnalisation.<\/td>\n<\/tr>\n<tr>\n<td>Fonctionne parfaitement sur diff\u00e9rents appareils et syst\u00e8mes d&rsquo;exploitation, y compris Android et iOS via Safari.<\/td>\n<td>Les performances peuvent varier en fonction des performances du navigateur et des sp\u00e9cifications de l&rsquo;appareil, et peuvent \u00eatre moins fluides que celles des applications natives.<\/td>\n<\/tr>\n<tr>\n<td>N&rsquo;occupe pas beaucoup d&rsquo;espace sur les appareils par rapport aux applications natives, ce qui permet d&rsquo;\u00e9conomiser les ressources de stockage.<\/td>\n<td><\/td>\n<\/tr>\n<tr>\n<td>B\u00e9n\u00e9ficiez des protocoles de s\u00e9curit\u00e9 et des mises \u00e0 jour du navigateur qui r\u00e9duisent les vuln\u00e9rabilit\u00e9s.<\/td>\n<td><\/td>\n<\/tr>\n<\/tbody>\n<\/table>\n<p><img loading=\"lazy\" decoding=\"async\" src=\"https:\/\/magnetic-slots.org\/wp-content\/uploads\/2025\/12\/MagneticSlots-Desktop.webp\" alt=\"MagneticSlots Desktop\" width=\"1248\" height=\"536\" \/><\/p>\n<\/div><\/div><div style=\"clear: both\"><\/div><div class=\"d-flex justify-content-center\"><button data-item=\"decouvrez_link\" data-group=\"website_links\" class=\"goto fw-bold rounded-pill btn btn-orange\" aria-label=\"T\u00e9l\u00e9chargez l&#039;application MagneticSlots\" >T\u00e9l\u00e9chargez l&#039;application MagneticSlots<\/button><\/div><div class=\"scrollable-content-wrap my-5\"><div class=\"scrollable-content-inner\"><h2>FAQ<\/h2>\n<h3>L&rsquo;application Magnetic Slots Casino offre-t-elle un service client ?<\/h3>\n<p>Le casino Magneticslots dispose d&rsquo;un service client tr\u00e8s complet gr\u00e2ce \u00e0 son chat en direct, accessible non seulement depuis l&rsquo;application, mais aussi depuis le site officiel. Notre \u00e9quipe d&rsquo;assistance est disponible 24 heures sur 24 et se chargera de tous les probl\u00e8mes techniques, questions de v\u00e9rification et autres demandes afin de vous garantir une exp\u00e9rience de jeu fluide !<\/p>\n<h3>Faut-il cr\u00e9er un compte pour utiliser l&rsquo;application Magnetic Slots ?<\/h3>\n<p>Si vous souhaitez jouer pleinement sur Magnetic Slots et consulter vos transactions et votre historique de jeu, interagir et vous amuser, vous devez cr\u00e9er un compte. Mais nous proposons \u00e9galement une version d\u00e9mo. Pour avoir acc\u00e8s \u00e0 toutes les fonctionnalit\u00e9s, telles que les d\u00e9p\u00f4ts, les retraits et les jeux, tous les utilisateurs doivent passer par le processus d&rsquo;inscription et de v\u00e9rification. L&rsquo;inscription est rapide et s\u00e9curis\u00e9e, et vise \u00e0 prot\u00e9ger les informations des joueurs et \u00e0 offrir un acc\u00e8s pratique \u00e0 tous les services du casino.<\/p>\n<h3>Tous les jeux sont-ils disponibles dans l&rsquo;application Magneticslots ?<\/h3>\n<p>La grande vari\u00e9t\u00e9 de machines \u00e0 sous en ligne et de jeux de casino disponibles sur Magneticslots casino peut \u00eatre jou\u00e9e sur l&rsquo;application. Certains jeux ou certaines fonctions peuvent n&rsquo;\u00eatre propos\u00e9s que dans la version bureau ou l&rsquo;interface web, mais l&rsquo;application mobile de Magnetic Slots offre une biblioth\u00e8que de jeux compl\u00e8te pour la majorit\u00e9 des joueurs.<\/p>\n<h3>Comment puis-je mettre \u00e0 jour l&rsquo;application Magneticslots Casino ?<\/h3>\n<p>Pas besoin de vous soucier des mises \u00e0 jour. L&rsquo;application Magneticslots se met automatiquement \u00e0 jour gr\u00e2ce au framework PWA, ce qui \u00e9limine le processus de mise \u00e0 jour manuelle. En acc\u00e9dant \u00e0 l&rsquo;application via le navigateur ou l&rsquo;ic\u00f4ne install\u00e9e, les joueurs b\u00e9n\u00e9ficieront toujours de la derni\u00e8re version et des nouvelles fonctionnalit\u00e9s, ainsi que des am\u00e9liorations en mati\u00e8re de s\u00e9curit\u00e9. Dans le cas des logiciels de bureau, les mises \u00e0 jour sont automatiques et effectu\u00e9es par Magneticslots casino.<\/p>\n<\/div><\/div><\/p>\n","protected":false},"excerpt":{"rendered":"<p>Application Magneticslots : jeux de casino mobiles Magneticslots app transforme compl\u00e8tement le jeu num\u00e9rique. Les machines \u00e0 sous et les jeux de table en ligne que nous proposons attirent des joueurs du monde entier. Vous pouvez acc\u00e9der \u00e0 l&rsquo;exp\u00e9rience de jeu mobile la plus simple et la plus s\u00e9curis\u00e9e. Le Magneticslots Casino est d\u00e9velopp\u00e9 \u00e0 [&hellip;]<\/p>\n","protected":false},"author":1,"featured_media":0,"parent":0,"menu_order":0,"comment_status":"closed","ping_status":"closed","template":"template-builder.php","meta":{"_acf_changed":false,"inline_featured_image":false,"footnotes":""},"class_list":["post-1430","page","type-page","status-publish","hentry"],"acf":[],"yoast_head":"<!-- This site is optimized with the Yoast SEO plugin v27.3 - https:\/\/yoast.com\/product\/yoast-seo-wordpress\/ -->\n<title>Magneticslots Mobile Casino | Application Android et iOS<\/title>\n<meta name=\"description\" content=\"L&#039;application Magneticslots garantit une exp\u00e9rience de jeu fluide sur les plateformes Android, iOS, Windows et macOS, avec synchronisation des comptes, mises \u00e0 jour r\u00e9guli\u00e8res et assistance client int\u00e9gr\u00e9e pour une utilisation simplifi\u00e9e.\" \/>\n<meta name=\"robots\" content=\"index, follow, max-snippet:-1, max-image-preview:large, max-video-preview:-1\" \/>\n<link rel=\"canonical\" href=\"https:\/\/magnetic-slots.org\/fr\/app\/\" \/>\n<meta property=\"og:locale\" content=\"fr_FR\" \/>\n<meta property=\"og:type\" content=\"article\" \/>\n<meta property=\"og:title\" content=\"Magneticslots Mobile Casino | Application Android et iOS\" \/>\n<meta property=\"og:description\" content=\"L&#039;application Magneticslots garantit une exp\u00e9rience de jeu fluide sur les plateformes Android, iOS, Windows et macOS, avec synchronisation des comptes, mises \u00e0 jour r\u00e9guli\u00e8res et assistance client int\u00e9gr\u00e9e pour une utilisation simplifi\u00e9e.\" \/>\n<meta property=\"og:url\" content=\"https:\/\/magnetic-slots.org\/fr\/app\/\" \/>\n<meta property=\"og:site_name\" content=\"magnetic-slots\" \/>\n<meta property=\"article:modified_time\" content=\"2025-12-24T13:56:22+00:00\" \/>\n<meta name=\"twitter:card\" content=\"summary_large_image\" \/>\n<meta name=\"twitter:label1\" content=\"Dur\u00e9e de lecture estim\u00e9e\" \/>\n\t<meta name=\"twitter:data1\" content=\"2 minutes\" \/>\n<script type=\"application\/ld+json\" class=\"yoast-schema-graph\">{\"@context\":\"https:\\\/\\\/schema.org\",\"@graph\":[{\"@type\":\"WebPage\",\"@id\":\"https:\\\/\\\/magnetic-slots.org\\\/fr\\\/app\\\/\",\"url\":\"https:\\\/\\\/magnetic-slots.org\\\/fr\\\/app\\\/\",\"name\":\"Magneticslots Mobile Casino | Application Android et iOS\",\"isPartOf\":{\"@id\":\"https:\\\/\\\/magnetic-slots.org\\\/fr\\\/#website\"},\"datePublished\":\"2025-12-15T07:39:08+00:00\",\"dateModified\":\"2025-12-24T13:56:22+00:00\",\"description\":\"L'application Magneticslots garantit une exp\u00e9rience de jeu fluide sur les plateformes Android, iOS, Windows et macOS, avec synchronisation des comptes, mises \u00e0 jour r\u00e9guli\u00e8res et assistance client int\u00e9gr\u00e9e pour une utilisation simplifi\u00e9e.\",\"breadcrumb\":{\"@id\":\"https:\\\/\\\/magnetic-slots.org\\\/fr\\\/app\\\/#breadcrumb\"},\"inLanguage\":\"fr-FR\",\"potentialAction\":[{\"@type\":\"ReadAction\",\"target\":[\"https:\\\/\\\/magnetic-slots.org\\\/fr\\\/app\\\/\"]}]},{\"@type\":\"BreadcrumbList\",\"@id\":\"https:\\\/\\\/magnetic-slots.org\\\/fr\\\/app\\\/#breadcrumb\",\"itemListElement\":[{\"@type\":\"ListItem\",\"position\":1,\"name\":\"Magneticslots\",\"item\":\"https:\\\/\\\/magnetic-slots.org\\\/fr\\\/\"},{\"@type\":\"ListItem\",\"position\":2,\"name\":\"App\"}]},{\"@type\":\"WebSite\",\"@id\":\"https:\\\/\\\/magnetic-slots.org\\\/fr\\\/#website\",\"url\":\"https:\\\/\\\/magnetic-slots.org\\\/fr\\\/\",\"name\":\"Magneticslots\",\"description\":\"\",\"publisher\":{\"@id\":\"https:\\\/\\\/magnetic-slots.org\\\/fr\\\/#organization\"},\"potentialAction\":[{\"@type\":\"SearchAction\",\"target\":{\"@type\":\"EntryPoint\",\"urlTemplate\":\"https:\\\/\\\/magnetic-slots.org\\\/fr\\\/?s={search_term_string}\"},\"query-input\":{\"@type\":\"PropertyValueSpecification\",\"valueRequired\":true,\"valueName\":\"search_term_string\"}}],\"inLanguage\":\"fr-FR\"},{\"@type\":\"Organization\",\"@id\":\"https:\\\/\\\/magnetic-slots.org\\\/fr\\\/#organization\",\"name\":\"Magneticslots\",\"url\":\"https:\\\/\\\/magnetic-slots.org\\\/fr\\\/\",\"logo\":{\"@type\":\"ImageObject\",\"inLanguage\":\"fr-FR\",\"@id\":\"https:\\\/\\\/magnetic-slots.org\\\/fr\\\/#\\\/schema\\\/logo\\\/image\\\/\",\"url\":\"https:\\\/\\\/magnetic-slots.org\\\/wp-content\\\/uploads\\\/2025\\\/12\\\/logo.svg\",\"contentUrl\":\"https:\\\/\\\/magnetic-slots.org\\\/wp-content\\\/uploads\\\/2025\\\/12\\\/logo.svg\",\"width\":160,\"height\":27,\"caption\":\"Magneticslots\"},\"image\":{\"@id\":\"https:\\\/\\\/magnetic-slots.org\\\/fr\\\/#\\\/schema\\\/logo\\\/image\\\/\"}}]}<\/script>\n<!-- \/ Yoast SEO plugin. -->","yoast_head_json":{"title":"Magneticslots Mobile Casino | Application Android et iOS","description":"L'application Magneticslots garantit une exp\u00e9rience de jeu fluide sur les plateformes Android, iOS, Windows et macOS, avec synchronisation des comptes, mises \u00e0 jour r\u00e9guli\u00e8res et assistance client int\u00e9gr\u00e9e pour une utilisation simplifi\u00e9e.","robots":{"index":"index","follow":"follow","max-snippet":"max-snippet:-1","max-image-preview":"max-image-preview:large","max-video-preview":"max-video-preview:-1"},"canonical":"https:\/\/magnetic-slots.org\/fr\/app\/","og_locale":"fr_FR","og_type":"article","og_title":"Magneticslots Mobile Casino | Application Android et iOS","og_description":"L'application Magneticslots garantit une exp\u00e9rience de jeu fluide sur les plateformes Android, iOS, Windows et macOS, avec synchronisation des comptes, mises \u00e0 jour r\u00e9guli\u00e8res et assistance client int\u00e9gr\u00e9e pour une utilisation simplifi\u00e9e.","og_url":"https:\/\/magnetic-slots.org\/fr\/app\/","og_site_name":"magnetic-slots","article_modified_time":"2025-12-24T13:56:22+00:00","twitter_card":"summary_large_image","twitter_misc":{"Dur\u00e9e de lecture estim\u00e9e":"2 minutes"},"schema":{"@context":"https:\/\/schema.org","@graph":[{"@type":"WebPage","@id":"https:\/\/magnetic-slots.org\/fr\/app\/","url":"https:\/\/magnetic-slots.org\/fr\/app\/","name":"Magneticslots Mobile Casino | Application Android et iOS","isPartOf":{"@id":"https:\/\/magnetic-slots.org\/fr\/#website"},"datePublished":"2025-12-15T07:39:08+00:00","dateModified":"2025-12-24T13:56:22+00:00","description":"L'application Magneticslots garantit une exp\u00e9rience de jeu fluide sur les plateformes Android, iOS, Windows et macOS, avec synchronisation des comptes, mises \u00e0 jour r\u00e9guli\u00e8res et assistance client int\u00e9gr\u00e9e pour une utilisation simplifi\u00e9e.","breadcrumb":{"@id":"https:\/\/magnetic-slots.org\/fr\/app\/#breadcrumb"},"inLanguage":"fr-FR","potentialAction":[{"@type":"ReadAction","target":["https:\/\/magnetic-slots.org\/fr\/app\/"]}]},{"@type":"BreadcrumbList","@id":"https:\/\/magnetic-slots.org\/fr\/app\/#breadcrumb","itemListElement":[{"@type":"ListItem","position":1,"name":"Magneticslots","item":"https:\/\/magnetic-slots.org\/fr\/"},{"@type":"ListItem","position":2,"name":"App"}]},{"@type":"WebSite","@id":"https:\/\/magnetic-slots.org\/fr\/#website","url":"https:\/\/magnetic-slots.org\/fr\/","name":"Magneticslots","description":"","publisher":{"@id":"https:\/\/magnetic-slots.org\/fr\/#organization"},"potentialAction":[{"@type":"SearchAction","target":{"@type":"EntryPoint","urlTemplate":"https:\/\/magnetic-slots.org\/fr\/?s={search_term_string}"},"query-input":{"@type":"PropertyValueSpecification","valueRequired":true,"valueName":"search_term_string"}}],"inLanguage":"fr-FR"},{"@type":"Organization","@id":"https:\/\/magnetic-slots.org\/fr\/#organization","name":"Magneticslots","url":"https:\/\/magnetic-slots.org\/fr\/","logo":{"@type":"ImageObject","inLanguage":"fr-FR","@id":"https:\/\/magnetic-slots.org\/fr\/#\/schema\/logo\/image\/","url":"https:\/\/magnetic-slots.org\/wp-content\/uploads\/2025\/12\/logo.svg","contentUrl":"https:\/\/magnetic-slots.org\/wp-content\/uploads\/2025\/12\/logo.svg","width":160,"height":27,"caption":"Magneticslots"},"image":{"@id":"https:\/\/magnetic-slots.org\/fr\/#\/schema\/logo\/image\/"}}]}},"_links":{"self":[{"href":"https:\/\/magnetic-slots.org\/fr\/wp-json\/wp\/v2\/pages\/1430","targetHints":{"allow":["GET"]}}],"collection":[{"href":"https:\/\/magnetic-slots.org\/fr\/wp-json\/wp\/v2\/pages"}],"about":[{"href":"https:\/\/magnetic-slots.org\/fr\/wp-json\/wp\/v2\/types\/page"}],"author":[{"embeddable":true,"href":"https:\/\/magnetic-slots.org\/fr\/wp-json\/wp\/v2\/users\/1"}],"replies":[{"embeddable":true,"href":"https:\/\/magnetic-slots.org\/fr\/wp-json\/wp\/v2\/comments?post=1430"}],"version-history":[{"count":3,"href":"https:\/\/magnetic-slots.org\/fr\/wp-json\/wp\/v2\/pages\/1430\/revisions"}],"predecessor-version":[{"id":1818,"href":"https:\/\/magnetic-slots.org\/fr\/wp-json\/wp\/v2\/pages\/1430\/revisions\/1818"}],"wp:attachment":[{"href":"https:\/\/magnetic-slots.org\/fr\/wp-json\/wp\/v2\/media?parent=1430"}],"curies":[{"name":"wp","href":"https:\/\/api.w.org\/{rel}","templated":true}]}}