{"id":1477,"date":"2025-12-15T07:42:00","date_gmt":"2025-12-15T07:42:00","guid":{"rendered":"https:\/\/magnetic-slots.org\/login-and-registration\/"},"modified":"2025-12-15T14:02:24","modified_gmt":"2025-12-15T14:02:24","slug":"inicio-de-sesion-y-registro","status":"publish","type":"page","link":"https:\/\/magnetic-slots.org\/es\/inicio-de-sesion-y-registro\/","title":{"rendered":"Inicio de sesi\u00f3n y Registro"},"content":{"rendered":"<h1>Inicio de sesi\u00f3n en Magneticslots: registro r\u00e1pido y gesti\u00f3n de cuentas<\/h1>\n<p>Magneticslots login es una forma c\u00f3moda y creativa de acceder a nuestro casino online. Nos esforzamos por mantener la alta calidad en entretenimiento, equidad y seguridad. Como deseamos mostrarle toda nuestra fant\u00e1stica y amplia variedad de juegos, nuestros c\u00f3modos sistemas de pago y nuestro servicio de atenci\u00f3n al cliente altamente receptivo, en Magneticslots Casino haremos todo lo posible para garantizar una experiencia de juego agradable a todos nuestros nuevos y cualificados jugadores espa\u00f1oles.<\/p>\n<p><div class=\"banner-wrap\" aria-label=\"Banner\"><img src=\"https:\/\/magnetic-slots.org\/wp-content\/uploads\/2025\/12\/header-bg-1.webp\" class=\"w-100 d-none d-lg-block img-pc main-banner-img\" alt=\"MagneticSlots desktop banner\" fetchpriority=\"high\" decoding=\"async\"><img src=\"https:\/\/magnetic-slots.org\/wp-content\/uploads\/2025\/12\/MagneticSlots-mobile-banner.webp\" class=\"w-100 d-none d-md-block d-lg-none main-banner-img\" alt=\"MagneticSlots mobile banner\" fetchpriority=\"high\" decoding=\"async\"><img src=\"https:\/\/magnetic-slots.org\/wp-content\/uploads\/2025\/12\/MagneticSlots-mobile-banner.webp\" class=\"w-100 d-md-none\" alt=\"MagneticSlots mobile banner\" fetchpriority=\"high\" decoding=\"async\"><div class=\"banner-description\">\n<div class=\"banner-title\">Bonos de bienvenida<\/div>\n<p class=\"banner-header-title\">1500 \u20ac<\/p>\n<div class=\"banner-header-AdditionalText\">+ 250 Tiradas gratis<\/div>\n<button data-item=\"homepage_banner_link\" class=\"goto m-button m-gradient-border m-button--primary m-button--large banner-button btn-orange\">\n            <div class=\"m-button-content\">\n                <span>Reg\u00edstrate ahora<\/span>\n                <span><\/span>\n            <\/div>\n        <\/button>\n<\/div>\n<div class=\"WelcomePack\">\n<p><img loading=\"lazy\" decoding=\"async\" class=\"alignnone wp-image-1338 size-full\" src=\"https:\/\/magnetic-slots.org\/wp-content\/uploads\/2025\/12\/welcome-crown.svg\" alt=\"crown\" width=\"25\" height=\"26\" \/><\/p>\n<div class=\"WelcomePack-Info\">Reembolso semanal de hasta el 25 %<\/div>\n<p><img loading=\"lazy\" decoding=\"async\" class=\"alignnone size-full wp-image-1338\" src=\"https:\/\/magnetic-slots.org\/wp-content\/uploads\/2025\/12\/welcome-crown.svg\" alt=\"crown\" width=\"25\" height=\"26\" \/><\/p>\n<\/div>\n<\/div><div class=\"scrollable-content-wrap my-5\"><div class=\"scrollable-content-inner\"><h2>Inicio de sesi\u00f3n en Magneticslots: registro de nuevos jugadores<\/h2>\n<p>El inicio de sesi\u00f3n en Magneticslots est\u00e1 dise\u00f1ado para tu comodidad. Es un punto de acceso seguro y eficaz a un casino online completo. Nuestra plataforma ofrece una gran seguridad, un registro sencillo para todas las personas mayores de 18 a\u00f1os y asistencia multiling\u00fce a los jugadores que necesitan encontrar una conexi\u00f3n de juego buena y segura. Te resultar\u00e1 f\u00e1cil navegar por el casino online. En Magneticslots casino nos aseguramos de que usted tenga el control de lo que juega y de que sea seguro divertirse y ganar dinero.<\/p>\n<h2>Crea tu cuenta Magnetic Slots<\/h2>\n<p>Registrarse en nuestro incre\u00edble casino Magneticslots abre muchas puertas a oportunidades de juego. Tu cuenta te dar\u00e1 acceso a m\u00e1s de 6000 juegos de casino, entre los que se incluyen tragamonedas, juegos de mesa y crupieres en vivo. Adem\u00e1s, al registrarse, los jugadores tienen la oportunidad de ganar bonificaciones, participar en torneos, realizar dep\u00f3sitos y retiradas, y activar sus perfiles de juego. Hemos hecho que nuestro proceso de registro sea lo m\u00e1s c\u00f3modo y seguro posible para que puedas empezar a jugar r\u00e1pidamente.<\/p>\n<p>El proceso de registro en Magnetic Slots Casino es muy sencillo. Para formar parte de nuestra plataforma, sigue los siguientes pasos:<\/p>\n<ol>\n<li>Ve a la p\u00e1gina principal de Magneticslots.<\/li>\n<li>Busca el bot\u00f3n \u00abRegistrarse\u00bb.<\/li>\n<li>Pulsa el bot\u00f3n y podr\u00e1s ver el formulario de registro.<\/li>\n<li>Introduce tu correo electr\u00f3nico v\u00e1lido y crea una contrase\u00f1a segura. Se recomienda utilizar una combinaci\u00f3n de letras min\u00fasculas y may\u00fasculas, n\u00fameros y s\u00edmbolos para aumentar la seguridad. No lo descuides.<\/li>\n<li>Lea y acepte los t\u00e9rminos y condiciones, y aseg\u00farese de ser mayor de edad. T\u00f3mese el tiempo necesario para leerlo todo detenidamente.<\/li>\n<li>Haga clic en el bot\u00f3n correspondiente para enviar el formulario de inscripci\u00f3n.<\/li>\n<li>Confirma tu correo electr\u00f3nico haciendo clic en el enlace de confirmaci\u00f3n enviado a tu bandeja de entrada y activa tu cuenta.<\/li>\n<\/ol>\n<p>La informaci\u00f3n personal adicional, como el nombre completo, la fecha de nacimiento y la direcci\u00f3n de residencia, se puede completar m\u00e1s adelante en la configuraci\u00f3n de la cuenta. Esto permite un registro r\u00e1pido por primera vez en la plataforma y permite acceder inmediatamente a las funciones.<\/p>\n<h2>Iniciar sesi\u00f3n en Magnetic Slots<\/h2>\n<p>Una vez registrado, es f\u00e1cil y seguro iniciar sesi\u00f3n en su cuenta de Magnetic Slots. Siga estos pasos:<\/p>\n<ol>\n<li>Ve a la esquina superior de Magnetic Slots.<\/li>\n<li>En la esquina superior derecha hay un bot\u00f3n con el texto \u00abIniciar sesi\u00f3n\u00bb (justo al lado del bot\u00f3n de registro).<\/li>\n<li>Introduce tu correo electr\u00f3nico y contrase\u00f1a con los que te registraste.<\/li>\n<li>Finaliza el proceso de verificaci\u00f3n introduciendo el c\u00f3digo que has recibido en tu tel\u00e9fono m\u00f3vil o en la aplicaci\u00f3n de autenticaci\u00f3n.<\/li>\n<li>Haga clic en el icono de la cuenta para completar su inicio de sesi\u00f3n en Magneticslots. \u00a1Ya est\u00e1 de nuevo en el sistema!<\/li>\n<\/ol>\n<p>En tu cuenta puedes realizar muchas actividades, como controlar la informaci\u00f3n de tu perfil, los dep\u00f3sitos, las ganancias, los retiros y revisar tu historial de transacciones. El sitio web est\u00e1 bien estructurado y es f\u00e1cil de navegar, para que puedas dedicar tu tiempo a jugar a tus juegos favoritos.<\/p>\n<h3>\u00bfOlvidaste tu contrase\u00f1a?<\/h3>\n<p>A veces sucede. Cuando olvides tu contrase\u00f1a, en el bot\u00f3n Inicio de sesi\u00f3n en Magneticslots, puedes hacer clic en \u00ab\u00bfOlvidaste tu contrase\u00f1a?\u00bb, y se informar\u00e1 a nuestro equipo de asistencia t\u00e9cnica de que tienes un problema. En tu bandeja de entrada, encontrar\u00e1s un correo electr\u00f3nico nuestro con instrucciones para realizar unos sencillos pasos de recuperaci\u00f3n y volver a nuestra plataforma sin complicaciones.<\/p>\n<h3>Magnetic Slots Casino: seguridad y verificaci\u00f3n de cuentas<\/h3>\n<p>Magneticslots casino es una plataforma de confianza, y tu seguridad es una prioridad para nosotros. Hacemos todo lo posible para protegerte en nuestro ciberespacio. Protegemos tus datos en el momento de la transmisi\u00f3n mediante el uso del mecanismo de cifrado SSL. Adem\u00e1s, los jugadores pueden activar la autenticaci\u00f3n de dos factores (2FA) para lograr una mayor seguridad. El procedimiento de autenticaci\u00f3n implica la presentaci\u00f3n de documentos aut\u00e9nticos (documentos de identidad), y nuestro equipo de asistencia lo revisar\u00e1 en un plazo de 48 horas. Esto es necesario para verificar su identidad, evitar fraudes y facilitar las transacciones de retirada.<\/p>\n<table>\n<tbody>\n<tr>\n<td>Tipo de protecci\u00f3n<\/td>\n<td>Detalles<\/td>\n<\/tr>\n<tr>\n<td>Seguridad de la plataforma<\/td>\n<td>Cifrado SSL, autenticaci\u00f3n de dos factores (2FA), procedimientos de verificaci\u00f3n, cumplimiento del RGPD, generador de n\u00fameros aleatorios (RNG) certificado y licencia de Curazao.<\/td>\n<\/tr>\n<tr>\n<td>Atenci\u00f3n al cliente<\/td>\n<td>Asistencia multiling\u00fce, chat en vivo y asistencia por correo electr\u00f3nico las 24 horas del d\u00eda, los 7 d\u00edas de la semana.<\/td>\n<\/tr>\n<tr>\n<td>Requisitos de inscripci\u00f3n<\/td>\n<td>Correo electr\u00f3nico v\u00e1lido, verificaci\u00f3n estricta de la edad y datos personales en el momento del registro.<\/td>\n<\/tr>\n<tr>\n<td>Proceso de verificaci\u00f3n<\/td>\n<td>Carga de documentos para su revisi\u00f3n<\/td>\n<\/tr>\n<\/tbody>\n<\/table>\n<h2>Preguntas frecuentes<\/h2>\n<h3>\u00bfC\u00f3mo completo el proceso de verificaci\u00f3n de la cuenta?<\/h3>\n<p>La verificaci\u00f3n de Magneticslots casino acepta si adjuntas una copia de documentos leg\u00edtimos que validen la identificaci\u00f3n, por ejemplo, un documento de identidad emitido por el gobierno o una verificaci\u00f3n de domicilio. Nuestro equipo de asistencia procesa las solicitudes en un plazo de 48 horas y, a continuaci\u00f3n, se le notificar\u00e1 o se le aconsejar\u00e1 que realice otras acciones. Las transacciones de retirada y la seguridad de la cuenta solo se habilitan tras la verificaci\u00f3n.<\/p>\n<h3>\u00bfC\u00f3mo actualizar la contrase\u00f1a o la direcci\u00f3n de correo electr\u00f3nico?<\/h3>\n<p>La gesti\u00f3n de la configuraci\u00f3n de tu cuenta te permite cambiar tu contrase\u00f1a o direcci\u00f3n de correo electr\u00f3nico. Ve a la secci\u00f3n de perfil, elige la opci\u00f3n que necesites actualizar y confirma los cambios. En tu cuenta, t\u00fa gestionas todo. Para garantizar la seguridad, es posible que tengas que volver a verificar tu correo electr\u00f3nico o realizar una autenticaci\u00f3n de dos factores para cambiar tu correo electr\u00f3nico o contrase\u00f1a.<\/p>\n<h3>\u00bfQu\u00e9 debo hacer si mi cuenta est\u00e1 bloqueada?<\/h3>\n<p>En primer lugar, intente realizar el inicio de sesi\u00f3n en Magneticslots. Si no funciona, en caso de bloqueo de la cuenta, no hay nada que pueda hacer por su cuenta; solo puede ponerse en contacto con nuestro equipo de asistencia t\u00e9cnica a trav\u00e9s del chat en vivo o por correo electr\u00f3nico para que podamos ayudarle. Se puede aplicar la autenticaci\u00f3n de identidad para desbloquear la cuenta y recuperar el acceso.<\/p>\n<h3>\u00bfC\u00f3mo puedo cerrar o suspender temporalmente mi cuenta?<\/h3>\n<p>Si de repente desea cerrar o congelar su cuenta de Magneticslots casino, env\u00ede una solicitud a trav\u00e9s de su configuraci\u00f3n para ponerse en contacto con el servicio de asistencia. Nuestro equipo le guiar\u00e1 a lo largo del proceso para que sus datos se traten de forma adecuada.<\/p>\n<\/div><\/div><\/p>\n","protected":false},"excerpt":{"rendered":"<p>Inicio de sesi\u00f3n en Magneticslots: registro r\u00e1pido y gesti\u00f3n de cuentas Magneticslots login es una forma c\u00f3moda y creativa de acceder a nuestro casino online. Nos esforzamos por mantener la alta calidad en entretenimiento, equidad y seguridad. Como deseamos mostrarle toda nuestra fant\u00e1stica y amplia variedad de juegos, nuestros c\u00f3modos sistemas de pago y nuestro [&hellip;]<\/p>\n","protected":false},"author":1,"featured_media":0,"parent":0,"menu_order":0,"comment_status":"closed","ping_status":"closed","template":"template-builder.php","meta":{"_acf_changed":false,"inline_featured_image":false,"footnotes":""},"class_list":["post-1477","page","type-page","status-publish","hentry"],"acf":[],"yoast_head":"<!-- This site is optimized with the Yoast SEO plugin v27.3 - https:\/\/yoast.com\/product\/yoast-seo-wordpress\/ -->\n<title>Magneticslots Inicio de sesi\u00f3n : registro y acceso a la cuenta<\/title>\n<meta name=\"description\" content=\"Cree, gestione y verifique f\u00e1cilmente su cuenta de Magneticslots Casino con un registro r\u00e1pido, una recuperaci\u00f3n de cuenta sin complicaciones y un cierre de cuenta seguro, lo que garantiza una protecci\u00f3n 24\/7 a trav\u00e9s de Magneticslots Login.\" \/>\n<meta name=\"robots\" content=\"index, follow, max-snippet:-1, max-image-preview:large, max-video-preview:-1\" \/>\n<link rel=\"canonical\" href=\"https:\/\/magnetic-slots.org\/es\/inicio-de-sesion-y-registro\/\" \/>\n<meta property=\"og:locale\" content=\"es_ES\" \/>\n<meta property=\"og:type\" content=\"article\" \/>\n<meta property=\"og:title\" content=\"Magneticslots Inicio de sesi\u00f3n : registro y acceso a la cuenta\" \/>\n<meta property=\"og:description\" content=\"Cree, gestione y verifique f\u00e1cilmente su cuenta de Magneticslots Casino con un registro r\u00e1pido, una recuperaci\u00f3n de cuenta sin complicaciones y un cierre de cuenta seguro, lo que garantiza una protecci\u00f3n 24\/7 a trav\u00e9s de Magneticslots Login.\" \/>\n<meta property=\"og:url\" content=\"https:\/\/magnetic-slots.org\/es\/inicio-de-sesion-y-registro\/\" \/>\n<meta property=\"og:site_name\" content=\"magnetic-slots\" \/>\n<meta property=\"article:modified_time\" content=\"2025-12-15T14:02:24+00:00\" \/>\n<meta name=\"twitter:card\" content=\"summary_large_image\" \/>\n<meta name=\"twitter:label1\" content=\"Est. reading time\" \/>\n\t<meta name=\"twitter:data1\" content=\"1 minute\" \/>\n<script type=\"application\/ld+json\" class=\"yoast-schema-graph\">{\"@context\":\"https:\\\/\\\/schema.org\",\"@graph\":[{\"@type\":\"WebPage\",\"@id\":\"https:\\\/\\\/magnetic-slots.org\\\/es\\\/inicio-de-sesion-y-registro\\\/\",\"url\":\"https:\\\/\\\/magnetic-slots.org\\\/es\\\/inicio-de-sesion-y-registro\\\/\",\"name\":\"Magneticslots Inicio de sesi\u00f3n : registro y acceso a la cuenta\",\"isPartOf\":{\"@id\":\"https:\\\/\\\/magnetic-slots.org\\\/es\\\/#website\"},\"datePublished\":\"2025-12-15T07:42:00+00:00\",\"dateModified\":\"2025-12-15T14:02:24+00:00\",\"description\":\"Cree, gestione y verifique f\u00e1cilmente su cuenta de Magneticslots Casino con un registro r\u00e1pido, una recuperaci\u00f3n de cuenta sin complicaciones y un cierre de cuenta seguro, lo que garantiza una protecci\u00f3n 24\\\/7 a trav\u00e9s de Magneticslots Login.\",\"breadcrumb\":{\"@id\":\"https:\\\/\\\/magnetic-slots.org\\\/es\\\/inicio-de-sesion-y-registro\\\/#breadcrumb\"},\"inLanguage\":\"es-ES\",\"potentialAction\":[{\"@type\":\"ReadAction\",\"target\":[\"https:\\\/\\\/magnetic-slots.org\\\/es\\\/inicio-de-sesion-y-registro\\\/\"]}]},{\"@type\":\"BreadcrumbList\",\"@id\":\"https:\\\/\\\/magnetic-slots.org\\\/es\\\/inicio-de-sesion-y-registro\\\/#breadcrumb\",\"itemListElement\":[{\"@type\":\"ListItem\",\"position\":1,\"name\":\"Magneticslots\",\"item\":\"https:\\\/\\\/magnetic-slots.org\\\/es\\\/\"},{\"@type\":\"ListItem\",\"position\":2,\"name\":\"Inicio de sesi\u00f3n y Registro\"}]},{\"@type\":\"WebSite\",\"@id\":\"https:\\\/\\\/magnetic-slots.org\\\/es\\\/#website\",\"url\":\"https:\\\/\\\/magnetic-slots.org\\\/es\\\/\",\"name\":\"Magneticslots\",\"description\":\"\",\"publisher\":{\"@id\":\"https:\\\/\\\/magnetic-slots.org\\\/es\\\/#organization\"},\"potentialAction\":[{\"@type\":\"SearchAction\",\"target\":{\"@type\":\"EntryPoint\",\"urlTemplate\":\"https:\\\/\\\/magnetic-slots.org\\\/es\\\/?s={search_term_string}\"},\"query-input\":{\"@type\":\"PropertyValueSpecification\",\"valueRequired\":true,\"valueName\":\"search_term_string\"}}],\"inLanguage\":\"es-ES\"},{\"@type\":\"Organization\",\"@id\":\"https:\\\/\\\/magnetic-slots.org\\\/es\\\/#organization\",\"name\":\"Magneticslots\",\"url\":\"https:\\\/\\\/magnetic-slots.org\\\/es\\\/\",\"logo\":{\"@type\":\"ImageObject\",\"inLanguage\":\"es-ES\",\"@id\":\"https:\\\/\\\/magnetic-slots.org\\\/es\\\/#\\\/schema\\\/logo\\\/image\\\/\",\"url\":\"https:\\\/\\\/magnetic-slots.org\\\/wp-content\\\/uploads\\\/2025\\\/12\\\/logo.svg\",\"contentUrl\":\"https:\\\/\\\/magnetic-slots.org\\\/wp-content\\\/uploads\\\/2025\\\/12\\\/logo.svg\",\"width\":160,\"height\":27,\"caption\":\"Magneticslots\"},\"image\":{\"@id\":\"https:\\\/\\\/magnetic-slots.org\\\/es\\\/#\\\/schema\\\/logo\\\/image\\\/\"}}]}<\/script>\n<!-- \/ Yoast SEO plugin. -->","yoast_head_json":{"title":"Magneticslots Inicio de sesi\u00f3n : registro y acceso a la cuenta","description":"Cree, gestione y verifique f\u00e1cilmente su cuenta de Magneticslots Casino con un registro r\u00e1pido, una recuperaci\u00f3n de cuenta sin complicaciones y un cierre de cuenta seguro, lo que garantiza una protecci\u00f3n 24\/7 a trav\u00e9s de Magneticslots Login.","robots":{"index":"index","follow":"follow","max-snippet":"max-snippet:-1","max-image-preview":"max-image-preview:large","max-video-preview":"max-video-preview:-1"},"canonical":"https:\/\/magnetic-slots.org\/es\/inicio-de-sesion-y-registro\/","og_locale":"es_ES","og_type":"article","og_title":"Magneticslots Inicio de sesi\u00f3n : registro y acceso a la cuenta","og_description":"Cree, gestione y verifique f\u00e1cilmente su cuenta de Magneticslots Casino con un registro r\u00e1pido, una recuperaci\u00f3n de cuenta sin complicaciones y un cierre de cuenta seguro, lo que garantiza una protecci\u00f3n 24\/7 a trav\u00e9s de Magneticslots Login.","og_url":"https:\/\/magnetic-slots.org\/es\/inicio-de-sesion-y-registro\/","og_site_name":"magnetic-slots","article_modified_time":"2025-12-15T14:02:24+00:00","twitter_card":"summary_large_image","twitter_misc":{"Est. reading time":"1 minute"},"schema":{"@context":"https:\/\/schema.org","@graph":[{"@type":"WebPage","@id":"https:\/\/magnetic-slots.org\/es\/inicio-de-sesion-y-registro\/","url":"https:\/\/magnetic-slots.org\/es\/inicio-de-sesion-y-registro\/","name":"Magneticslots Inicio de sesi\u00f3n : registro y acceso a la cuenta","isPartOf":{"@id":"https:\/\/magnetic-slots.org\/es\/#website"},"datePublished":"2025-12-15T07:42:00+00:00","dateModified":"2025-12-15T14:02:24+00:00","description":"Cree, gestione y verifique f\u00e1cilmente su cuenta de Magneticslots Casino con un registro r\u00e1pido, una recuperaci\u00f3n de cuenta sin complicaciones y un cierre de cuenta seguro, lo que garantiza una protecci\u00f3n 24\/7 a trav\u00e9s de Magneticslots Login.","breadcrumb":{"@id":"https:\/\/magnetic-slots.org\/es\/inicio-de-sesion-y-registro\/#breadcrumb"},"inLanguage":"es-ES","potentialAction":[{"@type":"ReadAction","target":["https:\/\/magnetic-slots.org\/es\/inicio-de-sesion-y-registro\/"]}]},{"@type":"BreadcrumbList","@id":"https:\/\/magnetic-slots.org\/es\/inicio-de-sesion-y-registro\/#breadcrumb","itemListElement":[{"@type":"ListItem","position":1,"name":"Magneticslots","item":"https:\/\/magnetic-slots.org\/es\/"},{"@type":"ListItem","position":2,"name":"Inicio de sesi\u00f3n y Registro"}]},{"@type":"WebSite","@id":"https:\/\/magnetic-slots.org\/es\/#website","url":"https:\/\/magnetic-slots.org\/es\/","name":"Magneticslots","description":"","publisher":{"@id":"https:\/\/magnetic-slots.org\/es\/#organization"},"potentialAction":[{"@type":"SearchAction","target":{"@type":"EntryPoint","urlTemplate":"https:\/\/magnetic-slots.org\/es\/?s={search_term_string}"},"query-input":{"@type":"PropertyValueSpecification","valueRequired":true,"valueName":"search_term_string"}}],"inLanguage":"es-ES"},{"@type":"Organization","@id":"https:\/\/magnetic-slots.org\/es\/#organization","name":"Magneticslots","url":"https:\/\/magnetic-slots.org\/es\/","logo":{"@type":"ImageObject","inLanguage":"es-ES","@id":"https:\/\/magnetic-slots.org\/es\/#\/schema\/logo\/image\/","url":"https:\/\/magnetic-slots.org\/wp-content\/uploads\/2025\/12\/logo.svg","contentUrl":"https:\/\/magnetic-slots.org\/wp-content\/uploads\/2025\/12\/logo.svg","width":160,"height":27,"caption":"Magneticslots"},"image":{"@id":"https:\/\/magnetic-slots.org\/es\/#\/schema\/logo\/image\/"}}]}},"_links":{"self":[{"href":"https:\/\/magnetic-slots.org\/es\/wp-json\/wp\/v2\/pages\/1477","targetHints":{"allow":["GET"]}}],"collection":[{"href":"https:\/\/magnetic-slots.org\/es\/wp-json\/wp\/v2\/pages"}],"about":[{"href":"https:\/\/magnetic-slots.org\/es\/wp-json\/wp\/v2\/types\/page"}],"author":[{"embeddable":true,"href":"https:\/\/magnetic-slots.org\/es\/wp-json\/wp\/v2\/users\/1"}],"replies":[{"embeddable":true,"href":"https:\/\/magnetic-slots.org\/es\/wp-json\/wp\/v2\/comments?post=1477"}],"version-history":[{"count":2,"href":"https:\/\/magnetic-slots.org\/es\/wp-json\/wp\/v2\/pages\/1477\/revisions"}],"predecessor-version":[{"id":1807,"href":"https:\/\/magnetic-slots.org\/es\/wp-json\/wp\/v2\/pages\/1477\/revisions\/1807"}],"wp:attachment":[{"href":"https:\/\/magnetic-slots.org\/es\/wp-json\/wp\/v2\/media?parent=1477"}],"curies":[{"name":"wp","href":"https:\/\/api.w.org\/{rel}","templated":true}]}}