{"id":1439,"date":"2025-12-15T07:39:08","date_gmt":"2025-12-15T07:39:08","guid":{"rendered":"https:\/\/magnetic-slots.org\/app-2\/"},"modified":"2025-12-15T13:59:56","modified_gmt":"2025-12-15T13:59:56","slug":"aplicacion","status":"publish","type":"page","link":"https:\/\/magnetic-slots.org\/es\/aplicacion\/","title":{"rendered":"Aplicaci\u00f3n"},"content":{"rendered":"<h1>Aplicaci\u00f3n Magneticslots: Juegos de casino para m\u00f3viles<\/h1>\n<p>Magneticslots app transforma por completo los juegos digitales. Las tragaperras y los juegos de mesa online que ofrecemos atraen a jugadores espa\u00f1oles de todo el mundo. Podr\u00e1s acceder a la experiencia de juego m\u00f3vil m\u00e1s sencilla y segura. Magneticslots Casino est\u00e1 desarrollado con la \u00faltima tecnolog\u00eda. Todos los clientes pueden jugar siempre a sus juegos favoritos est\u00e9n donde est\u00e9n y seguir disfrutando de la mejor experiencia, independientemente del dispositivo que utilicen.<\/p>\n<div class=\"banner-wrap\" aria-label=\"Banner\"><img src=\"https:\/\/magnetic-slots.org\/wp-content\/uploads\/2025\/12\/header-bg-1.webp\" class=\"w-100 d-none d-lg-block img-pc main-banner-img\" alt=\"MagneticSlots desktop banner\" fetchpriority=\"high\" decoding=\"async\"><img src=\"https:\/\/magnetic-slots.org\/wp-content\/uploads\/2025\/12\/MagneticSlots-mobile-banner.webp\" class=\"w-100 d-none d-md-block d-lg-none main-banner-img\" alt=\"MagneticSlots mobile banner\" fetchpriority=\"high\" decoding=\"async\"><img src=\"https:\/\/magnetic-slots.org\/wp-content\/uploads\/2025\/12\/MagneticSlots-mobile-banner.webp\" class=\"w-100 d-md-none\" alt=\"MagneticSlots mobile banner\" fetchpriority=\"high\" decoding=\"async\"><div class=\"banner-description\">\n<div class=\"banner-title\">Bonos de bienvenida<\/div>\n<p class=\"banner-header-title\">1500 \u20ac<\/p>\n<div class=\"banner-header-AdditionalText\">+ 250 Tiradas gratis<\/div>\n<button data-item=\"homepage_banner_link\" class=\"goto m-button m-gradient-border m-button--primary m-button--large banner-button btn-orange\">\n            <div class=\"m-button-content\">\n                <span>Reg\u00edstrate ahora<\/span>\n                <span><\/span>\n            <\/div>\n        <\/button>\n<\/div>\n<div class=\"WelcomePack\">\n<p><img loading=\"lazy\" decoding=\"async\" class=\"alignnone wp-image-1338 size-full\" src=\"https:\/\/magnetic-slots.org\/wp-content\/uploads\/2025\/12\/welcome-crown.svg\" alt=\"crown\" width=\"25\" height=\"26\" \/><\/p>\n<div class=\"WelcomePack-Info\">Reembolso semanal de hasta el 25 %<\/div>\n<p><img loading=\"lazy\" decoding=\"async\" class=\"alignnone size-full wp-image-1338\" src=\"https:\/\/magnetic-slots.org\/wp-content\/uploads\/2025\/12\/welcome-crown.svg\" alt=\"crown\" width=\"25\" height=\"26\" \/><\/p>\n<\/div>\n<\/div>\n<h2>Magneticslots Plataforma m\u00f3vil<\/h2>\n<p>La aplicaci\u00f3n Magneticslots puede definirse como una de las soluciones de juego m\u00f3vil m\u00e1s destacadas por su velocidad, seguridad y dise\u00f1o sencillo. En comparaci\u00f3n con la experiencia de jugar en navegadores convencionales, nuestra aplicaci\u00f3n ofrece mejores tiempos de carga, mejores gr\u00e1ficos y una mejor jugabilidad gracias a su interfaz m\u00f3vil central. La facilidad de uso y la posibilidad de acceder a todas las funciones al instante, como dep\u00f3sitos, retiradas, bonificaciones y atenci\u00f3n al cliente, hacen que la aplicaci\u00f3n sea una de las favoritas entre los jugadores que desean disfrutar de un tiempo de juego ininterrumpido.<\/p>\n<p>La arquitectura de alto rendimiento de la aplicaci\u00f3n Magneticslots garantiza la comodidad con la menor latencia posible y una alta seguridad, lo que aporta una sensaci\u00f3n de tranquilidad a la hora de realizar transacciones y jugar. Magneticslots Casino tambi\u00e9n se asegurar\u00e1 de mantenerse al d\u00eda, incorporando nuevas funcionalidades y medidas de seguridad para ofrecer una experiencia de juego de alta gama.<\/p>\n<p><div class=\"scrollable-content-wrap my-5\"><div class=\"scrollable-content-inner\"><h2>Magneticslots Casino Aplicaci\u00f3n m\u00f3vil para Android<\/h2>\n<p>La versi\u00f3n para Android de nuestra aplicaci\u00f3n inteligente Magneticslots app est\u00e1 dise\u00f1ada de una forma tan moderna que podemos ofrecerte una experiencia de juego de alta calidad sin necesidad de descargas extensas. Utiliza una aplicaci\u00f3n web progresiva (PWA). Nuestros jugadores pueden instalar el casino en su escritorio en menos de tres minutos utilizando nuestro sitio web oficial.<\/p>\n<h3>APK<\/h3>\n<p>Aunque la versi\u00f3n APK sol\u00eda ser la forma m\u00e1s habitual de instalaci\u00f3n, la transici\u00f3n a PWA ha invalidado la importancia de los archivos APK. Por lo general, los archivos APK deben descargarse y actualizarse manualmente, lo que puede suponer un problema de seguridad y ser dif\u00edcil de mantener. Ahora, la versi\u00f3n para Android est\u00e1 disponible para los jugadores para una m\u00e1xima eficiencia en nuestra aplicaci\u00f3n Magneticslots (PWA), lo que hace que siempre funcionen con la \u00faltima versi\u00f3n de nuestro casino m\u00f3vil, que es la m\u00e1s segura y no requiere actualizaciones manuales.<\/p>\n<h3>PWA<\/h3>\n<p>Perm\u00edtanos explic\u00e1rselo con m\u00e1s detalle. La versi\u00f3n para Android de Magneticslots PWA es un juego para m\u00f3viles que es verdaderamente port\u00e1til. Nuestros jugadores solo tienen que desplazarse hacia abajo en nuestra p\u00e1gina principal, pulsar el bot\u00f3n \u00abAplicaci\u00f3n de casino\u00bb y seguir unas sencillas instrucciones para instalarla. Esta aplicaci\u00f3n se puede instalar en la pantalla de inicio y su icono aparecer\u00e1 autom\u00e1ticamente en el men\u00fa, con f\u00e1cil acceso a la biblioteca completa de juegos y a las opciones de gesti\u00f3n de la cuenta. Nuestra elegante aplicaci\u00f3n Magneticslots es compatible con cualquier tipo de dispositivo, como smartphones y tabletas, y tiene una interfaz t\u00e1ctil que se puede ajustar a cualquier tama\u00f1o de pantalla. Esta configuraci\u00f3n garantiza una experiencia receptiva, f\u00e1cil de usar y capaz de competir con las aplicaciones nativas.<\/p>\n<p><img loading=\"lazy\" decoding=\"async\" src=\"https:\/\/magnetic-slots.org\/wp-content\/uploads\/2025\/12\/MagneticSlots-Android.webp\" alt=\"MagneticSlots Android App\" width=\"1248\" height=\"536\" \/><\/p>\n<\/div><\/div><div style=\"clear: both\"><\/div><div class=\"d-flex justify-content-center\"><button data-item=\"decouvrez_link\" data-group=\"website_links\" class=\"goto fw-bold rounded-pill btn btn-orange\" aria-label=\"Descarga la aplicaci\u00f3n MagneticSlots\" >Descarga la aplicaci\u00f3n MagneticSlots<\/button><\/div><div class=\"scrollable-content-wrap my-5\"><div class=\"scrollable-content-inner\"><h2>Magneticslots Aplicaci\u00f3n m\u00f3vil de casino para iOS<\/h2>\n<p>Nuestros queridos usuarios de iOS pueden disfrutar de la misma experiencia de juego. Nuestra PWA basada en web est\u00e1 totalmente optimizada para Safari. Solo hay que ir a la p\u00e1gina principal de nuestro casino, pulsar el bot\u00f3n \u00abInstalar\u00bb y colocar la aplicaci\u00f3n en la pantalla de inicio. Este enfoque proporciona un entorno seguro y optimizado, en l\u00ednea con las pol\u00edticas de Apple.<\/p>\n<p>La versi\u00f3n para iOS tambi\u00e9n es f\u00e1cil de usar y cuenta con botones m\u00e1s grandes y acciones de deslizamiento que facilitan la navegaci\u00f3n. El uso de notificaciones push mantiene a los jugadores informados sobre bonificaciones, nuevos lanzamientos de juegos y ofertas exclusivas, lo que les permite estar al d\u00eda de las \u00faltimas ofertas de Magneticslots casino.<\/p>\n<p>Las ventajas de las Magnetic Slots PWA son:<\/p>\n<ul>\n<li>Seguridad absoluta, ya que no se descargan archivos adicionales.<\/li>\n<li>No es necesario buscar ning\u00fan APK en las tiendas.<\/li>\n<li>Sin restricciones de Google Play o App Store.<\/li>\n<li>No influye en la bater\u00eda del dispositivo.<\/li>\n<\/ul>\n<p><img loading=\"lazy\" decoding=\"async\" src=\"https:\/\/magnetic-slots.org\/wp-content\/uploads\/2025\/12\/MagneticSlots-iOS.webp\" alt=\"MagneticSlots iOS App\" width=\"1248\" height=\"536\" \/><\/p>\n<\/div><\/div><div style=\"clear: both\"><\/div><div class=\"d-flex justify-content-center\"><button data-item=\"decouvrez_link\" data-group=\"website_links\" class=\"goto fw-bold rounded-pill btn btn-orange\" aria-label=\"Descargar MagenticSlots\" >Descargar MagenticSlots<\/button><\/div><div class=\"scrollable-content-wrap my-5\"><div class=\"scrollable-content-inner\"><h2>Descargas de aplicaciones para Windows y macOS<\/h2>\n<p>Nuestros queridos jugadores de Magnetic Slots que deseen disfrutar de una experiencia de escritorio pueden utilizarlo, ya que proporcionamos un software especial compatible con Windows y macOS. Se trata de nuestra versi\u00f3n de escritorio, que cuenta con una interfaz de alta calidad con mejores gr\u00e1ficos y efectos de sonido. La hemos optimizado para que sea r\u00e1pida, fiable y ofrezca todas las funciones, como la atenci\u00f3n al cliente y los procedimientos de verificaci\u00f3n.<\/p>\n<p>Los jugadores pueden acceder al software Magneticslots casino utilizando navegadores compatibles, como Google Chrome, Mozilla Firefox, Safari o Microsoft Edge. Esto ofrece una gran flexibilidad, ya que permite disfrutar de una experiencia de juego similar en diversas plataformas, ya sea en un ordenador de sobremesa o en un port\u00e1til.<\/p>\n<table>\n<tbody>\n<tr>\n<td>Ventajas<\/td>\n<td>Contras<\/td>\n<\/tr>\n<tr>\n<td>Se puede iniciar directamente desde el navegador sin necesidad de instalaci\u00f3n, lo que proporciona un acceso r\u00e1pido a la biblioteca de juegos.<\/td>\n<td>Requiere conexi\u00f3n a Internet para jugar; no funciona completamente sin conexi\u00f3n.<\/td>\n<\/tr>\n<tr>\n<td>Inst\u00e1lalo en menos de tres minutos con solo pulsar un bot\u00f3n en el sitio web; no es necesario descargar archivos pesados ni visitar tiendas de aplicaciones.<\/td>\n<td>El rendimiento y la estabilidad dependen de las capacidades del navegador; es posible que algunos navegadores no admitan todas las funciones de PWA por completo.<\/td>\n<\/tr>\n<tr>\n<td>Siempre ejecuta la \u00faltima versi\u00f3n sin necesidad de actualizaciones manuales, lo que garantiza la seguridad y el acceso a nuevas funciones.<\/td>\n<td>Aunque se admiten las notificaciones push, algunos navegadores o dispositivos pueden tener restricciones en cuanto a su entrega o personalizaci\u00f3n.<\/td>\n<\/tr>\n<tr>\n<td>Funciona a la perfecci\u00f3n en diferentes dispositivos y sistemas operativos, incluidos Android e iOS a trav\u00e9s de Safari.<\/td>\n<td>El rendimiento puede variar en funci\u00f3n del rendimiento del navegador y las especificaciones del dispositivo, y puede ser menos fluido que el de las aplicaciones nativas.<\/td>\n<\/tr>\n<tr>\n<td>No ocupa mucho espacio en los dispositivos en comparaci\u00f3n con las aplicaciones nativas, lo que permite ahorrar recursos de almacenamiento.<\/td>\n<td><\/td>\n<\/tr>\n<tr>\n<td>Beneficios de los protocolos de seguridad y las actualizaciones del navegador que reducen las vulnerabilidades.<\/td>\n<td><\/td>\n<\/tr>\n<\/tbody>\n<\/table>\n<p><img loading=\"lazy\" decoding=\"async\" src=\"https:\/\/magnetic-slots.org\/wp-content\/uploads\/2025\/12\/MagneticSlots-Desktop.webp\" alt=\"MagneticSlots Desktop\" width=\"1248\" height=\"536\" \/><\/p>\n<\/div><\/div><div style=\"clear: both\"><\/div><div class=\"d-flex justify-content-center\"><button data-item=\"decouvrez_link\" data-group=\"website_links\" class=\"goto fw-bold rounded-pill btn btn-orange\" aria-label=\"Descarga la aplicaci\u00f3n MagneticSlots\" >Descarga la aplicaci\u00f3n MagneticSlots<\/button><\/div><div class=\"scrollable-content-wrap my-5\"><div class=\"scrollable-content-inner\"><h2>Preguntas frecuentes<\/h2>\n<h3>\u00bfLa aplicaci\u00f3n Magnetic Slots Casino ofrece atenci\u00f3n al cliente?<\/h3>\n<p>El casino Magneticslots cuenta con el servicio de atenci\u00f3n al cliente m\u00e1s detallado a trav\u00e9s del chat en vivo, que se puede encontrar no solo en la aplicaci\u00f3n, sino tambi\u00e9n en el sitio web oficial. Nuestro equipo de asistencia est\u00e1 disponible las 24 horas del d\u00eda y se encargar\u00e1 de cualquier problema t\u00e9cnico, pregunta de verificaci\u00f3n y otras consultas para garantizar una experiencia de juego fluida.<\/p>\n<h3>\u00bfEs necesario crear una cuenta para utilizar la aplicaci\u00f3n Magnetic Slots?<\/h3>\n<p>Si desea jugar plenamente en Magnetic Slots y ver sus transacciones y su historial de juego, interactuar y disfrutar, entonces necesita una cuenta. Pero tambi\u00e9n ofrecemos la versi\u00f3n demo. Para tener acceso a todas las funciones, como dep\u00f3sitos, retiradas y juego, todos los usuarios deben pasar por el proceso de registro y verificaci\u00f3n. El registro es r\u00e1pido y seguro, y tiene como objetivo proteger la informaci\u00f3n de los jugadores y ofrecer un acceso c\u00f3modo a todos los servicios del casino.<\/p>\n<h3>\u00bfTodos los juegos est\u00e1n disponibles en la aplicaci\u00f3n Magneticslots?<\/h3>\n<p>La amplia variedad de tragamonedas en l\u00ednea y juegos de casino disponibles en Magneticslots casino se pueden jugar en la aplicaci\u00f3n. Es posible que algunos juegos o funciones solo est\u00e9n disponibles en la versi\u00f3n de escritorio o en la interfaz web, pero la aplicaci\u00f3n m\u00f3vil de Magnetic Slots ofrece una biblioteca de juegos completa para la mayor\u00eda de los jugadores.<\/p>\n<h3>\u00bfC\u00f3mo puedo actualizar la aplicaci\u00f3n Magneticslots Casino?<\/h3>\n<p>No hay que preocuparse por las actualizaciones. La aplicaci\u00f3n Magneticslots se actualiza autom\u00e1ticamente mediante el marco PWA, lo que elimina el proceso de actualizaciones manuales. Al acceder a la aplicaci\u00f3n a trav\u00e9s del navegador o del icono instalado, los jugadores siempre tendr\u00e1n la \u00faltima versi\u00f3n y las nuevas funciones, as\u00ed como las mejoras de seguridad. En el caso del software de escritorio, las actualizaciones son autom\u00e1ticas y las realiza Magneticslots casino.<\/p>\n<\/div><\/div><\/p>\n","protected":false},"excerpt":{"rendered":"<p>Aplicaci\u00f3n Magneticslots: Juegos de casino para m\u00f3viles Magneticslots app transforma por completo los juegos digitales. Las tragaperras y los juegos de mesa online que ofrecemos atraen a jugadores espa\u00f1oles de todo el mundo. Podr\u00e1s acceder a la experiencia de juego m\u00f3vil m\u00e1s sencilla y segura. Magneticslots Casino est\u00e1 desarrollado con la \u00faltima tecnolog\u00eda. Todos los [&hellip;]<\/p>\n","protected":false},"author":1,"featured_media":0,"parent":0,"menu_order":0,"comment_status":"closed","ping_status":"closed","template":"template-builder.php","meta":{"_acf_changed":false,"inline_featured_image":false,"footnotes":""},"class_list":["post-1439","page","type-page","status-publish","hentry"],"acf":[],"yoast_head":"<!-- This site is optimized with the Yoast SEO plugin v27.3 - https:\/\/yoast.com\/product\/yoast-seo-wordpress\/ -->\n<title>Magneticslots Casino m\u00f3vil | Aplicaci\u00f3n para Android e iOS<\/title>\n<meta name=\"description\" content=\"La aplicaci\u00f3n Magneticslots garantiza una experiencia de juego impecable en las plataformas Android, iOS, Windows y macOS, con sincronizaci\u00f3n de cuentas, actualizaciones peri\u00f3dicas y asistencia al cliente integrada para facilitar su uso.\" \/>\n<meta name=\"robots\" content=\"index, follow, max-snippet:-1, max-image-preview:large, max-video-preview:-1\" \/>\n<link rel=\"canonical\" href=\"https:\/\/magnetic-slots.org\/es\/aplicacion\/\" \/>\n<meta property=\"og:locale\" content=\"es_ES\" \/>\n<meta property=\"og:type\" content=\"article\" \/>\n<meta property=\"og:title\" content=\"Magneticslots Casino m\u00f3vil | Aplicaci\u00f3n para Android e iOS\" \/>\n<meta property=\"og:description\" content=\"La aplicaci\u00f3n Magneticslots garantiza una experiencia de juego impecable en las plataformas Android, iOS, Windows y macOS, con sincronizaci\u00f3n de cuentas, actualizaciones peri\u00f3dicas y asistencia al cliente integrada para facilitar su uso.\" \/>\n<meta property=\"og:url\" content=\"https:\/\/magnetic-slots.org\/es\/aplicacion\/\" \/>\n<meta property=\"og:site_name\" content=\"magnetic-slots\" \/>\n<meta property=\"article:modified_time\" content=\"2025-12-15T13:59:56+00:00\" \/>\n<meta name=\"twitter:card\" content=\"summary_large_image\" \/>\n<meta name=\"twitter:label1\" content=\"Est. reading time\" \/>\n\t<meta name=\"twitter:data1\" content=\"2 minutes\" \/>\n<script type=\"application\/ld+json\" class=\"yoast-schema-graph\">{\"@context\":\"https:\\\/\\\/schema.org\",\"@graph\":[{\"@type\":\"WebPage\",\"@id\":\"https:\\\/\\\/magnetic-slots.org\\\/es\\\/aplicacion\\\/\",\"url\":\"https:\\\/\\\/magnetic-slots.org\\\/es\\\/aplicacion\\\/\",\"name\":\"Magneticslots Casino m\u00f3vil | Aplicaci\u00f3n para Android e iOS\",\"isPartOf\":{\"@id\":\"https:\\\/\\\/magnetic-slots.org\\\/es\\\/#website\"},\"datePublished\":\"2025-12-15T07:39:08+00:00\",\"dateModified\":\"2025-12-15T13:59:56+00:00\",\"description\":\"La aplicaci\u00f3n Magneticslots garantiza una experiencia de juego impecable en las plataformas Android, iOS, Windows y macOS, con sincronizaci\u00f3n de cuentas, actualizaciones peri\u00f3dicas y asistencia al cliente integrada para facilitar su uso.\",\"breadcrumb\":{\"@id\":\"https:\\\/\\\/magnetic-slots.org\\\/es\\\/aplicacion\\\/#breadcrumb\"},\"inLanguage\":\"es-ES\",\"potentialAction\":[{\"@type\":\"ReadAction\",\"target\":[\"https:\\\/\\\/magnetic-slots.org\\\/es\\\/aplicacion\\\/\"]}]},{\"@type\":\"BreadcrumbList\",\"@id\":\"https:\\\/\\\/magnetic-slots.org\\\/es\\\/aplicacion\\\/#breadcrumb\",\"itemListElement\":[{\"@type\":\"ListItem\",\"position\":1,\"name\":\"Magneticslots\",\"item\":\"https:\\\/\\\/magnetic-slots.org\\\/es\\\/\"},{\"@type\":\"ListItem\",\"position\":2,\"name\":\"Aplicaci\u00f3n\"}]},{\"@type\":\"WebSite\",\"@id\":\"https:\\\/\\\/magnetic-slots.org\\\/es\\\/#website\",\"url\":\"https:\\\/\\\/magnetic-slots.org\\\/es\\\/\",\"name\":\"Magneticslots\",\"description\":\"\",\"publisher\":{\"@id\":\"https:\\\/\\\/magnetic-slots.org\\\/es\\\/#organization\"},\"potentialAction\":[{\"@type\":\"SearchAction\",\"target\":{\"@type\":\"EntryPoint\",\"urlTemplate\":\"https:\\\/\\\/magnetic-slots.org\\\/es\\\/?s={search_term_string}\"},\"query-input\":{\"@type\":\"PropertyValueSpecification\",\"valueRequired\":true,\"valueName\":\"search_term_string\"}}],\"inLanguage\":\"es-ES\"},{\"@type\":\"Organization\",\"@id\":\"https:\\\/\\\/magnetic-slots.org\\\/es\\\/#organization\",\"name\":\"Magneticslots\",\"url\":\"https:\\\/\\\/magnetic-slots.org\\\/es\\\/\",\"logo\":{\"@type\":\"ImageObject\",\"inLanguage\":\"es-ES\",\"@id\":\"https:\\\/\\\/magnetic-slots.org\\\/es\\\/#\\\/schema\\\/logo\\\/image\\\/\",\"url\":\"https:\\\/\\\/magnetic-slots.org\\\/wp-content\\\/uploads\\\/2025\\\/12\\\/logo.svg\",\"contentUrl\":\"https:\\\/\\\/magnetic-slots.org\\\/wp-content\\\/uploads\\\/2025\\\/12\\\/logo.svg\",\"width\":160,\"height\":27,\"caption\":\"Magneticslots\"},\"image\":{\"@id\":\"https:\\\/\\\/magnetic-slots.org\\\/es\\\/#\\\/schema\\\/logo\\\/image\\\/\"}}]}<\/script>\n<!-- \/ Yoast SEO plugin. -->","yoast_head_json":{"title":"Magneticslots Casino m\u00f3vil | Aplicaci\u00f3n para Android e iOS","description":"La aplicaci\u00f3n Magneticslots garantiza una experiencia de juego impecable en las plataformas Android, iOS, Windows y macOS, con sincronizaci\u00f3n de cuentas, actualizaciones peri\u00f3dicas y asistencia al cliente integrada para facilitar su uso.","robots":{"index":"index","follow":"follow","max-snippet":"max-snippet:-1","max-image-preview":"max-image-preview:large","max-video-preview":"max-video-preview:-1"},"canonical":"https:\/\/magnetic-slots.org\/es\/aplicacion\/","og_locale":"es_ES","og_type":"article","og_title":"Magneticslots Casino m\u00f3vil | Aplicaci\u00f3n para Android e iOS","og_description":"La aplicaci\u00f3n Magneticslots garantiza una experiencia de juego impecable en las plataformas Android, iOS, Windows y macOS, con sincronizaci\u00f3n de cuentas, actualizaciones peri\u00f3dicas y asistencia al cliente integrada para facilitar su uso.","og_url":"https:\/\/magnetic-slots.org\/es\/aplicacion\/","og_site_name":"magnetic-slots","article_modified_time":"2025-12-15T13:59:56+00:00","twitter_card":"summary_large_image","twitter_misc":{"Est. reading time":"2 minutes"},"schema":{"@context":"https:\/\/schema.org","@graph":[{"@type":"WebPage","@id":"https:\/\/magnetic-slots.org\/es\/aplicacion\/","url":"https:\/\/magnetic-slots.org\/es\/aplicacion\/","name":"Magneticslots Casino m\u00f3vil | Aplicaci\u00f3n para Android e iOS","isPartOf":{"@id":"https:\/\/magnetic-slots.org\/es\/#website"},"datePublished":"2025-12-15T07:39:08+00:00","dateModified":"2025-12-15T13:59:56+00:00","description":"La aplicaci\u00f3n Magneticslots garantiza una experiencia de juego impecable en las plataformas Android, iOS, Windows y macOS, con sincronizaci\u00f3n de cuentas, actualizaciones peri\u00f3dicas y asistencia al cliente integrada para facilitar su uso.","breadcrumb":{"@id":"https:\/\/magnetic-slots.org\/es\/aplicacion\/#breadcrumb"},"inLanguage":"es-ES","potentialAction":[{"@type":"ReadAction","target":["https:\/\/magnetic-slots.org\/es\/aplicacion\/"]}]},{"@type":"BreadcrumbList","@id":"https:\/\/magnetic-slots.org\/es\/aplicacion\/#breadcrumb","itemListElement":[{"@type":"ListItem","position":1,"name":"Magneticslots","item":"https:\/\/magnetic-slots.org\/es\/"},{"@type":"ListItem","position":2,"name":"Aplicaci\u00f3n"}]},{"@type":"WebSite","@id":"https:\/\/magnetic-slots.org\/es\/#website","url":"https:\/\/magnetic-slots.org\/es\/","name":"Magneticslots","description":"","publisher":{"@id":"https:\/\/magnetic-slots.org\/es\/#organization"},"potentialAction":[{"@type":"SearchAction","target":{"@type":"EntryPoint","urlTemplate":"https:\/\/magnetic-slots.org\/es\/?s={search_term_string}"},"query-input":{"@type":"PropertyValueSpecification","valueRequired":true,"valueName":"search_term_string"}}],"inLanguage":"es-ES"},{"@type":"Organization","@id":"https:\/\/magnetic-slots.org\/es\/#organization","name":"Magneticslots","url":"https:\/\/magnetic-slots.org\/es\/","logo":{"@type":"ImageObject","inLanguage":"es-ES","@id":"https:\/\/magnetic-slots.org\/es\/#\/schema\/logo\/image\/","url":"https:\/\/magnetic-slots.org\/wp-content\/uploads\/2025\/12\/logo.svg","contentUrl":"https:\/\/magnetic-slots.org\/wp-content\/uploads\/2025\/12\/logo.svg","width":160,"height":27,"caption":"Magneticslots"},"image":{"@id":"https:\/\/magnetic-slots.org\/es\/#\/schema\/logo\/image\/"}}]}},"_links":{"self":[{"href":"https:\/\/magnetic-slots.org\/es\/wp-json\/wp\/v2\/pages\/1439","targetHints":{"allow":["GET"]}}],"collection":[{"href":"https:\/\/magnetic-slots.org\/es\/wp-json\/wp\/v2\/pages"}],"about":[{"href":"https:\/\/magnetic-slots.org\/es\/wp-json\/wp\/v2\/types\/page"}],"author":[{"embeddable":true,"href":"https:\/\/magnetic-slots.org\/es\/wp-json\/wp\/v2\/users\/1"}],"replies":[{"embeddable":true,"href":"https:\/\/magnetic-slots.org\/es\/wp-json\/wp\/v2\/comments?post=1439"}],"version-history":[{"count":2,"href":"https:\/\/magnetic-slots.org\/es\/wp-json\/wp\/v2\/pages\/1439\/revisions"}],"predecessor-version":[{"id":1805,"href":"https:\/\/magnetic-slots.org\/es\/wp-json\/wp\/v2\/pages\/1439\/revisions\/1805"}],"wp:attachment":[{"href":"https:\/\/magnetic-slots.org\/es\/wp-json\/wp\/v2\/media?parent=1439"}],"curies":[{"name":"wp","href":"https:\/\/api.w.org\/{rel}","templated":true}]}}