{"id":1473,"date":"2025-12-15T07:42:00","date_gmt":"2025-12-15T07:42:00","guid":{"rendered":"https:\/\/magnetic-slots.org\/login-and-registration\/"},"modified":"2025-12-15T10:18:19","modified_gmt":"2025-12-15T10:18:19","slug":"anmeldung-und-registrierung","status":"publish","type":"page","link":"https:\/\/magnetic-slots.org\/de\/anmeldung-und-registrierung\/","title":{"rendered":"Anmeldung und Registrierung"},"content":{"rendered":"<h1>Magneticslots Anmeldung: Schnelle Registrierung und Kontoverwaltung<\/h1>\n<p>Magneticslots Login ist eine bequeme und kreative M\u00f6glichkeit, sich bei unserem Online-Casino anzumelden. Wir sind bestrebt, ein hohes Ma\u00df an Unterhaltung, Fairness und Sicherheit zu gew\u00e4hrleisten. Da wir Ihnen unsere fantastische, vielf\u00e4ltige Auswahl an Spielen, bequeme Zahlungssysteme und einen reaktionsschnellen Kundenservice pr\u00e4sentieren m\u00f6chten, tun wir bei Magneticslots Casino alles, um allen unseren neuen und qualifizierten Spielern ein angenehmes Spielerlebnis zu garantieren.<\/p>\n<p><div class=\"banner-wrap\" aria-label=\"Banner\"><img src=\"https:\/\/magnetic-slots.org\/wp-content\/uploads\/2025\/12\/header-bg-1.webp\" class=\"w-100 d-none d-lg-block img-pc main-banner-img\" alt=\"MagneticSlots desktop banner\" fetchpriority=\"high\" decoding=\"async\"><img src=\"https:\/\/magnetic-slots.org\/wp-content\/uploads\/2025\/12\/MagneticSlots-mobile-banner.webp\" class=\"w-100 d-none d-md-block d-lg-none main-banner-img\" alt=\"MagneticSlots mobile banner\" fetchpriority=\"high\" decoding=\"async\"><img src=\"https:\/\/magnetic-slots.org\/wp-content\/uploads\/2025\/12\/MagneticSlots-mobile-banner.webp\" class=\"w-100 d-md-none\" alt=\"MagneticSlots mobile banner\" fetchpriority=\"high\" decoding=\"async\"><div class=\"banner-description\">\n<div class=\"banner-title\">Willkommensboni<\/div>\n<p class=\"banner-header-title\">1500 \u20ac<\/p>\n<div class=\"banner-header-AdditionalText\">+ 250 Freispiele<\/div>\n<button data-item=\"homepage_banner_link\" class=\"goto m-button m-gradient-border m-button--primary m-button--large banner-button btn-orange\">\n            <div class=\"m-button-content\">\n                <span>Melden Sie sich jetzt an<\/span>\n                <span><\/span>\n            <\/div>\n        <\/button>\n<\/div>\n<div class=\"WelcomePack\">\n<p><img loading=\"lazy\" decoding=\"async\" class=\"alignnone size-full wp-image-1339\" src=\"https:\/\/magnetic-slots.org\/wp-content\/uploads\/2025\/12\/welcome-crown.svg\" alt=\"crown\" width=\"25\" height=\"26\" \/><\/p>\n<div class=\"WelcomePack-Info\">W\u00f6chentliches Cashback bis zu 25 %<\/div>\n<p><img loading=\"lazy\" decoding=\"async\" class=\"alignnone size-full wp-image-1339\" src=\"https:\/\/magnetic-slots.org\/wp-content\/uploads\/2025\/12\/welcome-crown.svg\" alt=\"crown\" width=\"25\" height=\"26\" \/><\/p>\n<\/div>\n<\/div><div class=\"scrollable-content-wrap my-5\"><div class=\"scrollable-content-inner\"><h2>Magneticslots Anmeldung: Registrierung neuer Spieler<\/h2>\n<p>Die Anmeldung bei Magneticslots ist ganz auf Ihren Komfort ausgerichtet. Es handelt sich um einen sicheren und effektiven Zugang zu einem vollwertigen Online-Casino. Unsere Plattform bietet hohe Sicherheit, eine einfache Registrierung f\u00fcr alle Personen \u00fcber 18 Jahren und mehrsprachigen Support f\u00fcr Spieler, die eine gute und sichere Spielverbindung suchen. Die Navigation im Online-Casino ist ganz einfach. Wir bei Magneticslots Casino sorgen daf\u00fcr, dass Sie die Kontrolle \u00fcber Ihr Spiel haben und sicher Spa\u00df haben und Geld gewinnen k\u00f6nnen.<\/p>\n<h2>Erstellen Sie Ihr Magnetic Slots Konto<\/h2>\n<p>Die Registrierung bei unserem fantastischen Magneticslots Casino er\u00f6ffnet Ihnen zahlreiche Spielm\u00f6glichkeiten. Mit Ihrem Konto k\u00f6nnen Sie auf mehr als 6.000 Casinospiele zugreifen, darunter Spielautomaten, Tischspiele und Live-Dealer. Dar\u00fcber hinaus erhalten Spieler durch die Registrierung die M\u00f6glichkeit, Boni zu gewinnen, an Turnieren teilzunehmen, Ein- und Auszahlungen vorzunehmen und ihre Spielprofile zu aktivieren. Wir haben unsere Registrierung so bequem und sicher wie m\u00f6glich gestaltet, damit Sie schnell und unkompliziert mit dem Spielen beginnen k\u00f6nnen.<\/p>\n<p>Die Registrierung bei Magnetic Slots Casino ist ganz einfach. Um Teil unserer Plattform zu werden, befolgen Sie bitte die folgenden Schritte:<\/p>\n<ol>\n<li>Gehen Sie zur Magneticslots Hauptseite.<\/li>\n<li>Suchen Sie die Schaltfl\u00e4che \u201eAnmelden\u201c.<\/li>\n<li>Dr\u00fccken Sie die Taste, um das Anmeldeformular anzuzeigen.<\/li>\n<li>Geben Sie Ihre g\u00fcltige E-Mail-Adresse ein und w\u00e4hlen Sie ein sicheres Passwort. Es wird empfohlen, eine Kombination aus Klein- und Gro\u00dfbuchstaben, Zahlen und Sonderzeichen zu verwenden, um die Sicherheit zu erh\u00f6hen. Vernachl\u00e4ssigen Sie dies nicht.<\/li>\n<li>Lesen und akzeptieren Sie die Allgemeinen Gesch\u00e4ftsbedingungen und stellen Sie sicher, dass Sie vollj\u00e4hrig sind. Nehmen Sie sich Zeit, alles durchzulesen.<\/li>\n<li>Klicken Sie auf die entsprechende Schaltfl\u00e4che, um das Anmeldeformular zu senden.<\/li>\n<li>Best\u00e4tigen Sie Ihre E-Mail-Adresse, indem Sie auf den Best\u00e4tigungslink klicken, der an Ihre E-Mail-Adresse gesendet wurde, und aktivieren Sie Ihr Konto.<\/li>\n<\/ol>\n<p>Weitere pers\u00f6nliche Angaben wie Ihr vollst\u00e4ndiger Name, Ihr Geburtsdatum und Ihre Wohnadresse k\u00f6nnen zu einem sp\u00e4teren Zeitpunkt in den Kontoeinstellungen erg\u00e4nzt werden. Dies erm\u00f6glicht eine schnelle Erstregistrierung auf der Plattform und den sofortigen Zugriff auf die Funktionen.<\/p>\n<h2>Anmelden bei Magnetic Slots<\/h2>\n<p>Nach der Registrierung k\u00f6nnen Sie sich ganz einfach und sicher in Ihr Magnetic Slots-Konto einloggen. Befolgen Sie dazu diese Schritte:<\/p>\n<ol>\n<li>Gehen Sie zur oberen Ecke von Magnetic Slots.<\/li>\n<li>In der oberen rechten Ecke befindet sich eine Schaltfl\u00e4che mit der Aufschrift \u201eAnmelden\u201c (direkt neben der Schaltfl\u00e4che \u201eRegistrieren\u201c).<\/li>\n<li>Geben Sie Ihre E-Mail-Adresse und Ihr Passwort ein, mit denen Sie sich registriert haben.<\/li>\n<li>Beenden Sie den Verifizierungsprozess, indem Sie den Code eingeben, den Sie auf Ihrem Mobiltelefon oder in Ihrer Authentifizierungs-App erhalten haben.<\/li>\n<li>Klicken Sie auf das Symbol des Kontos, um Ihre Magneticslots Anmeldung abzuschlie\u00dfen. Sie sind wieder im System!<\/li>\n<\/ol>\n<p>In Ihrem Konto k\u00f6nnen Sie zahlreiche Aktivit\u00e4ten durchf\u00fchren, beispielsweise Ihre Profilinformationen, Einzahlungen, Gewinne und Auszahlungen verwalten sowie Ihren Transaktionsverlauf einsehen. Die Website ist \u00fcbersichtlich strukturiert und leicht zu navigieren, sodass Sie Ihre Zeit ganz dem Spielen Ihrer Lieblingsspiele widmen k\u00f6nnen.<\/p>\n<h3>Passwort vergessen?<\/h3>\n<p>Das kommt manchmal vor. Wenn Sie Ihr Passwort vergessen haben, k\u00f6nnen Sie auf die Schaltfl\u00e4che \u201eMagneticslots Anmeldung\u201c klicken und dann auf \u201ePasswort vergessen?\u201c. Dadurch wird unser Support Team dar\u00fcber informiert, dass Sie Probleme haben. In Ihrem Posteingang finden Sie eine E-Mail von uns mit einer Anleitung zu einfachen Schritten zur Wiederherstellung, damit Sie ohne Probleme wieder auf unsere Plattform zugreifen k\u00f6nnen.<\/p>\n<h3>Magnetic Slots Casino: Sicherung und Verifizierung von Konten<\/h3>\n<p>Magneticslots Casino ist eine seri\u00f6se Plattform, und Ihre Sicherheit hat f\u00fcr uns oberste Priorit\u00e4t. Wir tun alles, um Sie in unserem Cyberspace zu sch\u00fctzen.\u00a0 Wir sichern Ihre Daten w\u00e4hrend der \u00dcbertragung durch den Einsatz von SSL-Verschl\u00fcsselung. Dar\u00fcber hinaus k\u00f6nnen Spieler die Zwei-Faktor-Authentifizierung (2FA) aktivieren, um noch mehr Sicherheit zu erreichen. Das Authentifizierungsverfahren umfasst die Bereitstellung authentischer Dokumente (Ausweise), die unser Support Team innerhalb von 48 Stunden pr\u00fcft. Dies ist notwendig, um Ihre Identit\u00e4t zu \u00fcberpr\u00fcfen, Betrug zu verhindern und Auszahlungen zu erleichtern.<\/p>\n<table>\n<tbody>\n<tr>\n<td>Art des Schutzes<\/td>\n<td>Details<\/td>\n<\/tr>\n<tr>\n<td>Plattform-Sicherheit<\/td>\n<td>SSL-Verschl\u00fcsselung, 2FA, Verifizierungsverfahren, DSGVO-Konformit\u00e4t, zertifizierter RNG und eine Cura\u00e7ao-Lizenz.<\/td>\n<\/tr>\n<tr>\n<td>Kundendienst<\/td>\n<td>Mehrsprachiger Support, Live Chat und E-Mail-Unterst\u00fctzung rund um die Uhr<\/td>\n<\/tr>\n<tr>\n<td>Anmeldevoraussetzungen<\/td>\n<td>G\u00fcltige E-Mail-Adresse, strenge Alters\u00fcberpr\u00fcfung und Angabe pers\u00f6nlicher Daten bei der Registrierung<\/td>\n<\/tr>\n<tr>\n<td>Verifizierungsprozess<\/td>\n<td>Hochladen von Dokumenten zur \u00dcberpr\u00fcfung<\/td>\n<\/tr>\n<\/tbody>\n<\/table>\n<h2>H\u00e4ufig gestellte Fragen<\/h2>\n<h3>Wie schlie\u00dfe ich den Kontobest\u00e4tigungsprozess ab?<\/h3>\n<p>Die Magneticslots Casino \u00dcberpr\u00fcfung akzeptiert, wenn Sie eine Kopie legitimer Dokumente beif\u00fcgen, die die Identit\u00e4t best\u00e4tigen, z. B. einen amtlichen Ausweis oder einen Adressnachweis. Unser Support Team bearbeitet die eingereichten Unterlagen innerhalb von 48 Stunden und benachrichtigt Sie anschlie\u00dfend oder empfiehlt Ihnen weitere Ma\u00dfnahmen. Auszahlungen und die Kontosicherheit sind nur nach der Verifizierung m\u00f6glich.<\/p>\n<h3>Wie aktualisiere ich das Passwort oder die E-Mail-Adresse?<\/h3>\n<p>In den Kontoeinstellungen k\u00f6nnen Sie Ihr Passwort oder Ihre E-Mail-Adresse \u00e4ndern. Gehen Sie zum Profilbereich, w\u00e4hlen Sie die gew\u00fcnschte Option aus und best\u00e4tigen Sie Ihre \u00c4nderungen. In Ihrem Konto k\u00f6nnen Sie alles verwalten. Aus Sicherheitsgr\u00fcnden m\u00fcssen Sie m\u00f6glicherweise Ihre E-Mail-Adresse erneut \u00fcberpr\u00fcfen oder eine Zwei-Faktor-Authentifizierung durchf\u00fchren, um Ihre E-Mail-Adresse oder Ihr Passwort zu \u00e4ndern.<\/p>\n<h3>Was soll ich tun, wenn mein Konto gesperrt ist?<\/h3>\n<p>Versuchen Sie zun\u00e4chst, sich bei Magneticslots anzumelden. Wenn dies nicht funktioniert und Ihr Konto gesperrt ist, k\u00f6nnen Sie selbst nichts unternehmen. Wenden Sie sich bitte \u00fcber den Live Chat oder per E-Mail an unseren Kundendienst, damit wir Ihnen helfen k\u00f6nnen. Durch eine Identit\u00e4tspr\u00fcfung kann das Konto entsperrt und der Zugriff wiederhergestellt werden.<\/p>\n<h3>Wie kann ich mein Konto schlie\u00dfen oder vor\u00fcbergehend sperren?<\/h3>\n<p>Wenn Sie Ihr Konto bei Magneticslots Casino pl\u00f6tzlich schlie\u00dfen oder sperren m\u00f6chten, senden Sie bitte \u00fcber Ihre Einstellungen eine Anfrage an den Support. Unser Team wird Sie durch den Prozess begleiten, damit Ihre Daten ordnungsgem\u00e4\u00df behandelt werden.<\/p>\n<\/div><\/div><\/p>\n","protected":false},"excerpt":{"rendered":"<p>Magneticslots Anmeldung: Schnelle Registrierung und Kontoverwaltung Magneticslots Login ist eine bequeme und kreative M\u00f6glichkeit, sich bei unserem Online-Casino anzumelden. Wir sind bestrebt, ein hohes Ma\u00df an Unterhaltung, Fairness und Sicherheit zu gew\u00e4hrleisten. Da wir Ihnen unsere fantastische, vielf\u00e4ltige Auswahl an Spielen, bequeme Zahlungssysteme und einen reaktionsschnellen Kundenservice pr\u00e4sentieren m\u00f6chten, tun wir bei Magneticslots Casino alles, [&hellip;]<\/p>\n","protected":false},"author":1,"featured_media":0,"parent":0,"menu_order":0,"comment_status":"closed","ping_status":"closed","template":"template-builder.php","meta":{"_acf_changed":false,"inline_featured_image":false,"footnotes":""},"class_list":["post-1473","page","type-page","status-publish","hentry"],"acf":[],"yoast_head":"<!-- This site is optimized with the Yoast SEO plugin v27.3 - https:\/\/yoast.com\/product\/yoast-seo-wordpress\/ -->\n<title>Magneticslots Login \u2013 Registrierung und Zugriff auf das Konto<\/title>\n<meta name=\"description\" content=\"Erstellen, verwalten und \u00fcberpr\u00fcfen Sie Ihr Magneticslots Casino-Konto ganz einfach mit schneller Registrierung, nahtloser Kontowiederherstellung und sicherer Kontoschlie\u00dfung, die Ihnen rund um die Uhr Schutz durch Magneticslots Login gew\u00e4hrleistet.\" \/>\n<meta name=\"robots\" content=\"index, follow, max-snippet:-1, max-image-preview:large, max-video-preview:-1\" \/>\n<link rel=\"canonical\" href=\"https:\/\/magnetic-slots.org\/de\/anmeldung-und-registrierung\/\" \/>\n<meta property=\"og:locale\" content=\"de_DE\" \/>\n<meta property=\"og:type\" content=\"article\" \/>\n<meta property=\"og:title\" content=\"Magneticslots Login \u2013 Registrierung und Zugriff auf das Konto\" \/>\n<meta property=\"og:description\" content=\"Erstellen, verwalten und \u00fcberpr\u00fcfen Sie Ihr Magneticslots Casino-Konto ganz einfach mit schneller Registrierung, nahtloser Kontowiederherstellung und sicherer Kontoschlie\u00dfung, die Ihnen rund um die Uhr Schutz durch Magneticslots Login gew\u00e4hrleistet.\" \/>\n<meta property=\"og:url\" content=\"https:\/\/magnetic-slots.org\/de\/anmeldung-und-registrierung\/\" \/>\n<meta property=\"og:site_name\" content=\"magnetic-slots\" \/>\n<meta property=\"article:modified_time\" content=\"2025-12-15T10:18:19+00:00\" \/>\n<meta name=\"twitter:card\" content=\"summary_large_image\" \/>\n<meta name=\"twitter:label1\" content=\"Gesch\u00e4tzte Lesezeit\" \/>\n\t<meta name=\"twitter:data1\" content=\"1\u00a0Minute\" \/>\n<script type=\"application\/ld+json\" class=\"yoast-schema-graph\">{\"@context\":\"https:\\\/\\\/schema.org\",\"@graph\":[{\"@type\":\"WebPage\",\"@id\":\"https:\\\/\\\/magnetic-slots.org\\\/de\\\/anmeldung-und-registrierung\\\/\",\"url\":\"https:\\\/\\\/magnetic-slots.org\\\/de\\\/anmeldung-und-registrierung\\\/\",\"name\":\"Magneticslots Login \u2013 Registrierung und Zugriff auf das Konto\",\"isPartOf\":{\"@id\":\"https:\\\/\\\/magnetic-slots.org\\\/de\\\/#website\"},\"datePublished\":\"2025-12-15T07:42:00+00:00\",\"dateModified\":\"2025-12-15T10:18:19+00:00\",\"description\":\"Erstellen, verwalten und \u00fcberpr\u00fcfen Sie Ihr Magneticslots Casino-Konto ganz einfach mit schneller Registrierung, nahtloser Kontowiederherstellung und sicherer Kontoschlie\u00dfung, die Ihnen rund um die Uhr Schutz durch Magneticslots Login gew\u00e4hrleistet.\",\"breadcrumb\":{\"@id\":\"https:\\\/\\\/magnetic-slots.org\\\/de\\\/anmeldung-und-registrierung\\\/#breadcrumb\"},\"inLanguage\":\"de\",\"potentialAction\":[{\"@type\":\"ReadAction\",\"target\":[\"https:\\\/\\\/magnetic-slots.org\\\/de\\\/anmeldung-und-registrierung\\\/\"]}]},{\"@type\":\"BreadcrumbList\",\"@id\":\"https:\\\/\\\/magnetic-slots.org\\\/de\\\/anmeldung-und-registrierung\\\/#breadcrumb\",\"itemListElement\":[{\"@type\":\"ListItem\",\"position\":1,\"name\":\"Magneticslots\",\"item\":\"https:\\\/\\\/magnetic-slots.org\\\/de\\\/\"},{\"@type\":\"ListItem\",\"position\":2,\"name\":\"Anmeldung und Registrierung\"}]},{\"@type\":\"WebSite\",\"@id\":\"https:\\\/\\\/magnetic-slots.org\\\/de\\\/#website\",\"url\":\"https:\\\/\\\/magnetic-slots.org\\\/de\\\/\",\"name\":\"Magneticslots\",\"description\":\"\",\"publisher\":{\"@id\":\"https:\\\/\\\/magnetic-slots.org\\\/de\\\/#organization\"},\"potentialAction\":[{\"@type\":\"SearchAction\",\"target\":{\"@type\":\"EntryPoint\",\"urlTemplate\":\"https:\\\/\\\/magnetic-slots.org\\\/de\\\/?s={search_term_string}\"},\"query-input\":{\"@type\":\"PropertyValueSpecification\",\"valueRequired\":true,\"valueName\":\"search_term_string\"}}],\"inLanguage\":\"de\"},{\"@type\":\"Organization\",\"@id\":\"https:\\\/\\\/magnetic-slots.org\\\/de\\\/#organization\",\"name\":\"Magneticslots\",\"url\":\"https:\\\/\\\/magnetic-slots.org\\\/de\\\/\",\"logo\":{\"@type\":\"ImageObject\",\"inLanguage\":\"de\",\"@id\":\"https:\\\/\\\/magnetic-slots.org\\\/de\\\/#\\\/schema\\\/logo\\\/image\\\/\",\"url\":\"https:\\\/\\\/magnetic-slots.org\\\/wp-content\\\/uploads\\\/2025\\\/12\\\/logo.svg\",\"contentUrl\":\"https:\\\/\\\/magnetic-slots.org\\\/wp-content\\\/uploads\\\/2025\\\/12\\\/logo.svg\",\"width\":160,\"height\":27,\"caption\":\"Magneticslots\"},\"image\":{\"@id\":\"https:\\\/\\\/magnetic-slots.org\\\/de\\\/#\\\/schema\\\/logo\\\/image\\\/\"}}]}<\/script>\n<!-- \/ Yoast SEO plugin. -->","yoast_head_json":{"title":"Magneticslots Login \u2013 Registrierung und Zugriff auf das Konto","description":"Erstellen, verwalten und \u00fcberpr\u00fcfen Sie Ihr Magneticslots Casino-Konto ganz einfach mit schneller Registrierung, nahtloser Kontowiederherstellung und sicherer Kontoschlie\u00dfung, die Ihnen rund um die Uhr Schutz durch Magneticslots Login gew\u00e4hrleistet.","robots":{"index":"index","follow":"follow","max-snippet":"max-snippet:-1","max-image-preview":"max-image-preview:large","max-video-preview":"max-video-preview:-1"},"canonical":"https:\/\/magnetic-slots.org\/de\/anmeldung-und-registrierung\/","og_locale":"de_DE","og_type":"article","og_title":"Magneticslots Login \u2013 Registrierung und Zugriff auf das Konto","og_description":"Erstellen, verwalten und \u00fcberpr\u00fcfen Sie Ihr Magneticslots Casino-Konto ganz einfach mit schneller Registrierung, nahtloser Kontowiederherstellung und sicherer Kontoschlie\u00dfung, die Ihnen rund um die Uhr Schutz durch Magneticslots Login gew\u00e4hrleistet.","og_url":"https:\/\/magnetic-slots.org\/de\/anmeldung-und-registrierung\/","og_site_name":"magnetic-slots","article_modified_time":"2025-12-15T10:18:19+00:00","twitter_card":"summary_large_image","twitter_misc":{"Gesch\u00e4tzte Lesezeit":"1\u00a0Minute"},"schema":{"@context":"https:\/\/schema.org","@graph":[{"@type":"WebPage","@id":"https:\/\/magnetic-slots.org\/de\/anmeldung-und-registrierung\/","url":"https:\/\/magnetic-slots.org\/de\/anmeldung-und-registrierung\/","name":"Magneticslots Login \u2013 Registrierung und Zugriff auf das Konto","isPartOf":{"@id":"https:\/\/magnetic-slots.org\/de\/#website"},"datePublished":"2025-12-15T07:42:00+00:00","dateModified":"2025-12-15T10:18:19+00:00","description":"Erstellen, verwalten und \u00fcberpr\u00fcfen Sie Ihr Magneticslots Casino-Konto ganz einfach mit schneller Registrierung, nahtloser Kontowiederherstellung und sicherer Kontoschlie\u00dfung, die Ihnen rund um die Uhr Schutz durch Magneticslots Login gew\u00e4hrleistet.","breadcrumb":{"@id":"https:\/\/magnetic-slots.org\/de\/anmeldung-und-registrierung\/#breadcrumb"},"inLanguage":"de","potentialAction":[{"@type":"ReadAction","target":["https:\/\/magnetic-slots.org\/de\/anmeldung-und-registrierung\/"]}]},{"@type":"BreadcrumbList","@id":"https:\/\/magnetic-slots.org\/de\/anmeldung-und-registrierung\/#breadcrumb","itemListElement":[{"@type":"ListItem","position":1,"name":"Magneticslots","item":"https:\/\/magnetic-slots.org\/de\/"},{"@type":"ListItem","position":2,"name":"Anmeldung und Registrierung"}]},{"@type":"WebSite","@id":"https:\/\/magnetic-slots.org\/de\/#website","url":"https:\/\/magnetic-slots.org\/de\/","name":"Magneticslots","description":"","publisher":{"@id":"https:\/\/magnetic-slots.org\/de\/#organization"},"potentialAction":[{"@type":"SearchAction","target":{"@type":"EntryPoint","urlTemplate":"https:\/\/magnetic-slots.org\/de\/?s={search_term_string}"},"query-input":{"@type":"PropertyValueSpecification","valueRequired":true,"valueName":"search_term_string"}}],"inLanguage":"de"},{"@type":"Organization","@id":"https:\/\/magnetic-slots.org\/de\/#organization","name":"Magneticslots","url":"https:\/\/magnetic-slots.org\/de\/","logo":{"@type":"ImageObject","inLanguage":"de","@id":"https:\/\/magnetic-slots.org\/de\/#\/schema\/logo\/image\/","url":"https:\/\/magnetic-slots.org\/wp-content\/uploads\/2025\/12\/logo.svg","contentUrl":"https:\/\/magnetic-slots.org\/wp-content\/uploads\/2025\/12\/logo.svg","width":160,"height":27,"caption":"Magneticslots"},"image":{"@id":"https:\/\/magnetic-slots.org\/de\/#\/schema\/logo\/image\/"}}]}},"_links":{"self":[{"href":"https:\/\/magnetic-slots.org\/de\/wp-json\/wp\/v2\/pages\/1473","targetHints":{"allow":["GET"]}}],"collection":[{"href":"https:\/\/magnetic-slots.org\/de\/wp-json\/wp\/v2\/pages"}],"about":[{"href":"https:\/\/magnetic-slots.org\/de\/wp-json\/wp\/v2\/types\/page"}],"author":[{"embeddable":true,"href":"https:\/\/magnetic-slots.org\/de\/wp-json\/wp\/v2\/users\/1"}],"replies":[{"embeddable":true,"href":"https:\/\/magnetic-slots.org\/de\/wp-json\/wp\/v2\/comments?post=1473"}],"version-history":[{"count":1,"href":"https:\/\/magnetic-slots.org\/de\/wp-json\/wp\/v2\/pages\/1473\/revisions"}],"predecessor-version":[{"id":1621,"href":"https:\/\/magnetic-slots.org\/de\/wp-json\/wp\/v2\/pages\/1473\/revisions\/1621"}],"wp:attachment":[{"href":"https:\/\/magnetic-slots.org\/de\/wp-json\/wp\/v2\/media?parent=1473"}],"curies":[{"name":"wp","href":"https:\/\/api.w.org\/{rel}","templated":true}]}}