{"id":1432,"date":"2025-12-15T07:39:08","date_gmt":"2025-12-15T07:39:08","guid":{"rendered":"https:\/\/magnetic-slots.org\/app-2\/"},"modified":"2025-12-15T10:15:28","modified_gmt":"2025-12-15T10:15:28","slug":"app","status":"publish","type":"page","link":"https:\/\/magnetic-slots.org\/de\/app\/","title":{"rendered":"App"},"content":{"rendered":"<h1>Magneticslots App: Mobile Casino-Spiele<\/h1>\n<p>Die Magneticslots App revolutioniert das digitale Gl\u00fccksspiel. Die von uns angebotenen Online Slots und Tischspiele ziehen Spieler aus aller Welt an. Sie k\u00f6nnen auf das einfachste und sicherste mobile Spielerlebnis zugreifen. Magneticslots Casino wurde unter Verwendung der neuesten Technologie entwickelt. Alle Kunden k\u00f6nnen ihre Lieblingsspiele jederzeit und \u00fcberall spielen und genie\u00dfen dabei unabh\u00e4ngig vom verwendeten Ger\u00e4t stets das beste Erlebnis.<\/p>\n<div class=\"banner-wrap\" aria-label=\"Banner\"><img src=\"https:\/\/magnetic-slots.org\/wp-content\/uploads\/2025\/12\/header-bg-1.webp\" class=\"w-100 d-none d-lg-block img-pc main-banner-img\" alt=\"MagneticSlots desktop banner\" fetchpriority=\"high\" decoding=\"async\"><img src=\"https:\/\/magnetic-slots.org\/wp-content\/uploads\/2025\/12\/MagneticSlots-mobile-banner.webp\" class=\"w-100 d-none d-md-block d-lg-none main-banner-img\" alt=\"MagneticSlots mobile banner\" fetchpriority=\"high\" decoding=\"async\"><img src=\"https:\/\/magnetic-slots.org\/wp-content\/uploads\/2025\/12\/MagneticSlots-mobile-banner.webp\" class=\"w-100 d-md-none\" alt=\"MagneticSlots mobile banner\" fetchpriority=\"high\" decoding=\"async\"><div class=\"banner-description\">\n<div class=\"banner-title\">Willkommensboni<\/div>\n<p class=\"banner-header-title\">1500 \u20ac<\/p>\n<div class=\"banner-header-AdditionalText\">+ 250 Freispiele<\/div>\n<button data-item=\"homepage_banner_link\" class=\"goto m-button m-gradient-border m-button--primary m-button--large banner-button btn-orange\">\n            <div class=\"m-button-content\">\n                <span>Melden Sie sich jetzt an<\/span>\n                <span><\/span>\n            <\/div>\n        <\/button>\n<\/div>\n<div class=\"WelcomePack\">\n<p><img loading=\"lazy\" decoding=\"async\" class=\"alignnone size-full wp-image-1339\" src=\"https:\/\/magnetic-slots.org\/wp-content\/uploads\/2025\/12\/welcome-crown.svg\" alt=\"crown\" width=\"25\" height=\"26\" \/><\/p>\n<div class=\"WelcomePack-Info\">W\u00f6chentliches Cashback bis zu 25 %<\/div>\n<p><img loading=\"lazy\" decoding=\"async\" class=\"alignnone size-full wp-image-1339\" src=\"https:\/\/magnetic-slots.org\/wp-content\/uploads\/2025\/12\/welcome-crown.svg\" alt=\"crown\" width=\"25\" height=\"26\" \/><\/p>\n<\/div>\n<\/div>\n<h2>Magneticslots Mobile Plattform<\/h2>\n<p>Die Magneticslots App kann aufgrund ihrer Geschwindigkeit, Sicherheit und ihres einfachen Designs als eine der herausragendsten mobilen Gaming-L\u00f6sungen bezeichnet werden. Im Vergleich zum Spielerlebnis auf herk\u00f6mmlichen Browsern bietet unsere App dank ihrer mobilen Kernschnittstelle bessere Ladezeiten, bessere Grafiken und ein besseres Gameplay. Die einfache Bedienung und die M\u00f6glichkeit, sofort auf alle Funktionen wie Einzahlungen, Auszahlungen, Boni und Kundensupport zuzugreifen, machen die App zu einem Favoriten unter Spielern, die ununterbrochen spielen m\u00f6chten.<\/p>\n<p>Die leistungsstarke Architektur der Magneticslots App garantiert Komfort mit m\u00f6glichst geringer Latenz und hoher Sicherheit, was ein Gef\u00fchl der Sicherheit bei Transaktionen und beim Spielen vermittelt. Magneticslots Casino wird auch daf\u00fcr sorgen, dass es mit der Zeit geht und neue Funktionen und Sicherheitsma\u00dfnahmen integriert, um ein hochwertiges Spielerlebnis zu bieten.<\/p>\n<p><div class=\"scrollable-content-wrap my-5\"><div class=\"scrollable-content-inner\"><h2>Magneticslots Casino Mobile App f\u00fcr Android<\/h2>\n<p>Die Android-Version unserer intelligenten Magneticslots App ist so modern gestaltet, dass wir Ihnen ein hochwertiges Spielerlebnis ohne umfangreiche Downloads bieten k\u00f6nnen. Sie nutzt eine progressive Webanwendung (PWA). Unsere Spieler k\u00f6nnen das Casino in weniger als drei Minuten \u00fcber unsere offizielle Website auf ihrem Desktop installieren.<\/p>\n<h3>APK<\/h3>\n<p>Obwohl die APK-Version fr\u00fcher die g\u00e4ngigste Installationsmethode war, hat der \u00dcbergang zu PWA die Bedeutung von APK-Dateien zunichte gemacht. In der Regel m\u00fcssen APK-Dateien manuell heruntergeladen und aktualisiert werden, was ein Sicherheitsrisiko darstellen und schwer zu verwalten sein kann. Jetzt steht den Spielern die Android-Version f\u00fcr maximale Effizienz in unserer Magneticslots App (PWA) zur Verf\u00fcgung, sodass sie immer mit der neuesten Version unseres mobilen Casinos arbeiten, die ohne manuelle Aktualisierung am sichersten ist.<\/p>\n<h3>PWA<\/h3>\n<p>Lassen Sie uns Ihnen das genauer erkl\u00e4ren. Die Android-Version der Magneticslots PWA ist ein mobiles Spiel, das wirklich portabel ist. Unsere Spieler m\u00fcssen lediglich auf unserer Hauptseite nach unten scrollen, auf die Schaltfl\u00e4che \u201eCasino-App\u201d tippen und die einfachen Anweisungen zur Installation befolgen. Diese App kann auf dem Startbildschirm installiert werden, und ihr Symbol wird automatisch im Men\u00fc angezeigt, sodass Sie einfachen Zugriff auf die gesamte Spielebibliothek und die Optionen zur Kontoverwaltung haben. Unsere ausgefallene Magneticslots App ist mit allen Arten von Ger\u00e4ten wie Smartphones und Tablets kompatibel und verf\u00fcgt \u00fcber eine touchfreundliche Oberfl\u00e4che, die an jede Bildschirmgr\u00f6\u00dfe angepasst werden kann. Diese Konfiguration gew\u00e4hrleistet ein reaktionsschnelles Erlebnis, das einfach zu bedienen ist und mit nativen Anwendungen konkurrieren kann.<\/p>\n<p><img loading=\"lazy\" decoding=\"async\" src=\"https:\/\/magnetic-slots.org\/wp-content\/uploads\/2025\/12\/MagneticSlots-Android.webp\" alt=\"MagneticSlots Android App\" width=\"1248\" height=\"536\" \/><\/p>\n<\/div><\/div><div style=\"clear: both\"><\/div><div class=\"d-flex justify-content-center\"><button data-item=\"decouvrez_link\" data-group=\"website_links\" class=\"goto fw-bold rounded-pill btn btn-orange\" aria-label=\"Laden Sie die MagneticSlots-App herunter\" >Laden Sie die MagneticSlots-App herunter<\/button><\/div><div class=\"scrollable-content-wrap my-5\"><div class=\"scrollable-content-inner\"><h2>Magneticslots Casino Mobile App f\u00fcr iOS<\/h2>\n<p>Das gleiche Spielerlebnis steht auch unseren gesch\u00e4tzten iOS-Nutzern zur Verf\u00fcgung. Unsere webbasierte PWA ist vollst\u00e4ndig f\u00fcr Safari optimiert. Sie m\u00fcssen lediglich die Hauptseite unseres Casinos aufrufen, auf die Schaltfl\u00e4che \u201eInstallieren\u201d klicken und die App auf dem Startbildschirm ablegen. Dieser Ansatz bietet eine sichere und schlanke Umgebung, die den Richtlinien von Apple entspricht.<\/p>\n<p>Die iOS-Version ist ebenfalls benutzerfreundlich und verf\u00fcgt \u00fcber gr\u00f6\u00dfere Schaltfl\u00e4chen und Wischgesten, die die Navigation erleichtern. Durch Push-Benachrichtigungen werden die Spieler \u00fcber Boni, neue Spiele und exklusive Angebote auf dem Laufenden gehalten und sind somit immer \u00fcber die neuesten Angebote von Magneticslots Casino informiert.<\/p>\n<p>Die Vorteile der Magnetic Slots PWA sind:<\/p>\n<ul>\n<li>Absolute Sicherheit, da keine zus\u00e4tzlichen Dateien heruntergeladen werden<\/li>\n<li>Sie m\u00fcssen nicht nach einer APK in den Stores suchen.<\/li>\n<li>Keine Einschr\u00e4nkungen durch Google Play oder App Stores<\/li>\n<li>Kein Einfluss auf den Akku des Ger\u00e4ts<\/li>\n<\/ul>\n<p><img loading=\"lazy\" decoding=\"async\" src=\"https:\/\/magnetic-slots.org\/wp-content\/uploads\/2025\/12\/MagneticSlots-iOS.webp\" alt=\"MagneticSlots iOS App\" width=\"1248\" height=\"536\" \/><\/p>\n<\/div><\/div><div style=\"clear: both\"><\/div><div class=\"d-flex justify-content-center\"><button data-item=\"decouvrez_link\" data-group=\"website_links\" class=\"goto fw-bold rounded-pill btn btn-orange\" aria-label=\"MagenticSlots herunterladen\" >MagenticSlots herunterladen<\/button><\/div><div class=\"scrollable-content-wrap my-5\"><div class=\"scrollable-content-inner\"><h2>Windows &amp; macOS App Downloads<\/h2>\n<p>Unsere lieben Magnetic Slots Spieler, die ein Desktop-Erlebnis w\u00fcnschen, k\u00f6nnen diese nutzen, da wir eine spezielle Software anbieten, die mit Windows und macOS kompatibel ist. Dies ist unsere Desktop-Version, die \u00fcber eine gute, hochwertige Benutzeroberfl\u00e4che mit besserer Grafik und Soundeffekten verf\u00fcgt. Wir haben sie so optimiert, dass sie schnell und zuverl\u00e4ssig ist und alle Funktionen wie Kundensupport und Verifizierungsverfahren bietet.<\/p>\n<p>Die Software von Magneticslots Casino kann von Spielern mit unterst\u00fctzten Browsern wie Google Chrome, Mozilla Firefox, Safari oder Microsoft Edge genutzt werden. Dies ist insofern flexibel, als man auf verschiedenen Plattformen, sei es auf einem Desktop-PC oder einem Laptop, ein \u00e4hnliches Spielerlebnis haben kann.<\/p>\n<table>\n<tbody>\n<tr>\n<td>Vorteile<\/td>\n<td>Nachteile<\/td>\n<\/tr>\n<tr>\n<td>Es kann direkt \u00fcber den Browser ohne Installation gestartet werden und bietet schnellen Zugriff auf die Spielebibliothek.<\/td>\n<td>F\u00fcr das Spiel ist eine Internetverbindung erforderlich; es kann nicht vollst\u00e4ndig offline betrieben werden.<\/td>\n<\/tr>\n<tr>\n<td>In weniger als drei Minuten installieren, indem Sie auf eine Schaltfl\u00e4che auf der Website tippen; Sie m\u00fcssen keine gro\u00dfen Dateien herunterladen oder App-Stores besuchen.<\/td>\n<td>Die Leistung und Stabilit\u00e4t h\u00e4ngen von den F\u00e4higkeiten des Browsers ab; einige Browser unterst\u00fctzen m\u00f6glicherweise nicht alle PWA-Funktionen vollst\u00e4ndig.<\/td>\n<\/tr>\n<tr>\n<td>Es wird immer die neueste Version ohne manuelle Updates ausgef\u00fchrt, wodurch Sicherheit und Zugriff auf neue Funktionen gew\u00e4hrleistet sind.<\/td>\n<td>Push-Benachrichtigungen werden zwar unterst\u00fctzt, jedoch k\u00f6nnen bei einigen Browsern oder Ger\u00e4ten Einschr\u00e4nkungen hinsichtlich der Zustellung oder Anpassung bestehen.<\/td>\n<\/tr>\n<tr>\n<td>Funktioniert nahtlos auf verschiedenen Ger\u00e4ten und Betriebssystemen, einschlie\u00dflich Android und iOS \u00fcber Safari.<\/td>\n<td>Die Leistung kann je nach Browserleistung und Ger\u00e4tespezifikationen variieren und m\u00f6glicherweise weniger fl\u00fcssig sein als bei nativen Apps.<\/td>\n<\/tr>\n<tr>\n<td>Nimmt im Vergleich zu nativen Apps keinen nennenswerten Speicherplatz auf Ger\u00e4ten ein und schont so Speicherressourcen.<\/td>\n<td><\/td>\n<\/tr>\n<tr>\n<td>Vorteile durch Browser-Sicherheitsprotokolle und Updates, die Schwachstellen reduzieren.<\/td>\n<td><\/td>\n<\/tr>\n<\/tbody>\n<\/table>\n<p><img loading=\"lazy\" decoding=\"async\" src=\"https:\/\/magnetic-slots.org\/wp-content\/uploads\/2025\/12\/MagneticSlots-Desktop.webp\" alt=\"MagneticSlots Desktop\" width=\"1248\" height=\"536\" \/><\/p>\n<\/div><\/div><div style=\"clear: both\"><\/div><div class=\"d-flex justify-content-center\"><button data-item=\"decouvrez_link\" data-group=\"website_links\" class=\"goto fw-bold rounded-pill btn btn-orange\" aria-label=\"Laden Sie die MagneticSlots-App herunter\" >Laden Sie die MagneticSlots-App herunter<\/button><\/div><div class=\"scrollable-content-wrap my-5\"><div class=\"scrollable-content-inner\"><h2>H\u00e4ufig gestellte Fragen<\/h2>\n<h3>Bietet die Magnetic Slots Casino App Kundensupport?<\/h3>\n<p>Das Magneticslots Casino bietet einen \u00e4u\u00dferst detaillierten Kundensupport \u00fcber einen Live Chat, der nicht nur in der App, sondern auch auf der offiziellen Website verf\u00fcgbar ist. Unser Support Team ist rund um die Uhr erreichbar und k\u00fcmmert sich um alle technischen Probleme, Fragen zur Verifizierung und andere Anfragen, um ein reibungsloses Spielerlebnis zu gew\u00e4hrleisten!<\/p>\n<h3>Ist die Erstellung eines Kontos erforderlich, um die Magnetic Slots App zu nutzen?<\/h3>\n<p>Wenn Sie bei Magnetic Slots spielen und Ihre Transaktionen und Ihren Spielverlauf einsehen, interagieren und Spa\u00df haben m\u00f6chten, ben\u00f6tigen Sie ein Konto. Wir bieten jedoch auch eine Demoversion an. Um Zugang zu allen Funktionen wie Einzahlungen, Auszahlungen und Spielen zu erhalten, m\u00fcssen alle Benutzer den Registrierungs- und Verifizierungsprozess durchlaufen. Die Registrierung ist schnell und sicher und dient dazu, die Informationen \u00fcber die Spieler zu sch\u00fctzen und einen bequemen Zugang zu allen Dienstleistungen des Casinos zu erm\u00f6glichen.<\/p>\n<h3>Sind alle Spiele in der Magneticslots App verf\u00fcgbar?<\/h3>\n<p>Die gro\u00dfe Auswahl an Online Slots und Casinospielen, die im Magneticslots Casino verf\u00fcgbar sind, kann \u00fcber die App gespielt werden. Einige Spiele oder Funktionen sind m\u00f6glicherweise nur in der Desktop-Version oder \u00fcber die Weboberfl\u00e4che verf\u00fcgbar, aber die mobile Anwendung von Magnetic Slots bietet den meisten Spielern eine vollst\u00e4ndige Spielbibliothek.<\/p>\n<h3>Wie kann ich die Magneticslots Casino App aktualisieren?<\/h3>\n<p>Sie m\u00fcssen sich keine Gedanken \u00fcber Updates machen. Die Magneticslots App wird automatisch \u00fcber das PWA-Framework aktualisiert, wodurch manuelle Updates entfallen. Wenn Sie \u00fcber den Browser oder das installierte Symbol auf die App zugreifen, erhalten Sie immer die neueste Version mit neuen Funktionen und Sicherheitsverbesserungen. Bei Desktop-Software erfolgen Updates automatisch und werden von Magneticslots Casino durchgef\u00fchrt.<\/p>\n<\/div><\/div><\/p>\n","protected":false},"excerpt":{"rendered":"<p>Magneticslots App: Mobile Casino-Spiele Die Magneticslots App revolutioniert das digitale Gl\u00fccksspiel. Die von uns angebotenen Online Slots und Tischspiele ziehen Spieler aus aller Welt an. Sie k\u00f6nnen auf das einfachste und sicherste mobile Spielerlebnis zugreifen. Magneticslots Casino wurde unter Verwendung der neuesten Technologie entwickelt. Alle Kunden k\u00f6nnen ihre Lieblingsspiele jederzeit und \u00fcberall spielen und genie\u00dfen [&hellip;]<\/p>\n","protected":false},"author":1,"featured_media":0,"parent":0,"menu_order":0,"comment_status":"closed","ping_status":"closed","template":"template-builder.php","meta":{"_acf_changed":false,"inline_featured_image":false,"footnotes":""},"class_list":["post-1432","page","type-page","status-publish","hentry"],"acf":[],"yoast_head":"<!-- This site is optimized with the Yoast SEO plugin v27.3 - https:\/\/yoast.com\/product\/yoast-seo-wordpress\/ -->\n<title>Magneticslots Mobile Casino | Android- und iOS-App<\/title>\n<meta name=\"description\" content=\"Die Magneticslots-App gew\u00e4hrleistet einwandfreies Gaming auf Android-, iOS-, Windows- und macOS-Plattformen, komplett mit Kontosynchronisierung, regelm\u00e4\u00dfigen Updates und integrierter Kundenbetreuung f\u00fcr eine einfache Nutzung.\" \/>\n<meta name=\"robots\" content=\"index, follow, max-snippet:-1, max-image-preview:large, max-video-preview:-1\" \/>\n<link rel=\"canonical\" href=\"https:\/\/magnetic-slots.org\/de\/app\/\" \/>\n<meta property=\"og:locale\" content=\"de_DE\" \/>\n<meta property=\"og:type\" content=\"article\" \/>\n<meta property=\"og:title\" content=\"Magneticslots Mobile Casino | Android- und iOS-App\" \/>\n<meta property=\"og:description\" content=\"Die Magneticslots-App gew\u00e4hrleistet einwandfreies Gaming auf Android-, iOS-, Windows- und macOS-Plattformen, komplett mit Kontosynchronisierung, regelm\u00e4\u00dfigen Updates und integrierter Kundenbetreuung f\u00fcr eine einfache Nutzung.\" \/>\n<meta property=\"og:url\" content=\"https:\/\/magnetic-slots.org\/de\/app\/\" \/>\n<meta property=\"og:site_name\" content=\"magnetic-slots\" \/>\n<meta property=\"article:modified_time\" content=\"2025-12-15T10:15:28+00:00\" \/>\n<meta name=\"twitter:card\" content=\"summary_large_image\" \/>\n<meta name=\"twitter:label1\" content=\"Gesch\u00e4tzte Lesezeit\" \/>\n\t<meta name=\"twitter:data1\" content=\"1\u00a0Minute\" \/>\n<script type=\"application\/ld+json\" class=\"yoast-schema-graph\">{\"@context\":\"https:\\\/\\\/schema.org\",\"@graph\":[{\"@type\":\"WebPage\",\"@id\":\"https:\\\/\\\/magnetic-slots.org\\\/de\\\/app\\\/\",\"url\":\"https:\\\/\\\/magnetic-slots.org\\\/de\\\/app\\\/\",\"name\":\"Magneticslots Mobile Casino | Android- und iOS-App\",\"isPartOf\":{\"@id\":\"https:\\\/\\\/magnetic-slots.org\\\/de\\\/#website\"},\"datePublished\":\"2025-12-15T07:39:08+00:00\",\"dateModified\":\"2025-12-15T10:15:28+00:00\",\"description\":\"Die Magneticslots-App gew\u00e4hrleistet einwandfreies Gaming auf Android-, iOS-, Windows- und macOS-Plattformen, komplett mit Kontosynchronisierung, regelm\u00e4\u00dfigen Updates und integrierter Kundenbetreuung f\u00fcr eine einfache Nutzung.\",\"breadcrumb\":{\"@id\":\"https:\\\/\\\/magnetic-slots.org\\\/de\\\/app\\\/#breadcrumb\"},\"inLanguage\":\"de\",\"potentialAction\":[{\"@type\":\"ReadAction\",\"target\":[\"https:\\\/\\\/magnetic-slots.org\\\/de\\\/app\\\/\"]}]},{\"@type\":\"BreadcrumbList\",\"@id\":\"https:\\\/\\\/magnetic-slots.org\\\/de\\\/app\\\/#breadcrumb\",\"itemListElement\":[{\"@type\":\"ListItem\",\"position\":1,\"name\":\"Magneticslots\",\"item\":\"https:\\\/\\\/magnetic-slots.org\\\/de\\\/\"},{\"@type\":\"ListItem\",\"position\":2,\"name\":\"App\"}]},{\"@type\":\"WebSite\",\"@id\":\"https:\\\/\\\/magnetic-slots.org\\\/de\\\/#website\",\"url\":\"https:\\\/\\\/magnetic-slots.org\\\/de\\\/\",\"name\":\"Magneticslots\",\"description\":\"\",\"publisher\":{\"@id\":\"https:\\\/\\\/magnetic-slots.org\\\/de\\\/#organization\"},\"potentialAction\":[{\"@type\":\"SearchAction\",\"target\":{\"@type\":\"EntryPoint\",\"urlTemplate\":\"https:\\\/\\\/magnetic-slots.org\\\/de\\\/?s={search_term_string}\"},\"query-input\":{\"@type\":\"PropertyValueSpecification\",\"valueRequired\":true,\"valueName\":\"search_term_string\"}}],\"inLanguage\":\"de\"},{\"@type\":\"Organization\",\"@id\":\"https:\\\/\\\/magnetic-slots.org\\\/de\\\/#organization\",\"name\":\"Magneticslots\",\"url\":\"https:\\\/\\\/magnetic-slots.org\\\/de\\\/\",\"logo\":{\"@type\":\"ImageObject\",\"inLanguage\":\"de\",\"@id\":\"https:\\\/\\\/magnetic-slots.org\\\/de\\\/#\\\/schema\\\/logo\\\/image\\\/\",\"url\":\"https:\\\/\\\/magnetic-slots.org\\\/wp-content\\\/uploads\\\/2025\\\/12\\\/logo.svg\",\"contentUrl\":\"https:\\\/\\\/magnetic-slots.org\\\/wp-content\\\/uploads\\\/2025\\\/12\\\/logo.svg\",\"width\":160,\"height\":27,\"caption\":\"Magneticslots\"},\"image\":{\"@id\":\"https:\\\/\\\/magnetic-slots.org\\\/de\\\/#\\\/schema\\\/logo\\\/image\\\/\"}}]}<\/script>\n<!-- \/ Yoast SEO plugin. -->","yoast_head_json":{"title":"Magneticslots Mobile Casino | Android- und iOS-App","description":"Die Magneticslots-App gew\u00e4hrleistet einwandfreies Gaming auf Android-, iOS-, Windows- und macOS-Plattformen, komplett mit Kontosynchronisierung, regelm\u00e4\u00dfigen Updates und integrierter Kundenbetreuung f\u00fcr eine einfache Nutzung.","robots":{"index":"index","follow":"follow","max-snippet":"max-snippet:-1","max-image-preview":"max-image-preview:large","max-video-preview":"max-video-preview:-1"},"canonical":"https:\/\/magnetic-slots.org\/de\/app\/","og_locale":"de_DE","og_type":"article","og_title":"Magneticslots Mobile Casino | Android- und iOS-App","og_description":"Die Magneticslots-App gew\u00e4hrleistet einwandfreies Gaming auf Android-, iOS-, Windows- und macOS-Plattformen, komplett mit Kontosynchronisierung, regelm\u00e4\u00dfigen Updates und integrierter Kundenbetreuung f\u00fcr eine einfache Nutzung.","og_url":"https:\/\/magnetic-slots.org\/de\/app\/","og_site_name":"magnetic-slots","article_modified_time":"2025-12-15T10:15:28+00:00","twitter_card":"summary_large_image","twitter_misc":{"Gesch\u00e4tzte Lesezeit":"1\u00a0Minute"},"schema":{"@context":"https:\/\/schema.org","@graph":[{"@type":"WebPage","@id":"https:\/\/magnetic-slots.org\/de\/app\/","url":"https:\/\/magnetic-slots.org\/de\/app\/","name":"Magneticslots Mobile Casino | Android- und iOS-App","isPartOf":{"@id":"https:\/\/magnetic-slots.org\/de\/#website"},"datePublished":"2025-12-15T07:39:08+00:00","dateModified":"2025-12-15T10:15:28+00:00","description":"Die Magneticslots-App gew\u00e4hrleistet einwandfreies Gaming auf Android-, iOS-, Windows- und macOS-Plattformen, komplett mit Kontosynchronisierung, regelm\u00e4\u00dfigen Updates und integrierter Kundenbetreuung f\u00fcr eine einfache Nutzung.","breadcrumb":{"@id":"https:\/\/magnetic-slots.org\/de\/app\/#breadcrumb"},"inLanguage":"de","potentialAction":[{"@type":"ReadAction","target":["https:\/\/magnetic-slots.org\/de\/app\/"]}]},{"@type":"BreadcrumbList","@id":"https:\/\/magnetic-slots.org\/de\/app\/#breadcrumb","itemListElement":[{"@type":"ListItem","position":1,"name":"Magneticslots","item":"https:\/\/magnetic-slots.org\/de\/"},{"@type":"ListItem","position":2,"name":"App"}]},{"@type":"WebSite","@id":"https:\/\/magnetic-slots.org\/de\/#website","url":"https:\/\/magnetic-slots.org\/de\/","name":"Magneticslots","description":"","publisher":{"@id":"https:\/\/magnetic-slots.org\/de\/#organization"},"potentialAction":[{"@type":"SearchAction","target":{"@type":"EntryPoint","urlTemplate":"https:\/\/magnetic-slots.org\/de\/?s={search_term_string}"},"query-input":{"@type":"PropertyValueSpecification","valueRequired":true,"valueName":"search_term_string"}}],"inLanguage":"de"},{"@type":"Organization","@id":"https:\/\/magnetic-slots.org\/de\/#organization","name":"Magneticslots","url":"https:\/\/magnetic-slots.org\/de\/","logo":{"@type":"ImageObject","inLanguage":"de","@id":"https:\/\/magnetic-slots.org\/de\/#\/schema\/logo\/image\/","url":"https:\/\/magnetic-slots.org\/wp-content\/uploads\/2025\/12\/logo.svg","contentUrl":"https:\/\/magnetic-slots.org\/wp-content\/uploads\/2025\/12\/logo.svg","width":160,"height":27,"caption":"Magneticslots"},"image":{"@id":"https:\/\/magnetic-slots.org\/de\/#\/schema\/logo\/image\/"}}]}},"_links":{"self":[{"href":"https:\/\/magnetic-slots.org\/de\/wp-json\/wp\/v2\/pages\/1432","targetHints":{"allow":["GET"]}}],"collection":[{"href":"https:\/\/magnetic-slots.org\/de\/wp-json\/wp\/v2\/pages"}],"about":[{"href":"https:\/\/magnetic-slots.org\/de\/wp-json\/wp\/v2\/types\/page"}],"author":[{"embeddable":true,"href":"https:\/\/magnetic-slots.org\/de\/wp-json\/wp\/v2\/users\/1"}],"replies":[{"embeddable":true,"href":"https:\/\/magnetic-slots.org\/de\/wp-json\/wp\/v2\/comments?post=1432"}],"version-history":[{"count":2,"href":"https:\/\/magnetic-slots.org\/de\/wp-json\/wp\/v2\/pages\/1432\/revisions"}],"predecessor-version":[{"id":1620,"href":"https:\/\/magnetic-slots.org\/de\/wp-json\/wp\/v2\/pages\/1432\/revisions\/1620"}],"wp:attachment":[{"href":"https:\/\/magnetic-slots.org\/de\/wp-json\/wp\/v2\/media?parent=1432"}],"curies":[{"name":"wp","href":"https:\/\/api.w.org\/{rel}","templated":true}]}}